{"id":158160,"date":"2025-03-27T00:00:00","date_gmt":"2025-03-26T23:00:00","guid":{"rendered":"https:\/\/melvx.my-eliquid.de\/?post_type=product&#038;p=158160"},"modified":"2026-03-27T13:42:47","modified_gmt":"2026-03-27T12:42:47","slug":"vape-tweezer-zange-keramikpinzette-disabled","status":"publish","type":"product","link":"https:\/\/my-eliquid.de\/fr\/shop\/vape-tweezer-zange-keramikpinzette-disabled\/","title":{"rendered":"Vape Tweezer | Pince | Pincette en c\u00e9ramique"},"content":{"rendered":"<p><strong>Vape Tweezer &#038; Zange und Keramikpinzette<\/strong> Dieses Tool eignet sich hervorragend um <strong>\u00e9vaporateur<\/strong> \u00e0 <strong>\u00f6ffnen<\/strong> oder von <strong>Akkutr\u00e4gern<\/strong> \u00e0 <strong>l\u00f6sen<\/strong> <strong>ohne Spuren<\/strong> an diesen zu hinterlassen. Ebenfalls kann man mit diesem <strong>Werkzeug Wicklungen einbauen<\/strong> sowie<strong> bearbeiten<\/strong> et <strong>Watte verlegen<\/strong>.<\/p>\n<p>Dieses Angebot richtet sich ausschlie\u00dflich an vollj\u00e4hrige Personen. Die Abgabe an Kinder und Jugendliche ist gesetzlich verboten. Ein Kaufvertrag kommt nur nach erfolgreicher Alterspr\u00fcfung zustande. Bei der Zustellung erfolgt zus\u00e4tzlich eine Alterskontrolle.<\/p>","protected":false},"excerpt":{"rendered":"<p>Le Vape Tweezer avec r\u00e9servoir et pincette en c\u00e9ramique est con\u00e7u pour ouvrir les \u00e9vaporateurs ou d\u00e9monter les supports d'accus. Il permet \u00e9galement de travailler\/traiter les bobinages.<\/p>","protected":false},"featured_media":319842,"comment_status":"open","ping_status":"closed","template":"","meta":{"_acf_changed":false,"_relevanssi_hide_post":"","_relevanssi_hide_content":"","_relevanssi_pin_for_all":"","_relevanssi_pin_keywords":"","_relevanssi_unpin_keywords":"","_relevanssi_related_keywords":"","_relevanssi_related_include_ids":"","_relevanssi_related_exclude_ids":"","_relevanssi_related_no_append":"","_relevanssi_related_not_related":"","_relevanssi_related_posts":"","_relevanssi_noindex_reason":""},"product_brand":[],"product_cat":[4856,4719,4777,4699],"product_tag":[1391,7410,5251,7408,6682,7412,7411,7409,4982],"class_list":{"0":"post-158160","1":"product","2":"type-product","3":"status-publish","4":"has-post-thumbnail","6":"product_cat-lager-verkauf","7":"product_cat-selbstwickler-dampfer","8":"product_cat-wickelhilfen-werkzeug","9":"product_cat-ezigaretten-zubehoer","10":"product_tag-bitte","11":"product_tag-keramikpinzette","12":"product_tag-selbstwickler","13":"product_tag-tweezer","14":"product_tag-vape","15":"product_tag-werkzeug","16":"product_tag-wickelhilfen","17":"product_tag-zange","18":"product_tag-zubehoer","19":"product_shipping_class-standard","20":"pa_ageverification-ja","21":"pa_color-gelb","22":"pa_color-schwarz","23":"pa_faq-product_hardware_faq","24":"pa_filling_quantity-10ml","25":"pa_generate_meta-nein","26":"pa_insi-product_hardware_insi","27":"pa_is_product_configurable-ja","28":"pa_mixture_ratio-pg50_vg50","29":"pa_nicotin-n_a","30":"pa_product_suggestion-nein","31":"pa_product_type-8_zubehor","32":"pa_product_weight-4217","34":"first","35":"instock","36":"taxable","37":"shipping-taxable","38":"purchasable","39":"product-type-variable"},"acf":[],"_links":{"self":[{"href":"https:\/\/my-eliquid.de\/fr\/wp-json\/wp\/v2\/product\/158160","targetHints":{"allow":["GET"]}}],"collection":[{"href":"https:\/\/my-eliquid.de\/fr\/wp-json\/wp\/v2\/product"}],"about":[{"href":"https:\/\/my-eliquid.de\/fr\/wp-json\/wp\/v2\/types\/product"}],"replies":[{"embeddable":true,"href":"https:\/\/my-eliquid.de\/fr\/wp-json\/wp\/v2\/comments?post=158160"}],"wp:featuredmedia":[{"embeddable":true,"href":"https:\/\/my-eliquid.de\/fr\/wp-json\/wp\/v2\/media\/319842"}],"wp:attachment":[{"href":"https:\/\/my-eliquid.de\/fr\/wp-json\/wp\/v2\/media?parent=158160"}],"wp:term":[{"taxonomy":"product_brand","embeddable":true,"href":"https:\/\/my-eliquid.de\/fr\/wp-json\/wp\/v2\/product_brand?post=158160"},{"taxonomy":"product_cat","embeddable":true,"href":"https:\/\/my-eliquid.de\/fr\/wp-json\/wp\/v2\/product_cat?post=158160"},{"taxonomy":"product_tag","embeddable":true,"href":"https:\/\/my-eliquid.de\/fr\/wp-json\/wp\/v2\/product_tag?post=158160"}],"curies":[{"name":"wp","href":"https:\/\/api.w.org\/{rel}","templated":true}]}}