{"id":158858,"date":"2020-09-17T00:00:00","date_gmt":"2020-09-16T22:00:00","guid":{"rendered":"https:\/\/melvx.my-eliquid.de\/shop\/my-eliquid-sortiment\/diy-liquid-basen\/liquid-basis-fertigmischung\/nikotin-salz-shot-20mg\/"},"modified":"2025-11-25T13:51:52","modified_gmt":"2025-11-25T12:51:52","slug":"nikotin-salz-shot-20mg","status":"publish","type":"product","link":"https:\/\/my-eliquid.de\/fr\/shop\/nikotin-salz-shot-20mg\/","title":{"rendered":"Shot de sel de nicotine | 20 mg"},"content":{"rendered":"<p>Liquid Nikotin Salz Shot avec 20mg de nicotine !\u00a0<\/p>\n<p>Seule la manipulation par des personnes exp\u00e9riment\u00e9es et exerc\u00e9es est recommand\u00e9e.<\/p>\n<p><strong>Les articles \u00e0 partir de 18 mg sont propos\u00e9s pour des m\u00e9langes ou pour les diluer, pas pour une consommation imm\u00e9diate.<\/strong><\/p>\n<p><span>Attention ! !! Conserver hors de port\u00e9e des enfants ! !!<\/span><\/p>\n<p>Informations juridiques sur l'utilisation<br \/>\nCes articles sont l\u00e9galement des produits chimiques. Ces produits chimiques sont utilis\u00e9s pour la fabrication de <strong>Recharges liquides ou e-liquides<\/strong> sont utilis\u00e9s dans ce but. C'est uniquement pour cet usage que ces produits chimiques sont propos\u00e9s et vendus \u00e0 des acheteurs avertis. L'utilisation appropri\u00e9e rel\u00e8ve de la responsabilit\u00e9 de l'acheteur.<\/p>\n<p>Ces produits chimiques ne sont pas des m\u00e9dicaments ou des aliments et ne sont pas encore destin\u00e9s \u00e0 \u00eatre ing\u00e9r\u00e9s par un consommateur final sous la forme que nous proposons. Nous ne donnons pas non plus de conseils de pr\u00e9paration ou de <strong>Instructions de dosage<\/strong>. L'utilisation et la prise se font \u00e0 vos propres risques.<\/p>\n<p>my-eLiquid n'est pas responsable des dommages \u00e0 la sant\u00e9, par exemple dus \u00e0 une mauvaise utilisation.<\/p>\n<p>Ces articles ne peuvent \u00eatre command\u00e9s que si l'acheteur dispose de la <strong>Exp\u00e9rience<\/strong> de la manipulation de ces produits chimiques et mati\u00e8res premi\u00e8res.<\/p>\n<p><span><strong>L\u00e9gende :<br \/><\/strong><\/span><br \/>\nPG :\u00a0<span><strong>1,2-propyl\u00e8ne glycol<\/strong> (PG) E1520 (Ph. Eur.) pur<\/span><br \/>\nVG :\u00a0<span><strong>glyc\u00e9rine purement v\u00e9g\u00e9tale<\/strong> (VG) E422 (DAB), N\u00b0 CAS D\u00e9signation 56-81-5 <strong>Glyc\u00e9rine<\/strong> 99,5%<br \/><\/span><\/p>\n<p>Au choix :<\/p>\n<p>de l'eau : \u00a0<strong>Aqua Purificata<\/strong> Ph.Eur. \/ Bidest<\/p>\n<p><strong>\u00a0<\/strong><\/p>","protected":false},"excerpt":{"rendered":"<p>Essayer quelque chose de nouveau plus souvent ! Choisissez un shot de sel de nicotine pour augmenter le comportement du flash. Choisissez les proportions souhait\u00e9es pour m\u00e9langer vos propres e-liquides. Un shot de sel de nicotine contient 10 ml de base pure avec nicotine SANS AROME.<\/p>","protected":false},"featured_media":319665,"comment_status":"open","ping_status":"closed","template":"","meta":{"_acf_changed":false,"_relevanssi_hide_post":"","_relevanssi_hide_content":"","_relevanssi_pin_for_all":"","_relevanssi_pin_keywords":"","_relevanssi_unpin_keywords":"","_relevanssi_related_keywords":"","_relevanssi_related_include_ids":"","_relevanssi_related_exclude_ids":"","_relevanssi_related_no_append":"","_relevanssi_related_not_related":"","_relevanssi_related_posts":"","_relevanssi_noindex_reason":""},"product_brand":[4564],"product_cat":[4695,4700,4735],"product_tag":[6716,5124,6717,5411,6712,5805,5792,5811,6546,6350,5812,5813],"class_list":{"0":"post-158858","1":"product","2":"type-product","3":"status-publish","4":"has-post-thumbnail","6":"product_brand-my-eliquid","7":"product_cat-diy-liquid-basen","8":"product_cat-liquid-basis-fertigmischung","9":"product_cat-nikotin-shots","10":"product_tag-alle","11":"product_tag-basen","12":"product_tag-diy","13":"product_tag-e-zigaretten","14":"product_tag-fuer","15":"product_tag-liquid","16":"product_tag-liquids","17":"product_tag-nikotin","18":"product_tag-salz","19":"product_tag-salzshot","20":"product_tag-shot","21":"product_tag-shots","22":"product_shipping_class-standard","23":"pa_ageverification-ja","24":"pa_country_of_manufacture-de","25":"pa_filling_quantity-10ml","26":"pa_flasche-8b-10mltropferflaschemitfeine","27":"pa_generate_meta-nein","28":"pa_ghs_gefahrenbezeichnung-giftig","29":"pa_ghs_hsatz-ba-h302gesundheitsschadlichbe","30":"pa_ghs_hsatz-26-h318verursachtschwereaugen","31":"pa_ghs_signalwort-gefahr","32":"pa_info1-14-product_basen_kurzbeschrei","33":"pa_info2-68-product_base_beschreibung_","34":"pa_is_product_configurable-ja","35":"pa_manufacturer-my_eliquid","36":"pa_mindesthaltbarkeit-24monate","37":"pa_mixture_ratio-pg30_vg70pinoy","38":"pa_mixture_ratio-pg50_vg50","39":"pa_nicotin-20mg","40":"pa_product_suggestion-nein","41":"pa_product_type-1_nikotin_shots_eigenprodukt","42":"pa_product_weight-4217","43":"pa_special_products-neu","45":"first","46":"outofstock","47":"taxable","48":"shipping-taxable","49":"purchasable","50":"product-type-variable"},"acf":[],"_links":{"self":[{"href":"https:\/\/my-eliquid.de\/fr\/wp-json\/wp\/v2\/product\/158858","targetHints":{"allow":["GET"]}}],"collection":[{"href":"https:\/\/my-eliquid.de\/fr\/wp-json\/wp\/v2\/product"}],"about":[{"href":"https:\/\/my-eliquid.de\/fr\/wp-json\/wp\/v2\/types\/product"}],"replies":[{"embeddable":true,"href":"https:\/\/my-eliquid.de\/fr\/wp-json\/wp\/v2\/comments?post=158858"}],"wp:featuredmedia":[{"embeddable":true,"href":"https:\/\/my-eliquid.de\/fr\/wp-json\/wp\/v2\/media\/319665"}],"wp:attachment":[{"href":"https:\/\/my-eliquid.de\/fr\/wp-json\/wp\/v2\/media?parent=158858"}],"wp:term":[{"taxonomy":"product_brand","embeddable":true,"href":"https:\/\/my-eliquid.de\/fr\/wp-json\/wp\/v2\/product_brand?post=158858"},{"taxonomy":"product_cat","embeddable":true,"href":"https:\/\/my-eliquid.de\/fr\/wp-json\/wp\/v2\/product_cat?post=158858"},{"taxonomy":"product_tag","embeddable":true,"href":"https:\/\/my-eliquid.de\/fr\/wp-json\/wp\/v2\/product_tag?post=158858"}],"curies":[{"name":"wp","href":"https:\/\/api.w.org\/{rel}","templated":true}]}}