{"id":159539,"date":"2023-07-05T00:00:00","date_gmt":"2023-07-04T22:00:00","guid":{"rendered":"https:\/\/melvx.my-eliquid.de\/shop\/my-eliquid-sortiment\/liquids\/frucht-liquids-e-zigarette\/coconut-melon-nicsalz-liquid\/"},"modified":"2026-01-23T08:51:10","modified_gmt":"2026-01-23T07:51:10","slug":"coconut-melon-nicsalz-liquid","status":"publish","type":"product","link":"https:\/\/my-eliquid.de\/fr\/shop\/coconut-melon-nicsalz-liquid\/","title":{"rendered":"Liquide au sel de nicotine Coconut Melon"},"content":{"rendered":"<p>Aromatique <strong>go\u00fbt doux de noix de coco<\/strong> pour les <strong>e-cigarette<\/strong> est bien s\u00fbr atteint par un tir <strong>melon glac\u00e9\u00a0<\/strong>vers le site <strong>agr\u00e9able<\/strong> rafra\u00eechissant <strong>Liquide Coconut Melon<\/strong>.<\/p>\n<p>La base liquide choisie est fra\u00eechement m\u00e9lang\u00e9e \u00e0 de l'eau, juste avant le remplissage.\u00a0 <strong>Go\u00fbt de noix de coco et ar\u00f4me de melon<\/strong> aromatis\u00e9s et <strong>bient\u00f4t<\/strong> si possible <strong>envoie<\/strong>.<br \/> Nous garantissons ainsi un effet prolong\u00e9 des <strong>fra\u00eecheur douce<\/strong> et du <strong>tr\u00e8s bien tol\u00e9r\u00e9 de coco<\/strong><strong>Go\u00fbt<\/strong> lors de l'\u00e9vaporation de nos produits de haute qualit\u00e9 <strong>Liquide de recharge<\/strong>, \u00e9galement appel\u00e9s liquides, dans votre <strong>Cigarette \u00e9lectronique<\/strong> ou votre <strong>EDampfer<\/strong>.<\/p>\n<p><strong>Contenu de l'ar\u00f4me e-Liquid - \u201cCoco-Melon<\/strong>\u00a0\u00a0 \u00a0Propyl\u00e8ne glycol (<strong>PG<\/strong>) E1520 (Ph. Eur.), <strong>glyc\u00e9rine purement v\u00e9g\u00e9tale<\/strong> (VG) E422 (<strong>DAB<\/strong>), ar\u00f4mes, sur demande commande <strong>avec nicotine<\/strong> dans diff\u00e9rents <strong>Points forts<\/strong>.<\/p>\n<p>Le <strong>\u00e9tonnamment aromatiques\u00a0<\/strong>Liquide \u00e0 la noix de coco et au melon avec un ar\u00f4me rafra\u00eechissant <strong>Coup de pied rafra\u00eechissant.<\/strong><\/p>\n<p><strong><\/strong><\/p>\n<p><strong><span>E-liquides \u00e0 base de sel de nicotine pour recharger les e-cigarettes. Les sels de nicotine ont un go\u00fbt beaucoup plus neutre et doux lors de l'inhalation, ce qui \u00e9limine la note am\u00e8re et piquante habituelle et rend la toux presque inexistante.<\/span><\/strong><\/p>","protected":false},"excerpt":{"rendered":"<p><span>Rafra\u00eechissant <strong>Melon et noix de coco<\/strong> Liquide pour cigarettes \u00e9lectroniques. Aromatique et doux. <strong>go\u00fbt de noix de coco<\/strong> rencontre naturel, glacial <strong>melon<\/strong>nkick. D\u00e9couvrez-le d\u00e8s maintenant !<\/span><\/p>","protected":false},"featured_media":319305,"comment_status":"open","ping_status":"closed","template":"","meta":{"_acf_changed":false,"_relevanssi_hide_post":"","_relevanssi_hide_content":"","_relevanssi_pin_for_all":"","_relevanssi_pin_keywords":"","_relevanssi_unpin_keywords":"","_relevanssi_related_keywords":"","_relevanssi_related_include_ids":"","_relevanssi_related_exclude_ids":"","_relevanssi_related_no_append":"","_relevanssi_related_not_related":"","_relevanssi_related_posts":"","_relevanssi_noindex_reason":""},"product_brand":[4564],"product_cat":[4731,4690,4880,4904],"product_tag":[5020,4919,4915,4914,5019,6508,6511,6509,6510,6512,4920],"class_list":{"0":"post-159539","1":"product","2":"type-product","3":"status-publish","4":"has-post-thumbnail","6":"product_brand-my-eliquid","7":"product_cat-alle-liquids-fur-e-zigaretten","8":"product_cat-frucht-liquids-e-zigarette","9":"product_cat-liquids-ohne-sucralose","10":"product_cat-my-eliquid-nikotinsalz-liquid","11":"product_tag-coconut","12":"product_tag-dampfer","13":"product_tag-e-liquid","14":"product_tag-eliquid","15":"product_tag-kokosnuss","16":"product_tag-liquidsalz","17":"product_tag-nicsalt","18":"product_tag-nicsalz","19":"product_tag-nikotinsalz","20":"product_tag-salt","21":"product_tag-verdampfer","22":"product_shipping_class-standard","23":"pa_ageverification-ja","24":"pa_country_of_manufacture-de","25":"pa_faq-product_liquid_faq","26":"pa_filling_quantity-10ml","27":"pa_flasche-a8-tropferflaschemitsicherhei","28":"pa_generate_meta-nein","29":"pa_herkunftsland-16-unsererohstoffebeziehenwir","30":"pa_info1-49-product_liquid_kurzbeschre","31":"pa_info2-product_liquid_beschreibung","32":"pa_ingredients-a7-1_2_propandiol_propylengly","33":"pa_insi-product_liquid_insi","34":"pa_is_product_configurable-ja","35":"pa_manufacturer-my_eliquid","36":"pa_mindesthaltbarkeit-24monate","37":"pa_mixture_ratio-pg50_vg50","38":"pa_nicotin-10mg","39":"pa_nicotin-20mg","40":"pa_product_suggestion-nein","41":"pa_product_type-2_eliquid_eigenprodukt","42":"pa_product_weight-4218","43":"pa_special_products-neu","45":"first","46":"instock","47":"taxable","48":"shipping-taxable","49":"purchasable","50":"product-type-variable"},"acf":[],"_links":{"self":[{"href":"https:\/\/my-eliquid.de\/fr\/wp-json\/wp\/v2\/product\/159539","targetHints":{"allow":["GET"]}}],"collection":[{"href":"https:\/\/my-eliquid.de\/fr\/wp-json\/wp\/v2\/product"}],"about":[{"href":"https:\/\/my-eliquid.de\/fr\/wp-json\/wp\/v2\/types\/product"}],"replies":[{"embeddable":true,"href":"https:\/\/my-eliquid.de\/fr\/wp-json\/wp\/v2\/comments?post=159539"}],"wp:featuredmedia":[{"embeddable":true,"href":"https:\/\/my-eliquid.de\/fr\/wp-json\/wp\/v2\/media\/319305"}],"wp:attachment":[{"href":"https:\/\/my-eliquid.de\/fr\/wp-json\/wp\/v2\/media?parent=159539"}],"wp:term":[{"taxonomy":"product_brand","embeddable":true,"href":"https:\/\/my-eliquid.de\/fr\/wp-json\/wp\/v2\/product_brand?post=159539"},{"taxonomy":"product_cat","embeddable":true,"href":"https:\/\/my-eliquid.de\/fr\/wp-json\/wp\/v2\/product_cat?post=159539"},{"taxonomy":"product_tag","embeddable":true,"href":"https:\/\/my-eliquid.de\/fr\/wp-json\/wp\/v2\/product_tag?post=159539"}],"curies":[{"name":"wp","href":"https:\/\/api.w.org\/{rel}","templated":true}]}}