{"id":159559,"date":"2023-07-10T00:00:00","date_gmt":"2023-07-09T22:00:00","guid":{"rendered":"https:\/\/melvx.my-eliquid.de\/shop\/my-eliquid-sortiment\/liquids\/frucht-liquids-e-zigarette\/coco-bluebeery-nicsalz-liquid\/"},"modified":"2025-11-25T13:47:40","modified_gmt":"2025-11-25T12:47:40","slug":"coco-bluebeery-nicsalz-liquid","status":"publish","type":"product","link":"https:\/\/my-eliquid.de\/fr\/shop\/coco-bluebeery-nicsalz-liquid\/","title":{"rendered":"Liquide Coco Bluebeery au sel de nicotine"},"content":{"rendered":"<p>Aromatique <strong>go\u00fbt doux de noix de coco<\/strong> pour les <strong>e-cigarette<\/strong> est bien s\u00fbr atteint par un tir <strong>bluebeery glac\u00e9\u00a0<\/strong>vers le site <strong>agr\u00e9able<\/strong> rafra\u00eechissant <strong>Liquide Coco Bluebeery<\/strong>.<\/p>\n<p>La base liquide choisie est fra\u00eechement m\u00e9lang\u00e9e \u00e0 de l'eau, juste avant le remplissage.\u00a0 <strong>Go\u00fbt de noix de coco et ar\u00f4me Bluebeery<\/strong> aromatis\u00e9s et <strong>bient\u00f4t<\/strong> si possible <strong>envoie<\/strong>.<br \/> Nous garantissons ainsi un effet prolong\u00e9 des <strong>fra\u00eecheur douce<\/strong> et du <strong>tr\u00e8s bien tol\u00e9r\u00e9 de coco<\/strong><strong>Go\u00fbt<\/strong> lors de l'\u00e9vaporation de nos produits de haute qualit\u00e9 <strong>Liquide de recharge<\/strong>, \u00e9galement appel\u00e9s liquides, dans votre <strong>Cigarette \u00e9lectronique<\/strong> ou votre <strong>EDampfer<\/strong>.<\/p>\n<p><strong>Contenu de la saveur e-Liquid - \u201cCoco-Bluebeery\u201d :<\/strong>\u00a0\u00a0 \u00a0Propyl\u00e8ne glycol (<strong>PG<\/strong>) E1520 (Ph. Eur.), <strong>glyc\u00e9rine purement v\u00e9g\u00e9tale<\/strong> (VG) E422 (<strong>DAB<\/strong>), ar\u00f4mes, sur demande commande <strong>avec nicotine<\/strong> dans diff\u00e9rents <strong>Points forts<\/strong>.<\/p>\n<p>Le <strong>\u00e9tonnamment aromatiques\u00a0<\/strong>Liquide \u00e0 la noix de coco et au melon avec un ar\u00f4me rafra\u00eechissant <strong>Coup de pied rafra\u00eechissant.<\/strong><\/p>\n<p><strong><\/strong><\/p>\n<p><strong><span>E-liquides \u00e0 base de sel de nicotine pour recharger les e-cigarettes. Les sels de nicotine ont un go\u00fbt beaucoup plus neutre et doux lors de l'inhalation, ce qui \u00e9limine la note am\u00e8re et piquante habituelle et rend la toux presque inexistante.<\/span><\/strong><\/p>\n<p><strong><\/strong><\/p><\/p>","protected":false},"excerpt":{"rendered":"<p><span>Incroyable m\u00e9lange d'acides <strong>myrtilles<\/strong> et <strong>noix de coco<\/strong>.<\/span><\/p>","protected":false},"featured_media":319780,"comment_status":"open","ping_status":"closed","template":"","meta":{"_acf_changed":false,"_relevanssi_hide_post":"","_relevanssi_hide_content":"","_relevanssi_pin_for_all":"","_relevanssi_pin_keywords":"","_relevanssi_unpin_keywords":"","_relevanssi_related_keywords":"","_relevanssi_related_include_ids":"","_relevanssi_related_exclude_ids":"","_relevanssi_related_no_append":"","_relevanssi_related_not_related":"","_relevanssi_related_posts":"","_relevanssi_noindex_reason":""},"product_brand":[4564],"product_cat":[4731,4690,4880,4904],"product_tag":[6525,5020,4919,4915,4914,5019,6508,6511,6509,6510,6512,4920],"class_list":{"0":"post-159559","1":"product","2":"type-product","3":"status-publish","4":"has-post-thumbnail","6":"product_brand-my-eliquid","7":"product_cat-alle-liquids-fur-e-zigaretten","8":"product_cat-frucht-liquids-e-zigarette","9":"product_cat-liquids-ohne-sucralose","10":"product_cat-my-eliquid-nikotinsalz-liquid","11":"product_tag-bluebeery","12":"product_tag-coconut","13":"product_tag-dampfer","14":"product_tag-e-liquid","15":"product_tag-eliquid","16":"product_tag-kokosnuss","17":"product_tag-liquidsalz","18":"product_tag-nicsalt","19":"product_tag-nicsalz","20":"product_tag-nikotinsalz","21":"product_tag-salt","22":"product_tag-verdampfer","23":"product_shipping_class-standard","24":"pa_ageverification-ja","25":"pa_country_of_manufacture-de","26":"pa_faq-product_liquid_faq","27":"pa_filling_quantity-10ml","28":"pa_flasche-a8-tropferflaschemitsicherhei","29":"pa_generate_meta-nein","30":"pa_herkunftsland-16-unsererohstoffebeziehenwir","31":"pa_info1-49-product_liquid_kurzbeschre","32":"pa_info2-product_liquid_beschreibung","33":"pa_ingredients-a7-1_2_propandiol_propylengly","34":"pa_insi-product_liquid_insi","35":"pa_is_product_configurable-ja","36":"pa_manufacturer-my_eliquid","37":"pa_mindesthaltbarkeit-24monate","38":"pa_mixture_ratio-pg50_vg50","39":"pa_nicotin-10mg","40":"pa_nicotin-20mg","41":"pa_product_suggestion-nein","42":"pa_product_type-2_eliquid_eigenprodukt","43":"pa_product_weight-4218","44":"pa_special_products-neu","46":"first","47":"instock","48":"taxable","49":"shipping-taxable","50":"purchasable","51":"product-type-variable"},"acf":[],"_links":{"self":[{"href":"https:\/\/my-eliquid.de\/fr\/wp-json\/wp\/v2\/product\/159559","targetHints":{"allow":["GET"]}}],"collection":[{"href":"https:\/\/my-eliquid.de\/fr\/wp-json\/wp\/v2\/product"}],"about":[{"href":"https:\/\/my-eliquid.de\/fr\/wp-json\/wp\/v2\/types\/product"}],"replies":[{"embeddable":true,"href":"https:\/\/my-eliquid.de\/fr\/wp-json\/wp\/v2\/comments?post=159559"}],"wp:featuredmedia":[{"embeddable":true,"href":"https:\/\/my-eliquid.de\/fr\/wp-json\/wp\/v2\/media\/319780"}],"wp:attachment":[{"href":"https:\/\/my-eliquid.de\/fr\/wp-json\/wp\/v2\/media?parent=159559"}],"wp:term":[{"taxonomy":"product_brand","embeddable":true,"href":"https:\/\/my-eliquid.de\/fr\/wp-json\/wp\/v2\/product_brand?post=159559"},{"taxonomy":"product_cat","embeddable":true,"href":"https:\/\/my-eliquid.de\/fr\/wp-json\/wp\/v2\/product_cat?post=159559"},{"taxonomy":"product_tag","embeddable":true,"href":"https:\/\/my-eliquid.de\/fr\/wp-json\/wp\/v2\/product_tag?post=159559"}],"curies":[{"name":"wp","href":"https:\/\/api.w.org\/{rel}","templated":true}]}}