{"id":159567,"date":"2023-07-19T00:00:00","date_gmt":"2023-07-18T22:00:00","guid":{"rendered":"https:\/\/melvx.my-eliquid.de\/shop\/my-eliquid-sortiment\/liquids\/frucht-liquids-e-zigarette\/cherry-cola-nicsalz-liquid\/"},"modified":"2025-12-15T08:36:22","modified_gmt":"2025-12-15T07:36:22","slug":"cherry-cola-nicsalz-liquid","status":"publish","type":"product","link":"https:\/\/my-eliquid.de\/fr\/shop\/cherry-cola-nicsalz-liquid\/","title":{"rendered":"Liquide Cherry Cola au sel de nicotine"},"content":{"rendered":"<p><span>Plongez dans le monde d\u00e9licieux de nos <strong>Cola cerise<\/strong> pour <strong>Cigarettes \u00e9lectroniques<\/strong>. Cet e-liquide au sel de nicotine premium offre le go\u00fbt inimitable du cola rafra\u00eechissant, parfaitement compl\u00e9t\u00e9 par l'ar\u00f4me sucr\u00e9 des cerises m\u00fbres. Chaque bouff\u00e9e est une invitation \u00e0 s'asseoir et \u00e0 savourer le go\u00fbt sucr\u00e9 et p\u00e9tillant qui rappelle les chaudes journ\u00e9es d'\u00e9t\u00e9 et les soir\u00e9es fra\u00eeches.<\/span><\/p>\n<p><span>Notre Cherry Cola est plus qu'un e-liquide - c'est une exp\u00e9rience gustative. La douceur de la cerise et le p\u00e9tillement du cola se fondent en une harmonie parfaite qui ravit vos papilles \u00e0 chaque bouff\u00e9e. Enrichi en sel de nicotine, cet e-liquide offre une lib\u00e9ration de nicotine satisfaisante et un throat hit tout en douceur, qui conviendra aussi bien aux d\u00e9butants qu'aux vapoteurs exp\u00e9riment\u00e9s.<\/span><\/p>\n<p><span>Que vous soyez un fan de fruits sucr\u00e9s ou d'ar\u00f4mes de boissons classiques, notre Cherry Cola pour e-cigarettes est le choix parfait. Profitez d\u00e8s maintenant de ce go\u00fbt qui vous rappelle votre soda pr\u00e9f\u00e9r\u00e9 dans votre appareil \u00e0 vapeur. Essayez-le d\u00e8s aujourd'hui et laissez-vous envo\u00fbter par cette exp\u00e9rience gustative unique.<\/span><\/p>\n<p><strong>Contenu de la saveur e-liquide - \u201cCherry Cola \u201c :<\/strong>\u00a0\u00a0 \u00a0Propyl\u00e8ne glycol (<strong>PG<\/strong>) E1520 (Ph. Eur.), <strong>glyc\u00e9rine purement v\u00e9g\u00e9tale<\/strong> (VG) E422 (<strong>DAB<\/strong>), ar\u00f4mes, sur demande commande <strong>avec sel de nicotine<\/strong> dans diff\u00e9rents <strong>Points forts<\/strong>.<\/p>\n<p><strong><span>E-liquides \u00e0 base de sel de nicotine pour recharger les e-cigarettes. Les sels de nicotine ont un go\u00fbt beaucoup plus neutre et doux lors de l'inhalation, ce qui \u00e9limine la note am\u00e8re et piquante habituelle et rend la toux presque inexistante.<\/span><\/strong><\/p>","protected":false},"excerpt":{"rendered":"<p><span>D\u00e9couvrez une explosion de saveurs sucr\u00e9es avec notre Cherry Cola pour cigarettes \u00e9lectroniques. Le m\u00e9lange parfait entre le cola classique et la cerise juteuse, enrichi en sel de nicotine, offre une exp\u00e9rience de vapotage incomparable.<\/span><\/p>","protected":false},"featured_media":319760,"comment_status":"open","ping_status":"closed","template":"","meta":{"_acf_changed":false,"_relevanssi_hide_post":"","_relevanssi_hide_content":"","_relevanssi_pin_for_all":"","_relevanssi_pin_keywords":"","_relevanssi_unpin_keywords":"","_relevanssi_related_keywords":"","_relevanssi_related_include_ids":"","_relevanssi_related_exclude_ids":"","_relevanssi_related_no_append":"","_relevanssi_related_not_related":"","_relevanssi_related_posts":"","_relevanssi_noindex_reason":""},"product_brand":[4564],"product_cat":[4731,4690,4880,4904,4791,4693],"product_tag":[4999,4919,4915,4914,5075,6508,6511,6509,6510,6512,6526,4920],"class_list":{"0":"post-159567","1":"product","2":"type-product","3":"status-publish","4":"has-post-thumbnail","6":"product_brand-my-eliquid","7":"product_cat-alle-liquids-fur-e-zigaretten","8":"product_cat-frucht-liquids-e-zigarette","9":"product_cat-liquids-ohne-sucralose","10":"product_cat-my-eliquid-nikotinsalz-liquid","11":"product_cat-neue-liquids","12":"product_cat-special-liquids-e-zigarette","13":"product_tag-cola","14":"product_tag-dampfer","15":"product_tag-e-liquid","16":"product_tag-eliquid","17":"product_tag-kirsche","18":"product_tag-liquidsalz","19":"product_tag-nicsalt","20":"product_tag-nicsalz","21":"product_tag-nikotinsalz","22":"product_tag-salt","23":"product_tag-sueskirsche","24":"product_tag-verdampfer","25":"product_shipping_class-standard","26":"pa_ageverification-ja","27":"pa_country_of_manufacture-de","28":"pa_faq-product_liquid_faq","29":"pa_filling_quantity-10ml","30":"pa_flasche-a8-tropferflaschemitsicherhei","31":"pa_flavour_art-frucht","32":"pa_generate_meta-nein","33":"pa_herkunftsland-16-unsererohstoffebeziehenwir","34":"pa_info1-49-product_liquid_kurzbeschre","35":"pa_info2-product_liquid_beschreibung","36":"pa_ingredients-a7-1_2_propandiol_propylengly","37":"pa_insi-product_liquid_insi","38":"pa_is_product_configurable-ja","39":"pa_manufacturer-my_eliquid","40":"pa_mindesthaltbarkeit-24monate","41":"pa_mixture_ratio-pg50_vg50","42":"pa_nicotin-10mg","43":"pa_nicotin-20mg","44":"pa_product_suggestion-nein","45":"pa_product_type-2_eliquid_eigenprodukt","46":"pa_product_weight-4218","47":"pa_special_products-neu","49":"first","50":"instock","51":"taxable","52":"shipping-taxable","53":"purchasable","54":"product-type-variable"},"acf":[],"_links":{"self":[{"href":"https:\/\/my-eliquid.de\/fr\/wp-json\/wp\/v2\/product\/159567","targetHints":{"allow":["GET"]}}],"collection":[{"href":"https:\/\/my-eliquid.de\/fr\/wp-json\/wp\/v2\/product"}],"about":[{"href":"https:\/\/my-eliquid.de\/fr\/wp-json\/wp\/v2\/types\/product"}],"replies":[{"embeddable":true,"href":"https:\/\/my-eliquid.de\/fr\/wp-json\/wp\/v2\/comments?post=159567"}],"wp:featuredmedia":[{"embeddable":true,"href":"https:\/\/my-eliquid.de\/fr\/wp-json\/wp\/v2\/media\/319760"}],"wp:attachment":[{"href":"https:\/\/my-eliquid.de\/fr\/wp-json\/wp\/v2\/media?parent=159567"}],"wp:term":[{"taxonomy":"product_brand","embeddable":true,"href":"https:\/\/my-eliquid.de\/fr\/wp-json\/wp\/v2\/product_brand?post=159567"},{"taxonomy":"product_cat","embeddable":true,"href":"https:\/\/my-eliquid.de\/fr\/wp-json\/wp\/v2\/product_cat?post=159567"},{"taxonomy":"product_tag","embeddable":true,"href":"https:\/\/my-eliquid.de\/fr\/wp-json\/wp\/v2\/product_tag?post=159567"}],"curies":[{"name":"wp","href":"https:\/\/api.w.org\/{rel}","templated":true}]}}