{"id":159939,"date":"2024-10-18T00:00:00","date_gmt":"2024-10-17T22:00:00","guid":{"rendered":"https:\/\/melvx.my-eliquid.de\/shop\/my-eliquid-sortiment\/liquids\/frucht-liquids-e-zigarette\/thai-mango-basil-nicsalz-liquid\/"},"modified":"2025-12-01T08:27:20","modified_gmt":"2025-12-01T07:27:20","slug":"thai-mango-basil-nicsalz-liquid","status":"publish","type":"product","link":"https:\/\/my-eliquid.de\/fr\/shop\/thai-mango-basil-nicsalz-liquid\/","title":{"rendered":"Liquide au sel de nicotine Thai Mango Basil"},"content":{"rendered":"<p>Vivez une explosion de saveurs exotiques avec notre liquide nicotin\u00e9 Sel dans un emballage unique. <strong>Basilic tha\u00ef et mangue\u00a0<\/strong>Le go\u00fbt. Ce m\u00e9lange raffin\u00e9 associe la note sucr\u00e9e et juteuse des fruits m\u00fbrs \u00e0 celle des fruits secs. <strong>Mangue<\/strong> avec l'essence fra\u00eeche et l\u00e9g\u00e8rement \u00e9pic\u00e9e du th\u00e9 tha\u00eflandais. <strong>Basilic<\/strong>, La nicotine est un produit \u00e0 la fois intense et \u00e9quilibr\u00e9. Le liquide \u00e0 base de sel de nicotine procure une sensation d'inhalation plus douce, tout en offrant un coup de fouet nicotinique rapide. Il est id\u00e9al pour les vapoteurs \u00e0 la recherche d'une alternative authentique et aromatique.<\/p>\n<p><strong>Contenu de la saveur e-Liquid - \u201cThai Mango Basil\u201d :<\/strong>\u00a0\u00a0 \u00a0Propyl\u00e8ne glycol (<strong>PG<\/strong>) E1520 (Ph. Eur.), <strong>glyc\u00e9rine purement v\u00e9g\u00e9tale<\/strong> (VG) E422 (<strong>DAB<\/strong>), ar\u00f4mes, sur demande commande <strong>avec nicotine<\/strong> dans diff\u00e9rents <strong>Points forts<\/strong>.<\/p>\n<p>Le <strong>mangue \u00e9tonnamment aromatique<\/strong>\u00a0Sel liquide au go\u00fbt rafra\u00eechissant <strong>Coup de pied au basilic.<\/strong><\/p>\n<p><strong><span>E-liquides \u00e0 base de sel de nicotine pour recharger les e-cigarettes. Les sels de nicotine ont un go\u00fbt beaucoup plus neutre et doux lors de l'inhalation, ce qui \u00e9limine la note am\u00e8re et piquante habituelle et rend la toux presque inexistante.<\/span><\/strong><\/p>","protected":false},"excerpt":{"rendered":"<p>D\u00e9couvrez l'\u00e9quilibre parfait entre fra\u00eecheur et douceur tropicale avec notre <strong>Basilic tha\u00ef et mangue<\/strong> Liquide \u2013 id\u00e9al pour ceux qui aiment les ar\u00f4mes exceptionnels.<\/p>","protected":false},"featured_media":319374,"comment_status":"open","ping_status":"closed","template":"","meta":{"_acf_changed":false,"_relevanssi_hide_post":"","_relevanssi_hide_content":"","_relevanssi_pin_for_all":"","_relevanssi_pin_keywords":"","_relevanssi_unpin_keywords":"","_relevanssi_related_keywords":"","_relevanssi_related_include_ids":"","_relevanssi_related_exclude_ids":"","_relevanssi_related_no_append":"","_relevanssi_related_not_related":"","_relevanssi_related_posts":"","_relevanssi_noindex_reason":""},"product_brand":[4564],"product_cat":[4731,4690,4689,4880,4904],"product_tag":[6609,6610,4919,4915,4914,6508,5066,6511,6509,6510,6512,4920],"class_list":{"0":"post-159939","1":"product","2":"type-product","3":"status-publish","4":"has-post-thumbnail","6":"product_brand-my-eliquid","7":"product_cat-alle-liquids-fur-e-zigaretten","8":"product_cat-frucht-liquids-e-zigarette","9":"product_cat-eliquids","10":"product_cat-liquids-ohne-sucralose","11":"product_cat-my-eliquid-nikotinsalz-liquid","12":"product_tag-basil","13":"product_tag-basilikum","14":"product_tag-dampfer","15":"product_tag-e-liquid","16":"product_tag-eliquid","17":"product_tag-liquidsalz","18":"product_tag-mango","19":"product_tag-nicsalt","20":"product_tag-nicsalz","21":"product_tag-nikotinsalz","22":"product_tag-salt","23":"product_tag-verdampfer","24":"product_shipping_class-standard","25":"pa_ageverification-ja","26":"pa_country_of_manufacture-de","27":"pa_faq-product_liquid_faq","28":"pa_filling_quantity-10ml","29":"pa_flasche-a8-tropferflaschemitsicherhei","30":"pa_generate_meta-nein","31":"pa_ghs_hsatz-52-euh210_sicherheitsdatenbla","32":"pa_herkunftsland-16-unsererohstoffebeziehenwir","33":"pa_info1-49-product_liquid_kurzbeschre","34":"pa_info2-product_liquid_beschreibung","35":"pa_ingredients-a7-1_2_propandiol_propylengly","36":"pa_insi-product_liquid_insi","37":"pa_is_product_configurable-ja","38":"pa_manufacturer-my_eliquid","39":"pa_mindesthaltbarkeit-24monate","40":"pa_mixture_ratio-pg50_vg50","41":"pa_nicotin-10mg","42":"pa_nicotin-20mg","43":"pa_product_suggestion-nein","44":"pa_product_type-2_eliquid_eigenprodukt","45":"pa_product_weight-4218","46":"pa_special_products-neu","48":"first","49":"instock","50":"taxable","51":"shipping-taxable","52":"purchasable","53":"product-type-variable"},"acf":[],"_links":{"self":[{"href":"https:\/\/my-eliquid.de\/fr\/wp-json\/wp\/v2\/product\/159939","targetHints":{"allow":["GET"]}}],"collection":[{"href":"https:\/\/my-eliquid.de\/fr\/wp-json\/wp\/v2\/product"}],"about":[{"href":"https:\/\/my-eliquid.de\/fr\/wp-json\/wp\/v2\/types\/product"}],"replies":[{"embeddable":true,"href":"https:\/\/my-eliquid.de\/fr\/wp-json\/wp\/v2\/comments?post=159939"}],"wp:featuredmedia":[{"embeddable":true,"href":"https:\/\/my-eliquid.de\/fr\/wp-json\/wp\/v2\/media\/319374"}],"wp:attachment":[{"href":"https:\/\/my-eliquid.de\/fr\/wp-json\/wp\/v2\/media?parent=159939"}],"wp:term":[{"taxonomy":"product_brand","embeddable":true,"href":"https:\/\/my-eliquid.de\/fr\/wp-json\/wp\/v2\/product_brand?post=159939"},{"taxonomy":"product_cat","embeddable":true,"href":"https:\/\/my-eliquid.de\/fr\/wp-json\/wp\/v2\/product_cat?post=159939"},{"taxonomy":"product_tag","embeddable":true,"href":"https:\/\/my-eliquid.de\/fr\/wp-json\/wp\/v2\/product_tag?post=159939"}],"curies":[{"name":"wp","href":"https:\/\/api.w.org\/{rel}","templated":true}]}}