{"id":300308,"date":"2020-09-18T00:00:00","date_gmt":"2020-09-17T22:00:00","guid":{"rendered":"https:\/\/my-eliquid.de\/shop\/nikotin-shots-20mg-10ml\/"},"modified":"2026-04-10T09:10:29","modified_gmt":"2026-04-10T07:10:29","slug":"nikotin-shots-20mg-10ml","status":"publish","type":"product","link":"https:\/\/my-eliquid.de\/fr\/shop\/nikotin-shots-20mg-10ml\/","title":{"rendered":"Shots de nicotine | 20 mg | 10 ml"},"content":{"rendered":"<p><strong>Shot de nicotine liquide avec 20 mg de nicotine !<\/strong> Choisissez les proportions que vous souhaitez et m\u00e9langez !<\/p>\n<p><strong>Vous avez encore de la base 0mg sous la main ?<\/strong>\u00a0Simplement\u00a0<strong>Shots<\/strong>\u00a0et vous obtiendrez le produit que vous souhaitez.\u00a0<strong>nicotine<\/strong>\u00a0force !<\/p>\n<p><strong>Cet article est propos\u00e9 pour des m\u00e9langes ou pour les diluer, pas pour une utilisation directe.<\/strong><\/p>\n<p>A titre d'exemple :<\/p>\n<p>100 ml <strong>0mg de base<\/strong> + 2 x 10 ml <strong>20 mg de nicotine\u00a0<\/strong>= <strong>120ml de base 3 mg<\/strong> (200 ml de base 0mg + 4 x 20mg shot de nicotine = 240ml de base 3 mg etc...)<\/p>\n<p>ou<\/p>\n<p>100 ml <strong>0mg de base<\/strong> + 4 x 10 ml\u00a0<strong>20 mg de nicotine\u00a0<\/strong>= <strong>140ml de base 6 mg<\/strong>\u00a0(200 ml de base 0mg + 8 x 20mg shot de nicotine = 280ml de base 6 mg etc...)<\/p>\n<p>ou<\/p>\n<p>100 ml<strong><strong><strong><strong>\u00a00mg de base<\/strong>\u00a0+<\/strong><\/strong><\/strong>9 x 10 ml\u00a0\u00a0<strong><strong><strong><strong>20 mg de nicotine\u00a0<\/strong>=\u00a0<strong>190ml 9 mg de base<\/strong>\u00a0<\/strong><\/strong><\/strong>(200 ml de base 0mg + 18 x 20mg shot de nicotine = 380ml de base 9 mg etc...)<\/p>\n<p>ou<\/p>\n<p>100 ml\u00a0<strong>0mg de base<\/strong>\u00a0+8 x 10 ml<strong>\u00a020 mg de nicotine\u00a0<\/strong>=\u00a0<strong>180ml de base 12 mg\u00a0<\/strong>(200 ml de base 0mg + 16 x 20mg shot de nicotine = 360ml de base 12 mg etc...)<\/p>\n<p>ou<\/p>\n<p>100 ml<strong><strong><strong><strong>\u00a00mg de base<\/strong>\u00a0+<\/strong><\/strong><\/strong>18 x 10 ml\u00a0\u00a0<strong><strong><strong><strong>20 mg de nicotine\u00a0<\/strong>= 28<strong>0ml 18 mg de base<\/strong>\u00a0<\/strong><\/strong><\/strong>(200 ml de base 0mg + 36 x 20mg shot de nicotine = 560ml de base 18 mg etc...)<\/p>\n<p><strong>Seules des personnes exp\u00e9riment\u00e9es et entra\u00een\u00e9es sont recommand\u00e9es pour la manipulation !<\/strong><\/p>\n<p><span>Attention ! !! Conserver hors de port\u00e9e des enfants ! !!<\/span><\/p>\n<p>Informations juridiques sur l'utilisation<br \/>\nCes articles sont l\u00e9galement des produits chimiques. Ces produits chimiques sont utilis\u00e9s pour la fabrication de <strong>Recharges liquides ou e-liquides<\/strong> sont utilis\u00e9s dans ce but. C'est uniquement pour cet usage que ces produits chimiques sont propos\u00e9s et vendus \u00e0 des acheteurs avertis. L'utilisation appropri\u00e9e rel\u00e8ve de la responsabilit\u00e9 de l'acheteur.<\/p>\n<p>Ces produits chimiques ne sont pas des m\u00e9dicaments ou des aliments et ne sont pas encore destin\u00e9s \u00e0 \u00eatre ing\u00e9r\u00e9s par un consommateur final sous la forme que nous proposons. Nous ne donnons pas non plus de conseils de pr\u00e9paration ou de <strong>Instructions de dosage<\/strong>. L'utilisation et la prise se font \u00e0 vos propres risques.<\/p>\n<p>my-eLiquid n'est pas responsable des dommages \u00e0 la sant\u00e9, par exemple dus \u00e0 une mauvaise utilisation.<\/p>\n<p>Ces articles ne peuvent \u00eatre command\u00e9s que si l'acheteur dispose de la <strong>Exp\u00e9rience<\/strong> de la manipulation de ces produits chimiques et mati\u00e8res premi\u00e8res.<\/p>\n<p><span><strong>L\u00e9gende :<br \/><\/strong><\/span><br \/>\nPG :\u00a0<span><strong>1,2-propyl\u00e8ne glycol<\/strong> (PG) E1520 (Ph. Eur.) pur<\/span><br \/>\nVG :\u00a0<span><strong>glyc\u00e9rine purement v\u00e9g\u00e9tale<\/strong> (VG) E422 (DAB), N\u00b0 CAS D\u00e9signation 56-81-5 <strong>Glyc\u00e9rine<\/strong> 99,5%<br \/><\/span><\/p>\n<p>Au choix :<\/p>\n<p>de l'eau : \u00a0<strong>Aqua Purificata<\/strong> Ph.Eur. \/ Bidest<\/p>\n<p><strong>\u00a0<\/strong><\/p>","protected":false},"excerpt":{"rendered":"<p><span>Base <strong>Liquid<\/strong> avec<strong>\u00a020 mg de nicotine.<\/strong> Avez-vous encore <strong>0 mg<\/strong> <strong>base<\/strong> \u00e0 port\u00e9e de main ? Il suffit de consulter <strong>Shots<\/strong> et vous obtiendrez le produit que vous souhaitez. <strong>nicotine<\/strong> force !<br \/><\/span><\/p>","protected":false},"featured_media":319362,"comment_status":"open","ping_status":"closed","template":"","meta":{"_acf_changed":false,"_relevanssi_hide_post":"","_relevanssi_hide_content":"","_relevanssi_pin_for_all":"","_relevanssi_pin_keywords":"","_relevanssi_unpin_keywords":"","_relevanssi_related_keywords":"","_relevanssi_related_include_ids":"","_relevanssi_related_exclude_ids":"","_relevanssi_related_no_append":"","_relevanssi_related_not_related":"","_relevanssi_related_posts":"","_relevanssi_noindex_reason":""},"product_brand":[],"product_cat":[4695,4735],"product_tag":[6716,5124,6717,5411,6712,5805,5792,5811,5812,5813],"class_list":{"0":"post-300308","1":"product","2":"type-product","3":"status-publish","4":"has-post-thumbnail","6":"product_cat-diy-liquid-basen","7":"product_cat-nikotin-shots","8":"product_tag-alle","9":"product_tag-basen","10":"product_tag-diy","11":"product_tag-e-zigaretten","12":"product_tag-fuer","13":"product_tag-liquid","14":"product_tag-liquids","15":"product_tag-nikotin","16":"product_tag-shot","17":"product_tag-shots","18":"product_shipping_class-standard","20":"first","21":"instock","22":"taxable","23":"shipping-taxable","24":"purchasable","25":"product-type-variable"},"acf":[],"_links":{"self":[{"href":"https:\/\/my-eliquid.de\/fr\/wp-json\/wp\/v2\/product\/300308","targetHints":{"allow":["GET"]}}],"collection":[{"href":"https:\/\/my-eliquid.de\/fr\/wp-json\/wp\/v2\/product"}],"about":[{"href":"https:\/\/my-eliquid.de\/fr\/wp-json\/wp\/v2\/types\/product"}],"replies":[{"embeddable":true,"href":"https:\/\/my-eliquid.de\/fr\/wp-json\/wp\/v2\/comments?post=300308"}],"wp:featuredmedia":[{"embeddable":true,"href":"https:\/\/my-eliquid.de\/fr\/wp-json\/wp\/v2\/media\/319362"}],"wp:attachment":[{"href":"https:\/\/my-eliquid.de\/fr\/wp-json\/wp\/v2\/media?parent=300308"}],"wp:term":[{"taxonomy":"product_brand","embeddable":true,"href":"https:\/\/my-eliquid.de\/fr\/wp-json\/wp\/v2\/product_brand?post=300308"},{"taxonomy":"product_cat","embeddable":true,"href":"https:\/\/my-eliquid.de\/fr\/wp-json\/wp\/v2\/product_cat?post=300308"},{"taxonomy":"product_tag","embeddable":true,"href":"https:\/\/my-eliquid.de\/fr\/wp-json\/wp\/v2\/product_tag?post=300308"}],"curies":[{"name":"wp","href":"https:\/\/api.w.org\/{rel}","templated":true}]}}