{"id":302078,"date":"2017-05-20T00:00:00","date_gmt":"2017-05-19T22:00:00","guid":{"rendered":"https:\/\/my-eliquid.de\/shop\/6mg-liquid-base-set-140ml\/"},"modified":"2026-04-08T13:03:13","modified_gmt":"2026-04-08T11:03:13","slug":"6mg-liquid-base-set-140ml","status":"publish","type":"product","link":"https:\/\/my-eliquid.de\/fr\/shop\/6mg-liquid-base-set-140ml\/","title":{"rendered":"Kit base liquide 6 mg \u2013 140 ml"},"content":{"rendered":"<p>Hier bekommen Sie 140ml Base f\u00fcr Liquids!  <\/p>\n<p>Seule la manipulation par des personnes exp\u00e9riment\u00e9es et exerc\u00e9es est recommand\u00e9e.<br \/>Ces articles sont utilis\u00e9s pour <strong>M\u00e9langes<\/strong> ou pour les diluer, mais pas pour une consommation imm\u00e9diate.<\/p>\n<p><span style=\"color: #ff0000;\">Attention ! !! Conserver hors de port\u00e9e des enfants ! !!<\/span><\/p>\n<p>Informations juridiques sur l'utilisation<br \/>Ces articles sont l\u00e9galement des produits chimiques. Ces produits chimiques sont utilis\u00e9s pour la fabrication de<strong> Recharges liquides ou e-liquides<\/strong> sont utilis\u00e9s dans ce but. C'est uniquement pour cet usage que ces produits chimiques sont propos\u00e9s et vendus \u00e0 des acheteurs avertis. L'utilisation appropri\u00e9e rel\u00e8ve de la responsabilit\u00e9 de l'acheteur.<\/p>\n<p>Ces produits chimiques ne sont pas des m\u00e9dicaments ou des aliments et ne sont pas encore destin\u00e9s \u00e0 \u00eatre ing\u00e9r\u00e9s par un consommateur final sous la forme que nous proposons. Nous ne donnons pas non plus de conseils de pr\u00e9paration ou de<strong> Instructions de dosage<\/strong>. L'utilisation et la prise se font \u00e0 vos propres risques.<\/p>\n<p>my-eLiquid n'est pas responsable des dommages \u00e0 la sant\u00e9, par exemple dus \u00e0 une mauvaise utilisation.<\/p>\n<p>Ces articles ne peuvent \u00eatre command\u00e9s que si l'acheteur dispose de la <strong>Exp\u00e9rience<\/strong> de la manipulation de ces produits chimiques et mati\u00e8res premi\u00e8res.<\/p>","protected":false},"excerpt":{"rendered":"<p>Cet article se compose d'une base sans nicotine et du nombre n\u00e9cessaire de shots de nicotine de 10 ml \u00e0 20 mg \u00e0 m\u00e9langer soi-m\u00eame afin d'obtenir 140 ml de base \u00e0 6 mg de nicotine.<\/p>","protected":false},"featured_media":319277,"comment_status":"open","ping_status":"closed","template":"","meta":{"_acf_changed":false,"_relevanssi_hide_post":"","_relevanssi_hide_content":"","_relevanssi_pin_for_all":"","_relevanssi_pin_keywords":"","_relevanssi_unpin_keywords":"","_relevanssi_related_keywords":"","_relevanssi_related_include_ids":"","_relevanssi_related_exclude_ids":"","_relevanssi_related_no_append":"","_relevanssi_related_not_related":"","_relevanssi_related_posts":"","_relevanssi_noindex_reason":""},"product_brand":[],"product_cat":[4732,4695,4700],"product_tag":[6740,6737,6738,5124,1391,6717,5118,5805,6739],"class_list":{"0":"post-302078","1":"product","2":"type-product","3":"status-publish","4":"has-post-thumbnail","6":"product_cat-alle-basen-fur-liquids","7":"product_cat-diy-liquid-basen","8":"product_cat-liquid-basis-fertigmischung","9":"product_tag-140ml","10":"product_tag-6mg","11":"product_tag-base","12":"product_tag-basen","13":"product_tag-bitte","14":"product_tag-diy","15":"product_tag-fertigmischung","16":"product_tag-liquid","17":"product_tag-set","18":"product_shipping_class-standard","20":"first","21":"instock","22":"taxable","23":"shipping-taxable","24":"purchasable","25":"product-type-variable"},"acf":[],"_links":{"self":[{"href":"https:\/\/my-eliquid.de\/fr\/wp-json\/wp\/v2\/product\/302078","targetHints":{"allow":["GET"]}}],"collection":[{"href":"https:\/\/my-eliquid.de\/fr\/wp-json\/wp\/v2\/product"}],"about":[{"href":"https:\/\/my-eliquid.de\/fr\/wp-json\/wp\/v2\/types\/product"}],"replies":[{"embeddable":true,"href":"https:\/\/my-eliquid.de\/fr\/wp-json\/wp\/v2\/comments?post=302078"}],"wp:featuredmedia":[{"embeddable":true,"href":"https:\/\/my-eliquid.de\/fr\/wp-json\/wp\/v2\/media\/319277"}],"wp:attachment":[{"href":"https:\/\/my-eliquid.de\/fr\/wp-json\/wp\/v2\/media?parent=302078"}],"wp:term":[{"taxonomy":"product_brand","embeddable":true,"href":"https:\/\/my-eliquid.de\/fr\/wp-json\/wp\/v2\/product_brand?post=302078"},{"taxonomy":"product_cat","embeddable":true,"href":"https:\/\/my-eliquid.de\/fr\/wp-json\/wp\/v2\/product_cat?post=302078"},{"taxonomy":"product_tag","embeddable":true,"href":"https:\/\/my-eliquid.de\/fr\/wp-json\/wp\/v2\/product_tag?post=302078"}],"curies":[{"name":"wp","href":"https:\/\/api.w.org\/{rel}","templated":true}]}}