{"id":302462,"date":"2011-12-25T00:00:00","date_gmt":"2011-12-24T23:00:00","guid":{"rendered":"https:\/\/my-eliquid.de\/shop\/melone-aroma\/"},"modified":"2026-04-14T08:37:34","modified_gmt":"2026-04-14T06:37:34","slug":"melone-aroma","status":"publish","type":"product","link":"https:\/\/my-eliquid.de\/fr\/shop\/melone-aroma\/","title":{"rendered":"Ar\u00f4me melon"},"content":{"rendered":"<p>Notre <strong>Ar\u00f4me melon<\/strong> punktet mit seinem k\u00f6stlich-s\u00fc\u00dfen und fruchtig-saftigen <strong>Go\u00fbt de melon<\/strong> et est issu de la lign\u00e9e des <strong>Ar\u00f4mes fruit\u00e9s<\/strong>. Sonnengereifte <strong>Melons<\/strong> und ihr k\u00f6stlich-vollmundiger Geschmack \u2013 ein wahrer <strong>ar\u00f4me<\/strong>-Traum! Das <strong>Ar\u00f4me melon<\/strong> Convient pour aromatiser et <strong>Fabrication de vos propres liquides<\/strong> et peut \u00eatre associ\u00e9 \u00e0 d'autres <strong>Ar\u00f4mes m\u00e9lang\u00e9s<\/strong> de la m\u00eame mani\u00e8re. De cette mani\u00e8re, vous cr\u00e9ez sans cesse des <strong>Liquides<\/strong>! Les ar\u00f4mes ne doivent pas \u00eatre utilis\u00e9s non dilu\u00e9s et doivent toujours faire l'objet d'une \u00e9valuation. <strong>base<\/strong> \u00eatre ajout\u00e9.<\/p>","protected":false},"excerpt":{"rendered":"<p>Un d\u00e9lice absolu, \u00e9t\u00e9 comme hiver : notre <strong>d\u00e9licieux ar\u00f4me de melon<\/strong> et son unique et s\u00e9duisant <strong>Go\u00fbt de melon<\/strong>Doux, d\u00e9licieux &amp; fruit\u00e9 !<\/p>","protected":false},"featured_media":319166,"comment_status":"open","ping_status":"closed","template":"","meta":{"_acf_changed":false,"_relevanssi_hide_post":"","_relevanssi_hide_content":"","_relevanssi_pin_for_all":"","_relevanssi_pin_keywords":"","_relevanssi_unpin_keywords":"","_relevanssi_related_keywords":"","_relevanssi_related_include_ids":"","_relevanssi_related_exclude_ids":"","_relevanssi_related_no_append":"","_relevanssi_related_not_related":"","_relevanssi_related_posts":"","_relevanssi_noindex_reason":""},"product_brand":[],"product_cat":[4733,4882,4701,4705,4881],"product_tag":[6790,4915,4914,4942,6789,5037,5004],"class_list":{"0":"post-302462","1":"product","2":"type-product","3":"status-publish","4":"has-post-thumbnail","6":"product_cat-alle-aromen","7":"product_cat-aromen-ohne-sucralose","8":"product_cat-aromen","9":"product_cat-frucht-aromen-liquid-e-zigarette","10":"product_cat-my-eliquid-aromen","11":"product_tag-cantaloupe","12":"product_tag-e-liquid","13":"product_tag-eliquid","14":"product_tag-frucht","15":"product_tag-melon","16":"product_tag-melone","17":"product_tag-nachfuellfluessigkeit","18":"product_shipping_class-standard","20":"first","21":"instock","22":"taxable","23":"shipping-taxable","24":"purchasable","25":"product-type-variable"},"acf":[],"_links":{"self":[{"href":"https:\/\/my-eliquid.de\/fr\/wp-json\/wp\/v2\/product\/302462","targetHints":{"allow":["GET"]}}],"collection":[{"href":"https:\/\/my-eliquid.de\/fr\/wp-json\/wp\/v2\/product"}],"about":[{"href":"https:\/\/my-eliquid.de\/fr\/wp-json\/wp\/v2\/types\/product"}],"replies":[{"embeddable":true,"href":"https:\/\/my-eliquid.de\/fr\/wp-json\/wp\/v2\/comments?post=302462"}],"wp:featuredmedia":[{"embeddable":true,"href":"https:\/\/my-eliquid.de\/fr\/wp-json\/wp\/v2\/media\/319166"}],"wp:attachment":[{"href":"https:\/\/my-eliquid.de\/fr\/wp-json\/wp\/v2\/media?parent=302462"}],"wp:term":[{"taxonomy":"product_brand","embeddable":true,"href":"https:\/\/my-eliquid.de\/fr\/wp-json\/wp\/v2\/product_brand?post=302462"},{"taxonomy":"product_cat","embeddable":true,"href":"https:\/\/my-eliquid.de\/fr\/wp-json\/wp\/v2\/product_cat?post=302462"},{"taxonomy":"product_tag","embeddable":true,"href":"https:\/\/my-eliquid.de\/fr\/wp-json\/wp\/v2\/product_tag?post=302462"}],"curies":[{"name":"wp","href":"https:\/\/api.w.org\/{rel}","templated":true}]}}