{"id":302467,"date":"2012-08-05T00:00:00","date_gmt":"2012-08-04T22:00:00","guid":{"rendered":"https:\/\/my-eliquid.de\/shop\/anis-aroma\/"},"modified":"2026-02-17T07:17:46","modified_gmt":"2026-02-17T06:17:46","slug":"anis-aroma","status":"publish","type":"product","link":"https:\/\/my-eliquid.de\/fr\/shop\/anis-aroma\/","title":{"rendered":"Ar\u00f4me d'anis"},"content":{"rendered":"<p>Notre <strong>Ar\u00f4me d'anis<\/strong> mit seinem nat\u00fcrlichen, <strong>frisch-authentischen Wermuthgeschmack<\/strong> provient de la lign\u00e9e des <strong>S\u00fc\u00dfen Aromen<\/strong>. Der einzigartige Geschmack des beliebten Wurzelextrakts \u2013 nat\u00fcrlicher geht nicht! Das <strong>Ar\u00f4me d'anis<\/strong> eignet sich zum <strong>Aromatisieren und Herstellen von eigenen Liquids<\/strong> und kann <strong>mit anderen Aromen gemischt<\/strong> werden. Auf diese Weise kreieren Sie immer wieder neue, individuelle Fl\u00fcssigkeiten! <strong>ar\u00f4mes<\/strong> ne doivent pas \u00eatre utilis\u00e9s non dilu\u00e9s et doivent toujours \u00eatre m\u00e9lang\u00e9s \u00e0 une <strong>base<\/strong> \u00eatre ajout\u00e9.<\/p>","protected":false},"excerpt":{"rendered":"<p>L'exp\u00e9rience gustative fantastique de la nature fra\u00eeche : notre <strong>Ar\u00f4me d'anis<\/strong> vous donne le d\u00e9licieux go\u00fbt naturel de l'eau. <strong>Go\u00fbt de l'absinthe<\/strong> du c\u00e9l\u00e8bre extrait de racine.<\/p>","protected":false},"featured_media":319190,"comment_status":"open","ping_status":"closed","template":"","meta":{"_acf_changed":false,"_relevanssi_hide_post":"","_relevanssi_hide_content":"","_relevanssi_pin_for_all":"","_relevanssi_pin_keywords":"","_relevanssi_unpin_keywords":"","_relevanssi_related_keywords":"","_relevanssi_related_include_ids":"","_relevanssi_related_exclude_ids":"","_relevanssi_related_no_append":"","_relevanssi_related_not_related":"","_relevanssi_related_posts":"","_relevanssi_noindex_reason":""},"product_brand":[],"product_cat":[4733,4882,4701,4881,4707],"product_tag":[5135,4919,4915,5166,4917,6818,4914,4918,5137,5004,6820,4920,6819],"class_list":{"0":"post-302467","1":"product","2":"type-product","3":"status-publish","4":"has-post-thumbnail","6":"product_cat-alle-aromen","7":"product_cat-aromen-ohne-sucralose","8":"product_cat-aromen","9":"product_cat-my-eliquid-aromen","10":"product_cat-suesse-aromen-liquid-e-zigarette","11":"product_tag-anis","12":"product_tag-dampfer","13":"product_tag-e-liquid","14":"product_tag-e-zigarette","15":"product_tag-e-zigi","16":"product_tag-elektrische","17":"product_tag-eliquid","18":"product_tag-ezigarette","19":"product_tag-lakritze","20":"product_tag-nachfuellfluessigkeit","21":"product_tag-sternanis","22":"product_tag-verdampfer","23":"product_tag-zigarette","24":"product_shipping_class-standard","26":"first","27":"instock","28":"taxable","29":"shipping-taxable","30":"purchasable","31":"product-type-variable"},"acf":[],"_links":{"self":[{"href":"https:\/\/my-eliquid.de\/fr\/wp-json\/wp\/v2\/product\/302467","targetHints":{"allow":["GET"]}}],"collection":[{"href":"https:\/\/my-eliquid.de\/fr\/wp-json\/wp\/v2\/product"}],"about":[{"href":"https:\/\/my-eliquid.de\/fr\/wp-json\/wp\/v2\/types\/product"}],"replies":[{"embeddable":true,"href":"https:\/\/my-eliquid.de\/fr\/wp-json\/wp\/v2\/comments?post=302467"}],"wp:featuredmedia":[{"embeddable":true,"href":"https:\/\/my-eliquid.de\/fr\/wp-json\/wp\/v2\/media\/319190"}],"wp:attachment":[{"href":"https:\/\/my-eliquid.de\/fr\/wp-json\/wp\/v2\/media?parent=302467"}],"wp:term":[{"taxonomy":"product_brand","embeddable":true,"href":"https:\/\/my-eliquid.de\/fr\/wp-json\/wp\/v2\/product_brand?post=302467"},{"taxonomy":"product_cat","embeddable":true,"href":"https:\/\/my-eliquid.de\/fr\/wp-json\/wp\/v2\/product_cat?post=302467"},{"taxonomy":"product_tag","embeddable":true,"href":"https:\/\/my-eliquid.de\/fr\/wp-json\/wp\/v2\/product_tag?post=302467"}],"curies":[{"name":"wp","href":"https:\/\/api.w.org\/{rel}","templated":true}]}}