{"id":302470,"date":"2013-02-23T00:00:00","date_gmt":"2013-02-22T23:00:00","guid":{"rendered":"https:\/\/my-eliquid.de\/shop\/eistee-aroma\/"},"modified":"2026-02-20T07:31:28","modified_gmt":"2026-02-20T06:31:28","slug":"eistee-aroma","status":"publish","type":"product","link":"https:\/\/my-eliquid.de\/fr\/shop\/eistee-aroma\/","title":{"rendered":"Ar\u00f4me de th\u00e9 glac\u00e9"},"content":{"rendered":"<p>Notre <strong>Ar\u00f4me de th\u00e9 glac\u00e9<\/strong> mit seinem s\u00fc\u00df-spritzigen Geschmack von leckerem <strong>Zitroneneistee<\/strong> provient de la lign\u00e9e des <strong>Boissons Ar\u00f4mes<\/strong>. Lassen Sie sich erfrischen \u2013 immer und immer wieder! Das <strong>Ar\u00f4me de th\u00e9 glac\u00e9<\/strong> Convient pour aromatiser et <strong>Fabrication de vos propres liquides<\/strong> et peut \u00eatre associ\u00e9 \u00e0 d'autres <strong>\u00eatre m\u00e9lang\u00e9s \u00e0 des ar\u00f4mes<\/strong>. De cette mani\u00e8re, vous cr\u00e9ez sans cesse de nouveaux liquides personnalis\u00e9s ! <strong>ar\u00f4mes<\/strong> ne doivent pas \u00eatre utilis\u00e9s non dilu\u00e9s et doivent toujours \u00eatre m\u00e9lang\u00e9s \u00e0 une <strong>base<\/strong> \u00eatre ajout\u00e9.<\/p>","protected":false},"excerpt":{"rendered":"<p>Le rafra\u00eechissement doux et p\u00e9tillant : le merveilleux go\u00fbt du <strong>th\u00e9 glac\u00e9 frais et d\u00e9licieux<\/strong> et <strong>citron finement fruit\u00e9<\/strong> se distingue dans notre <strong>Ar\u00f4me de th\u00e9 glac\u00e9<\/strong> se distinguent particuli\u00e8rement.<\/p>","protected":false},"featured_media":319193,"comment_status":"open","ping_status":"closed","template":"","meta":{"_acf_changed":false,"_relevanssi_hide_post":"","_relevanssi_hide_content":"","_relevanssi_pin_for_all":"","_relevanssi_pin_keywords":"","_relevanssi_unpin_keywords":"","_relevanssi_related_keywords":"","_relevanssi_related_include_ids":"","_relevanssi_related_exclude_ids":"","_relevanssi_related_no_append":"","_relevanssi_related_not_related":"","_relevanssi_related_posts":"","_relevanssi_noindex_reason":""},"product_brand":[],"product_cat":[4733,4882,4701,4702,4881],"product_tag":[4915,5161,4914,5004,5162],"class_list":{"0":"post-302470","1":"product","2":"type-product","3":"status-publish","4":"has-post-thumbnail","6":"product_cat-alle-aromen","7":"product_cat-aromen-ohne-sucralose","8":"product_cat-aromen","9":"product_cat-drinks-aromen-liquid-e-zigarette","10":"product_cat-my-eliquid-aromen","11":"product_tag-e-liquid","12":"product_tag-eistee","13":"product_tag-eliquid","14":"product_tag-nachfuellfluessigkeit","15":"product_tag-tee","16":"product_shipping_class-standard","18":"first","19":"instock","20":"taxable","21":"shipping-taxable","22":"purchasable","23":"product-type-variable"},"acf":[],"_links":{"self":[{"href":"https:\/\/my-eliquid.de\/fr\/wp-json\/wp\/v2\/product\/302470","targetHints":{"allow":["GET"]}}],"collection":[{"href":"https:\/\/my-eliquid.de\/fr\/wp-json\/wp\/v2\/product"}],"about":[{"href":"https:\/\/my-eliquid.de\/fr\/wp-json\/wp\/v2\/types\/product"}],"replies":[{"embeddable":true,"href":"https:\/\/my-eliquid.de\/fr\/wp-json\/wp\/v2\/comments?post=302470"}],"wp:featuredmedia":[{"embeddable":true,"href":"https:\/\/my-eliquid.de\/fr\/wp-json\/wp\/v2\/media\/319193"}],"wp:attachment":[{"href":"https:\/\/my-eliquid.de\/fr\/wp-json\/wp\/v2\/media?parent=302470"}],"wp:term":[{"taxonomy":"product_brand","embeddable":true,"href":"https:\/\/my-eliquid.de\/fr\/wp-json\/wp\/v2\/product_brand?post=302470"},{"taxonomy":"product_cat","embeddable":true,"href":"https:\/\/my-eliquid.de\/fr\/wp-json\/wp\/v2\/product_cat?post=302470"},{"taxonomy":"product_tag","embeddable":true,"href":"https:\/\/my-eliquid.de\/fr\/wp-json\/wp\/v2\/product_tag?post=302470"}],"curies":[{"name":"wp","href":"https:\/\/api.w.org\/{rel}","templated":true}]}}