{"id":302474,"date":"2014-05-24T00:00:00","date_gmt":"2014-05-23T22:00:00","guid":{"rendered":"https:\/\/my-eliquid.de\/shop\/toffee-aroma\/"},"modified":"2026-04-10T09:10:31","modified_gmt":"2026-04-10T07:10:31","slug":"toffee-aroma","status":"publish","type":"product","link":"https:\/\/my-eliquid.de\/fr\/shop\/toffee-aroma\/","title":{"rendered":"Ar\u00f4me caramel"},"content":{"rendered":"<p>Notre <strong>Ar\u00f4me caramel<\/strong> mit seinem s\u00fc\u00dfen, nussig-feinen <strong>Go\u00fbt de caramel<\/strong> provient de la lign\u00e9e des <strong>Nussigen Aromen<\/strong>. Unwiderstehliches <strong>Toffee-Vergn\u00fcgen<\/strong>: S\u00fc\u00df, cremig, nussig \u2013 einfach k\u00f6stlich! Das <strong>Ar\u00f4me caramel<\/strong> eignet sich zum <strong>Aromatisieren und Herstellen von eigenen Liquids<\/strong> und kann <strong>mit anderen Aromen gemischt<\/strong> werden. Auf diese Weise kreieren Sie immer wieder neue, individuelle Fl\u00fcssigkeiten! <strong>ar\u00f4mes<\/strong> ne doivent pas \u00eatre utilis\u00e9s non dilu\u00e9s et doivent toujours \u00eatre m\u00e9lang\u00e9s \u00e0 une <strong>base<\/strong> \u00eatre ajout\u00e9.<\/p>","protected":false},"excerpt":{"rendered":"<p>Pouvez-vous r\u00e9sister ? Notre <strong>Ar\u00f4me caramel<\/strong> s\u00e9duit par son go\u00fbt de noisette et de cr\u00e8me. <strong>Go\u00fbt de caramel<\/strong> de <strong>Chocolat, noisettes, nougat et caramel fin<\/strong>!<\/p>","protected":false},"featured_media":319204,"comment_status":"open","ping_status":"closed","template":"","meta":{"_acf_changed":false,"_relevanssi_hide_post":"","_relevanssi_hide_content":"","_relevanssi_pin_for_all":"","_relevanssi_pin_keywords":"","_relevanssi_unpin_keywords":"","_relevanssi_related_keywords":"","_relevanssi_related_include_ids":"","_relevanssi_related_exclude_ids":"","_relevanssi_related_no_append":"","_relevanssi_related_not_related":"","_relevanssi_related_posts":"","_relevanssi_noindex_reason":""},"product_brand":[],"product_cat":[4733,4882,4701,4881,4710,4707],"product_tag":[1399,4914,5248,5215,5247],"class_list":{"0":"post-302474","1":"product","2":"type-product","3":"status-publish","4":"has-post-thumbnail","6":"product_cat-alle-aromen","7":"product_cat-aromen-ohne-sucralose","8":"product_cat-aromen","9":"product_cat-my-eliquid-aromen","10":"product_cat-nussige-aromen-liquid-e-zigarette","11":"product_cat-suesse-aromen-liquid-e-zigarette","12":"product_tag-aroma","13":"product_tag-eliquid","14":"product_tag-nussig","15":"product_tag-suesses","16":"product_tag-toffee","17":"product_shipping_class-standard","19":"first","20":"instock","21":"taxable","22":"shipping-taxable","23":"purchasable","24":"product-type-variable"},"acf":[],"_links":{"self":[{"href":"https:\/\/my-eliquid.de\/fr\/wp-json\/wp\/v2\/product\/302474","targetHints":{"allow":["GET"]}}],"collection":[{"href":"https:\/\/my-eliquid.de\/fr\/wp-json\/wp\/v2\/product"}],"about":[{"href":"https:\/\/my-eliquid.de\/fr\/wp-json\/wp\/v2\/types\/product"}],"replies":[{"embeddable":true,"href":"https:\/\/my-eliquid.de\/fr\/wp-json\/wp\/v2\/comments?post=302474"}],"wp:featuredmedia":[{"embeddable":true,"href":"https:\/\/my-eliquid.de\/fr\/wp-json\/wp\/v2\/media\/319204"}],"wp:attachment":[{"href":"https:\/\/my-eliquid.de\/fr\/wp-json\/wp\/v2\/media?parent=302474"}],"wp:term":[{"taxonomy":"product_brand","embeddable":true,"href":"https:\/\/my-eliquid.de\/fr\/wp-json\/wp\/v2\/product_brand?post=302474"},{"taxonomy":"product_cat","embeddable":true,"href":"https:\/\/my-eliquid.de\/fr\/wp-json\/wp\/v2\/product_cat?post=302474"},{"taxonomy":"product_tag","embeddable":true,"href":"https:\/\/my-eliquid.de\/fr\/wp-json\/wp\/v2\/product_tag?post=302474"}],"curies":[{"name":"wp","href":"https:\/\/api.w.org\/{rel}","templated":true}]}}