{"id":302483,"date":"2017-09-06T00:00:00","date_gmt":"2017-09-05T22:00:00","guid":{"rendered":"https:\/\/my-eliquid.de\/?post_type=product&#038;p=302483"},"modified":"2026-03-27T09:56:09","modified_gmt":"2026-03-27T08:56:09","slug":"mei-strud-l-aroma","status":"publish","type":"product","link":"https:\/\/my-eliquid.de\/fr\/shop\/mei-strud-l-aroma\/","title":{"rendered":"Ar\u00f4me Mei Strud\u2019l"},"content":{"rendered":"<p>Notre <strong>Mei Strud\u2018l Aroma<\/strong> mit seinem traditionsreichen <strong>Strudelgeschmack<\/strong> provient de la lign\u00e9e des <strong>ar\u00f4mes sucr\u00e9s<\/strong>. Die himmlisch guten Zutaten machen diesen \u00d6sterreichischen Klassiker zu einem Hochgenuss. Das <strong>Ar\u00f4me de strudel aux pommes<\/strong> Convient pour aromatiser et <strong>Fabrication de vos propres liquides<\/strong> et peut \u00eatre m\u00e9lang\u00e9 \u00e0 d'autres ar\u00f4mes. Vous pouvez ainsi cr\u00e9er sans cesse de nouveaux liquides personnalis\u00e9s ! <strong>ar\u00f4mes<\/strong> ne doivent pas \u00eatre utilis\u00e9s non dilu\u00e9s et doivent toujours \u00eatre m\u00e9lang\u00e9s \u00e0 une <strong>base<\/strong> \u00eatre ajout\u00e9.<\/p>","protected":false},"excerpt":{"rendered":"<p>P\u00e2te \u00e0 strudel, pommes sucr\u00e9es, raisins secs et cannelle sont les d\u00e9licieux ingr\u00e9dients de notre sensationnel <strong>Ar\u00f4me de strudel aux pommes<\/strong>, Il s'agit d'un produit de qualit\u00e9, dont on ne se lasse pas.<\/p>","protected":false},"featured_media":319238,"comment_status":"open","ping_status":"closed","template":"","meta":{"_acf_changed":false,"_relevanssi_hide_post":"","_relevanssi_hide_content":"","_relevanssi_pin_for_all":"","_relevanssi_pin_keywords":"","_relevanssi_unpin_keywords":"","_relevanssi_related_keywords":"","_relevanssi_related_include_ids":"","_relevanssi_related_exclude_ids":"","_relevanssi_related_no_append":"","_relevanssi_related_not_related":"","_relevanssi_related_posts":"","_relevanssi_noindex_reason":""},"product_brand":[],"product_cat":[4733,4882,4701,4881,4792,4712,4707],"product_tag":[1399,6847,5805,5792,6864,5226,6865,6584],"class_list":{"0":"post-302483","1":"product","2":"type-product","3":"status-publish","4":"has-post-thumbnail","6":"product_cat-alle-aromen","7":"product_cat-aromen-ohne-sucralose","8":"product_cat-aromen","9":"product_cat-my-eliquid-aromen","10":"product_cat-neue-aromen","11":"product_cat-special-aromen-liquid-e-zigarette","12":"product_cat-suesse-aromen-liquid-e-zigarette","13":"product_tag-aroma","14":"product_tag-aromen","15":"product_tag-liquid","16":"product_tag-liquids","17":"product_tag-mei","18":"product_tag-special","19":"product_tag-strudl","20":"product_tag-suesse","21":"product_shipping_class-standard","23":"first","24":"instock","25":"taxable","26":"shipping-taxable","27":"purchasable","28":"product-type-variable"},"acf":[],"_links":{"self":[{"href":"https:\/\/my-eliquid.de\/fr\/wp-json\/wp\/v2\/product\/302483","targetHints":{"allow":["GET"]}}],"collection":[{"href":"https:\/\/my-eliquid.de\/fr\/wp-json\/wp\/v2\/product"}],"about":[{"href":"https:\/\/my-eliquid.de\/fr\/wp-json\/wp\/v2\/types\/product"}],"replies":[{"embeddable":true,"href":"https:\/\/my-eliquid.de\/fr\/wp-json\/wp\/v2\/comments?post=302483"}],"wp:featuredmedia":[{"embeddable":true,"href":"https:\/\/my-eliquid.de\/fr\/wp-json\/wp\/v2\/media\/319238"}],"wp:attachment":[{"href":"https:\/\/my-eliquid.de\/fr\/wp-json\/wp\/v2\/media?parent=302483"}],"wp:term":[{"taxonomy":"product_brand","embeddable":true,"href":"https:\/\/my-eliquid.de\/fr\/wp-json\/wp\/v2\/product_brand?post=302483"},{"taxonomy":"product_cat","embeddable":true,"href":"https:\/\/my-eliquid.de\/fr\/wp-json\/wp\/v2\/product_cat?post=302483"},{"taxonomy":"product_tag","embeddable":true,"href":"https:\/\/my-eliquid.de\/fr\/wp-json\/wp\/v2\/product_tag?post=302483"}],"curies":[{"name":"wp","href":"https:\/\/api.w.org\/{rel}","templated":true}]}}