{"id":302486,"date":"2017-10-10T00:00:00","date_gmt":"2017-10-09T22:00:00","guid":{"rendered":"https:\/\/my-eliquid.de\/shop\/erdbeer-sahne-aroma\/"},"modified":"2026-03-04T08:45:55","modified_gmt":"2026-03-04T07:45:55","slug":"erdbeer-sahne-aroma","status":"publish","type":"product","link":"https:\/\/my-eliquid.de\/fr\/shop\/erdbeer-sahne-aroma\/","title":{"rendered":"Ar\u00f4me fraise-cr\u00e8me"},"content":{"rendered":"<p>Notre <strong>Ar\u00f4me fraise-cr\u00e8me<\/strong> mit seinem fruchtig-s\u00fc\u00dfen Geschmack von <strong>Erdbeeren und Sahne<\/strong> provient de la lign\u00e9e des <strong>S\u00fc\u00dfen Aromen<\/strong>. Der s\u00fc\u00dfe Traum feinster Erdbeeren und frisch geschlagener Sahne \u2013 einfach himmlisch! Das <strong>Ar\u00f4me fraise-cr\u00e8me<\/strong> eignet sich zum <strong>Aromatisieren und Herstellen von eigenen Liquids<\/strong> und kann <strong>mit anderen Aromen gemischt<\/strong> werden. Auf diese Weise kreieren Sie immer wieder neue, individuelle Fl\u00fcssigkeiten! <strong>ar\u00f4mes<\/strong> ne doivent pas \u00eatre utilis\u00e9s non dilu\u00e9s et doivent toujours \u00eatre m\u00e9lang\u00e9s \u00e0 une <strong>base<\/strong> \u00eatre ajout\u00e9.<\/p>","protected":false},"excerpt":{"rendered":"<p>Le go\u00fbt fruit\u00e9 des fruits frais <strong>fraises<\/strong> rencontre une portion savoureuse de d\u00e9licieux <strong>cr\u00e8me<\/strong>: Notre <strong>Ar\u00f4me fraise-cr\u00e8me<\/strong> et son m\u00e9lange s\u00e9duisant !<\/p>","protected":false},"featured_media":319241,"comment_status":"open","ping_status":"closed","template":"","meta":{"_acf_changed":false,"_relevanssi_hide_post":"","_relevanssi_hide_content":"","_relevanssi_pin_for_all":"","_relevanssi_pin_keywords":"","_relevanssi_unpin_keywords":"","_relevanssi_related_keywords":"","_relevanssi_related_include_ids":"","_relevanssi_related_exclude_ids":"","_relevanssi_related_no_append":"","_relevanssi_related_not_related":"","_relevanssi_related_posts":"","_relevanssi_noindex_reason":""},"product_brand":[],"product_cat":[4733,4882,4701,4881,4707],"product_tag":[1399,5108,4919,5107,4915,5166,4917,4914,5553,4918,5004,6869,4920],"class_list":{"0":"post-302486","1":"product","2":"type-product","3":"status-publish","4":"has-post-thumbnail","6":"product_cat-alle-aromen","7":"product_cat-aromen-ohne-sucralose","8":"product_cat-aromen","9":"product_cat-my-eliquid-aromen","10":"product_cat-suesse-aromen-liquid-e-zigarette","11":"product_tag-aroma","12":"product_tag-cream","13":"product_tag-dampfer","14":"product_tag-doozie","15":"product_tag-e-liquid","16":"product_tag-e-zigarette","17":"product_tag-e-zigi","18":"product_tag-eliquid","19":"product_tag-erdbeer-sahne","20":"product_tag-ezigarette","21":"product_tag-nachfuellfluessigkeit","22":"product_tag-strawberry","23":"product_tag-verdampfer","24":"product_shipping_class-standard","26":"first","27":"instock","28":"taxable","29":"shipping-taxable","30":"purchasable","31":"product-type-variable"},"acf":[],"_links":{"self":[{"href":"https:\/\/my-eliquid.de\/fr\/wp-json\/wp\/v2\/product\/302486","targetHints":{"allow":["GET"]}}],"collection":[{"href":"https:\/\/my-eliquid.de\/fr\/wp-json\/wp\/v2\/product"}],"about":[{"href":"https:\/\/my-eliquid.de\/fr\/wp-json\/wp\/v2\/types\/product"}],"replies":[{"embeddable":true,"href":"https:\/\/my-eliquid.de\/fr\/wp-json\/wp\/v2\/comments?post=302486"}],"wp:featuredmedia":[{"embeddable":true,"href":"https:\/\/my-eliquid.de\/fr\/wp-json\/wp\/v2\/media\/319241"}],"wp:attachment":[{"href":"https:\/\/my-eliquid.de\/fr\/wp-json\/wp\/v2\/media?parent=302486"}],"wp:term":[{"taxonomy":"product_brand","embeddable":true,"href":"https:\/\/my-eliquid.de\/fr\/wp-json\/wp\/v2\/product_brand?post=302486"},{"taxonomy":"product_cat","embeddable":true,"href":"https:\/\/my-eliquid.de\/fr\/wp-json\/wp\/v2\/product_cat?post=302486"},{"taxonomy":"product_tag","embeddable":true,"href":"https:\/\/my-eliquid.de\/fr\/wp-json\/wp\/v2\/product_tag?post=302486"}],"curies":[{"name":"wp","href":"https:\/\/api.w.org\/{rel}","templated":true}]}}