{"id":302491,"date":"2015-03-19T00:00:00","date_gmt":"2015-03-18T23:00:00","guid":{"rendered":"https:\/\/my-eliquid.de\/shop\/sugarcookie-aroma\/"},"modified":"2026-04-15T08:41:45","modified_gmt":"2026-04-15T06:41:45","slug":"sugarcookie-aroma","status":"publish","type":"product","link":"https:\/\/my-eliquid.de\/fr\/shop\/sugarcookie-aroma\/","title":{"rendered":"Ar\u00f4me Sugarcookie"},"content":{"rendered":"<p>Notre <strong>Ar\u00f4me de biscuit sucr\u00e9<\/strong> mit seinem lieblich-s\u00fc\u00dfen <strong>Keksgeschmack<\/strong> provient de la lign\u00e9e des <strong>Ar\u00f4mes sp\u00e9ciaux<\/strong>. Ofenfrischer Geschmack trifft auf liebliche Keks-Verf\u00fchrung \u2013 Lecker! Das <strong>Ar\u00f4me de biscuit sucr\u00e9<\/strong> eignet sich zum <strong>Aromatisieren und Herstellen von eigenen Liquids<\/strong> und kann <strong>mit anderen Aromen gemischt<\/strong> werden. Auf diese Weise kreieren Sie immer wieder neue, individuelle Fl\u00fcssigkeiten! <strong>ar\u00f4mes<\/strong> ne doivent pas \u00eatre utilis\u00e9s non dilu\u00e9s et doivent toujours \u00eatre m\u00e9lang\u00e9s \u00e0 une <strong>base<\/strong> \u00eatre ajout\u00e9.<\/p>","protected":false},"excerpt":{"rendered":"<p>La douce g\u00e2terie des enfants fra\u00eechement sortis du four <strong>Biscuits<\/strong>: Notre <strong>Ar\u00f4me de biscuit sucr\u00e9<\/strong> a le go\u00fbt de biscuits d\u00e9licieusement parfum\u00e9s, sucr\u00e9s &amp; d\u00e9licieusement frais du four.<\/p>","protected":false},"featured_media":319274,"comment_status":"open","ping_status":"closed","template":"","meta":{"_acf_changed":false,"_relevanssi_hide_post":"","_relevanssi_hide_content":"","_relevanssi_pin_for_all":"","_relevanssi_pin_keywords":"","_relevanssi_unpin_keywords":"","_relevanssi_related_keywords":"","_relevanssi_related_include_ids":"","_relevanssi_related_exclude_ids":"","_relevanssi_related_no_append":"","_relevanssi_related_not_related":"","_relevanssi_related_posts":"","_relevanssi_noindex_reason":""},"product_brand":[],"product_cat":[4733,4882,4701,4881,4712,4707],"product_tag":[4919,4915,5166,4917,4914,4918,5004,5292,4920],"class_list":{"0":"post-302491","1":"product","2":"type-product","3":"status-publish","4":"has-post-thumbnail","6":"product_cat-alle-aromen","7":"product_cat-aromen-ohne-sucralose","8":"product_cat-aromen","9":"product_cat-my-eliquid-aromen","10":"product_cat-special-aromen-liquid-e-zigarette","11":"product_cat-suesse-aromen-liquid-e-zigarette","12":"product_tag-dampfer","13":"product_tag-e-liquid","14":"product_tag-e-zigarette","15":"product_tag-e-zigi","16":"product_tag-eliquid","17":"product_tag-ezigarette","18":"product_tag-nachfuellfluessigkeit","19":"product_tag-sugarcookie","20":"product_tag-verdampfer","21":"product_shipping_class-standard","23":"first","24":"instock","25":"taxable","26":"shipping-taxable","27":"purchasable","28":"product-type-variable"},"acf":[],"_links":{"self":[{"href":"https:\/\/my-eliquid.de\/fr\/wp-json\/wp\/v2\/product\/302491","targetHints":{"allow":["GET"]}}],"collection":[{"href":"https:\/\/my-eliquid.de\/fr\/wp-json\/wp\/v2\/product"}],"about":[{"href":"https:\/\/my-eliquid.de\/fr\/wp-json\/wp\/v2\/types\/product"}],"replies":[{"embeddable":true,"href":"https:\/\/my-eliquid.de\/fr\/wp-json\/wp\/v2\/comments?post=302491"}],"wp:featuredmedia":[{"embeddable":true,"href":"https:\/\/my-eliquid.de\/fr\/wp-json\/wp\/v2\/media\/319274"}],"wp:attachment":[{"href":"https:\/\/my-eliquid.de\/fr\/wp-json\/wp\/v2\/media?parent=302491"}],"wp:term":[{"taxonomy":"product_brand","embeddable":true,"href":"https:\/\/my-eliquid.de\/fr\/wp-json\/wp\/v2\/product_brand?post=302491"},{"taxonomy":"product_cat","embeddable":true,"href":"https:\/\/my-eliquid.de\/fr\/wp-json\/wp\/v2\/product_cat?post=302491"},{"taxonomy":"product_tag","embeddable":true,"href":"https:\/\/my-eliquid.de\/fr\/wp-json\/wp\/v2\/product_tag?post=302491"}],"curies":[{"name":"wp","href":"https:\/\/api.w.org\/{rel}","templated":true}]}}