{"id":302497,"date":"2011-11-09T00:00:00","date_gmt":"2011-11-08T23:00:00","guid":{"rendered":"https:\/\/my-eliquid.de\/shop\/ry4-aroma\/"},"modified":"2026-03-27T09:56:09","modified_gmt":"2026-03-27T08:56:09","slug":"ry4-aroma","status":"publish","type":"product","link":"https:\/\/my-eliquid.de\/fr\/shop\/ry4-aroma\/","title":{"rendered":"Ar\u00f4me de tabac RY4"},"content":{"rendered":"<p>Notre <strong>RY4 Tabak Aroma<\/strong> mischt die beliebtesten <strong>Types de tabac<\/strong> und sorgt somit f\u00fcr einen delikates Geschmackserlebnis und stammt aus der Linie der <strong>Tabak Aromen<\/strong>. Der w\u00fcrzig-vollmundige Tabak-Mix f\u00fcr Freunde von wohlschmeckendem Tabak. Das <strong>RY4 Tabak Aroma<\/strong> Convient pour aromatiser et <strong>Fabrication de vos propres liquides<\/strong> et peut \u00eatre associ\u00e9 \u00e0 d'autres <strong>Ar\u00f4mes m\u00e9lang\u00e9s<\/strong> de la m\u00eame mani\u00e8re. De cette mani\u00e8re, vous cr\u00e9ez sans cesse des <strong>Liquides<\/strong>! <strong>ar\u00f4mes<\/strong> ne doivent pas \u00eatre utilis\u00e9s non dilu\u00e9s et doivent toujours \u00eatre m\u00e9lang\u00e9s \u00e0 une <strong>base<\/strong> \u00eatre ajout\u00e9.<\/p>","protected":false},"excerpt":{"rendered":"<p>Le plaisir savoureux pour le consommateur exigeant <strong>Connaisseur du tabac<\/strong>: Notre <strong>ar\u00f4me subtil de tabac RY4<\/strong> m\u00e9lange les saveurs d\u00e9licates des plus exquises <strong>Types de tabac<\/strong>.<\/p>","protected":false},"featured_media":319316,"comment_status":"open","ping_status":"closed","template":"","meta":{"_acf_changed":false,"_relevanssi_hide_post":"","_relevanssi_hide_content":"","_relevanssi_pin_for_all":"","_relevanssi_pin_keywords":"","_relevanssi_unpin_keywords":"","_relevanssi_related_keywords":"","_relevanssi_related_include_ids":"","_relevanssi_related_exclude_ids":"","_relevanssi_related_no_append":"","_relevanssi_related_not_related":"","_relevanssi_related_posts":"","_relevanssi_noindex_reason":""},"product_brand":[],"product_cat":[4733,4882,4701,4881,4703],"product_tag":[4919,4915,5166,4917,4914,4918,5004,6975,6527,4920],"class_list":{"0":"post-302497","1":"product","2":"type-product","3":"status-publish","4":"has-post-thumbnail","6":"product_cat-alle-aromen","7":"product_cat-aromen-ohne-sucralose","8":"product_cat-aromen","9":"product_cat-my-eliquid-aromen","10":"product_cat-tabak-aromen-liquid-e-zigarette","11":"product_tag-dampfer","12":"product_tag-e-liquid","13":"product_tag-e-zigarette","14":"product_tag-e-zigi","15":"product_tag-eliquid","16":"product_tag-ezigarette","17":"product_tag-nachfuellfluessigkeit","18":"product_tag-ry4","19":"product_tag-tabak","20":"product_tag-verdampfer","21":"product_shipping_class-standard","23":"first","24":"instock","25":"taxable","26":"shipping-taxable","27":"purchasable","28":"product-type-variable"},"acf":[],"_links":{"self":[{"href":"https:\/\/my-eliquid.de\/fr\/wp-json\/wp\/v2\/product\/302497","targetHints":{"allow":["GET"]}}],"collection":[{"href":"https:\/\/my-eliquid.de\/fr\/wp-json\/wp\/v2\/product"}],"about":[{"href":"https:\/\/my-eliquid.de\/fr\/wp-json\/wp\/v2\/types\/product"}],"replies":[{"embeddable":true,"href":"https:\/\/my-eliquid.de\/fr\/wp-json\/wp\/v2\/comments?post=302497"}],"wp:featuredmedia":[{"embeddable":true,"href":"https:\/\/my-eliquid.de\/fr\/wp-json\/wp\/v2\/media\/319316"}],"wp:attachment":[{"href":"https:\/\/my-eliquid.de\/fr\/wp-json\/wp\/v2\/media?parent=302497"}],"wp:term":[{"taxonomy":"product_brand","embeddable":true,"href":"https:\/\/my-eliquid.de\/fr\/wp-json\/wp\/v2\/product_brand?post=302497"},{"taxonomy":"product_cat","embeddable":true,"href":"https:\/\/my-eliquid.de\/fr\/wp-json\/wp\/v2\/product_cat?post=302497"},{"taxonomy":"product_tag","embeddable":true,"href":"https:\/\/my-eliquid.de\/fr\/wp-json\/wp\/v2\/product_tag?post=302497"}],"curies":[{"name":"wp","href":"https:\/\/api.w.org\/{rel}","templated":true}]}}