{"id":302508,"date":"2017-09-06T00:00:00","date_gmt":"2017-09-05T22:00:00","guid":{"rendered":"https:\/\/my-eliquid.de\/shop\/fruchtwolkchen-aroma\/"},"modified":"2026-03-10T09:17:01","modified_gmt":"2026-03-10T08:17:01","slug":"fruchtwolkchen-aroma","status":"publish","type":"product","link":"https:\/\/my-eliquid.de\/fr\/shop\/fruchtwolkchen-aroma\/","title":{"rendered":"Ar\u00f4me Fruchtw\u00f6lkchen"},"content":{"rendered":"<p>Notre <strong>Ar\u00f4me Fruchtw\u00f6lkchen<\/strong> mit seinem einzigartigen <strong>Fruchtgeschmack<\/strong> provient de la lign\u00e9e des <strong>Ar\u00f4mes fruit\u00e9s<\/strong>. Die ganze Power von himmlisch leckerem Obstsalat aus vielen frischen Fr\u00fcchten versteckt sich in diesen kleinen Fl\u00e4schchen. Das <strong>Ar\u00f4me Fruchtw\u00f6lkchen<\/strong> Convient pour aromatiser et <strong>Fabrication de vos propres liquides<\/strong> et peut \u00eatre m\u00e9lang\u00e9 \u00e0 d'autres ar\u00f4mes. Vous pouvez ainsi cr\u00e9er sans cesse de nouveaux liquides personnalis\u00e9s ! <strong>ar\u00f4mes<\/strong> ne doivent pas \u00eatre utilis\u00e9s non dilu\u00e9s et doivent toujours \u00eatre m\u00e9lang\u00e9s \u00e0 une <strong>base<\/strong> \u00eatre ajout\u00e9.<\/p>","protected":false},"excerpt":{"rendered":"<p>Avec notre <strong>Ar\u00f4me Fruchtw\u00f6lkchen<\/strong> vous pouvez vous passer de couper et d'\u00e9plucher les fruits et pr\u00e9parer de d\u00e9licieuses salades de fruits frais dans votre cuisine. <strong>E-cigarette<\/strong> profiter.<\/p>","protected":false},"featured_media":319337,"comment_status":"open","ping_status":"closed","template":"","meta":{"_acf_changed":false,"_relevanssi_hide_post":"","_relevanssi_hide_content":"","_relevanssi_pin_for_all":"","_relevanssi_pin_keywords":"","_relevanssi_unpin_keywords":"","_relevanssi_related_keywords":"","_relevanssi_related_include_ids":"","_relevanssi_related_exclude_ids":"","_relevanssi_related_no_append":"","_relevanssi_related_not_related":"","_relevanssi_related_posts":"","_relevanssi_noindex_reason":""},"product_brand":[],"product_cat":[4733,4882,4701,4705,4881],"product_tag":[1399,6985],"class_list":{"0":"post-302508","1":"product","2":"type-product","3":"status-publish","4":"has-post-thumbnail","6":"product_cat-alle-aromen","7":"product_cat-aromen-ohne-sucralose","8":"product_cat-aromen","9":"product_cat-frucht-aromen-liquid-e-zigarette","10":"product_cat-my-eliquid-aromen","11":"product_tag-aroma","12":"product_tag-fruchtwoelkchen","13":"product_shipping_class-standard","15":"first","16":"outofstock","17":"taxable","18":"shipping-taxable","19":"purchasable","20":"product-type-variable"},"acf":[],"_links":{"self":[{"href":"https:\/\/my-eliquid.de\/fr\/wp-json\/wp\/v2\/product\/302508","targetHints":{"allow":["GET"]}}],"collection":[{"href":"https:\/\/my-eliquid.de\/fr\/wp-json\/wp\/v2\/product"}],"about":[{"href":"https:\/\/my-eliquid.de\/fr\/wp-json\/wp\/v2\/types\/product"}],"replies":[{"embeddable":true,"href":"https:\/\/my-eliquid.de\/fr\/wp-json\/wp\/v2\/comments?post=302508"}],"wp:featuredmedia":[{"embeddable":true,"href":"https:\/\/my-eliquid.de\/fr\/wp-json\/wp\/v2\/media\/319337"}],"wp:attachment":[{"href":"https:\/\/my-eliquid.de\/fr\/wp-json\/wp\/v2\/media?parent=302508"}],"wp:term":[{"taxonomy":"product_brand","embeddable":true,"href":"https:\/\/my-eliquid.de\/fr\/wp-json\/wp\/v2\/product_brand?post=302508"},{"taxonomy":"product_cat","embeddable":true,"href":"https:\/\/my-eliquid.de\/fr\/wp-json\/wp\/v2\/product_cat?post=302508"},{"taxonomy":"product_tag","embeddable":true,"href":"https:\/\/my-eliquid.de\/fr\/wp-json\/wp\/v2\/product_tag?post=302508"}],"curies":[{"name":"wp","href":"https:\/\/api.w.org\/{rel}","templated":true}]}}