{"id":302513,"date":"2019-10-24T00:00:00","date_gmt":"2019-10-23T22:00:00","guid":{"rendered":"https:\/\/my-eliquid.de\/shop\/mel-aroma-peanut-butter\/"},"modified":"2026-03-30T07:44:43","modified_gmt":"2026-03-30T05:44:43","slug":"mel-aroma-peanut-butter","status":"publish","type":"product","link":"https:\/\/my-eliquid.de\/fr\/shop\/mel-aroma-peanut-butter\/","title":{"rendered":"Ar\u00f4me beurre de cacahu\u00e8te"},"content":{"rendered":"<p>Notre\u00a0<strong>Ar\u00f4me beurre de cacahu\u00e8te<\/strong>\u00a0mit seinem authentisch\u00a0angenehmen <strong>Go\u00fbt de noix\u00a0<\/strong>provient de la lign\u00e9e des\u00a0<strong>Spezial Aromen<\/strong>.<\/p>\n<p>Nat\u00fcrliche <strong>Cacahu\u00e8tes<\/strong> die sich Ideal zum mischen von eigenen Liquids eignet, da dieses Aroma exzellent mit anderen Harmoniert.<\/p>\n<p>Le <strong>Peanut Butter\u00a0Aroma<\/strong>\u00a0Convient pour aromatiser et\u00a0<strong>Fabrication de vos propres liquides<\/strong>\u00a0und kann mit anderen Aromen gemischt werden.\u00a0<\/p>\n<p>De cette mani\u00e8re, vous cr\u00e9ez sans cesse de nouveaux liquides personnalis\u00e9s !<\/p>\n<p><strong>ar\u00f4mes<\/strong>\u00a0ne doivent pas \u00eatre utilis\u00e9s non dilu\u00e9s et doivent toujours \u00eatre m\u00e9lang\u00e9s \u00e0 une\u00a0<strong>base<\/strong>\u00a0\u00eatre ajout\u00e9.<\/p>","protected":false},"excerpt":{"rendered":"<p>Notre <strong>Ar\u00f4me beurre de cacahu\u00e8te<\/strong> avec son authentique et agr\u00e9able <strong>Go\u00fbt de noix<\/strong>. Naturel <strong>Cacahu\u00e8tes<\/strong> qui convient parfaitement pour m\u00e9langer ses propres liquides.<\/p>","protected":false},"featured_media":319353,"comment_status":"open","ping_status":"closed","template":"","meta":{"_acf_changed":false,"_relevanssi_hide_post":"","_relevanssi_hide_content":"","_relevanssi_pin_for_all":"","_relevanssi_pin_keywords":"","_relevanssi_unpin_keywords":"","_relevanssi_related_keywords":"","_relevanssi_related_include_ids":"","_relevanssi_related_exclude_ids":"","_relevanssi_related_no_append":"","_relevanssi_related_not_related":"","_relevanssi_related_posts":"","_relevanssi_noindex_reason":""},"product_brand":[],"product_cat":[4733,4882,4881,4792,4710,4712],"product_tag":[7001,4919,4915,5166,4917,4914,7000,4918,5004,7002,4920],"class_list":{"0":"post-302513","1":"product","2":"type-product","3":"status-publish","4":"has-post-thumbnail","6":"product_cat-alle-aromen","7":"product_cat-aromen-ohne-sucralose","8":"product_cat-my-eliquid-aromen","9":"product_cat-neue-aromen","10":"product_cat-nussige-aromen-liquid-e-zigarette","11":"product_cat-special-aromen-liquid-e-zigarette","12":"product_tag-butter","13":"product_tag-dampfer","14":"product_tag-e-liquid","15":"product_tag-e-zigarette","16":"product_tag-e-zigi","17":"product_tag-eliquid","18":"product_tag-erdnuss","19":"product_tag-ezigarette","20":"product_tag-nachfuellfluessigkeit","21":"product_tag-peanut","22":"product_tag-verdampfer","23":"product_shipping_class-standard","25":"first","26":"instock","27":"taxable","28":"shipping-taxable","29":"purchasable","30":"product-type-variable"},"acf":[],"_links":{"self":[{"href":"https:\/\/my-eliquid.de\/fr\/wp-json\/wp\/v2\/product\/302513","targetHints":{"allow":["GET"]}}],"collection":[{"href":"https:\/\/my-eliquid.de\/fr\/wp-json\/wp\/v2\/product"}],"about":[{"href":"https:\/\/my-eliquid.de\/fr\/wp-json\/wp\/v2\/types\/product"}],"replies":[{"embeddable":true,"href":"https:\/\/my-eliquid.de\/fr\/wp-json\/wp\/v2\/comments?post=302513"}],"wp:featuredmedia":[{"embeddable":true,"href":"https:\/\/my-eliquid.de\/fr\/wp-json\/wp\/v2\/media\/319353"}],"wp:attachment":[{"href":"https:\/\/my-eliquid.de\/fr\/wp-json\/wp\/v2\/media?parent=302513"}],"wp:term":[{"taxonomy":"product_brand","embeddable":true,"href":"https:\/\/my-eliquid.de\/fr\/wp-json\/wp\/v2\/product_brand?post=302513"},{"taxonomy":"product_cat","embeddable":true,"href":"https:\/\/my-eliquid.de\/fr\/wp-json\/wp\/v2\/product_cat?post=302513"},{"taxonomy":"product_tag","embeddable":true,"href":"https:\/\/my-eliquid.de\/fr\/wp-json\/wp\/v2\/product_tag?post=302513"}],"curies":[{"name":"wp","href":"https:\/\/api.w.org\/{rel}","templated":true}]}}