{"id":302528,"date":"2019-02-25T00:00:00","date_gmt":"2019-02-24T23:00:00","guid":{"rendered":"https:\/\/my-eliquid.de\/shop\/mel-milch-aroma-10ml\/"},"modified":"2026-01-30T13:35:25","modified_gmt":"2026-01-30T12:35:25","slug":"mel-milch-aroma-10ml","status":"publish","type":"product","link":"https:\/\/my-eliquid.de\/fr\/shop\/mel-milch-aroma-10ml\/","title":{"rendered":"Ar\u00f4me de lait"},"content":{"rendered":"<p style=\"line-height: 19px;\">Unser neues\u00a0<strong>Ar\u00f4me de lait<\/strong>\u00a0eignet sich besonders zum verfeinern der Eigenen Liquid Kreationen.<\/p>\n<p style=\"line-height: 19px;\">Es ist ein leicht s\u00fc\u00dfsliches Milch Erlebnis. Nat\u00fcrlich, nicht s\u00e4uerlich!<\/p>\n<p style=\"line-height: 19px;\">Mild und Cremig, f\u00fcr ein milchiges Geschmackserlebnis.<\/p>\n<p style=\"line-height: 19px;\">Dosierempfehlung: Als reines Milch Liquid ben\u00f6tigen 5-10 %<\/p>\n<p style=\"line-height: 19px;\">\u00a0 \u00a0 \u00a0 \u00a0 \u00a0 \u00a0 \u00a0 \u00a0 \u00a0 \u00a0 \u00a0 \u00a0 \u00a0 \u00a0 \u00a0 zum Mischen in ein anderes Aroma empfehlen wir 1-3 %<\/p>\n<p style=\"line-height: 19px;\">Le\u00a0<strong>Ar\u00f4me de lait<\/strong>\u00a0convient pour aromatiser et fabriquer ses propres liquides et peut \u00eatre m\u00e9lang\u00e9 \u00e0 d'autres ar\u00f4mes.<\/p>\n<p style=\"line-height: 19px;\">De cette mani\u00e8re, vous cr\u00e9ez sans cesse de nouveaux liquides personnalis\u00e9s !<\/p>\n<p style=\"line-height: 19px;\"><strong>Les ar\u00f4mes ne doivent pas \u00eatre utilis\u00e9s non dilu\u00e9s et doivent toujours \u00eatre ajout\u00e9s \u00e0 une base.<\/strong><\/p>","protected":false},"excerpt":{"rendered":"<p><span style=\"line-height: 19px\">Notre nouvel ar\u00f4me de lait est particuli\u00e8rement adapt\u00e9 pour affiner vos propres cr\u00e9ations de liquides.<\/span><\/p>","protected":false},"featured_media":319417,"comment_status":"open","ping_status":"closed","template":"","meta":{"_acf_changed":false,"_relevanssi_hide_post":"","_relevanssi_hide_content":"","_relevanssi_pin_for_all":"","_relevanssi_pin_keywords":"","_relevanssi_unpin_keywords":"","_relevanssi_related_keywords":"","_relevanssi_related_include_ids":"","_relevanssi_related_exclude_ids":"","_relevanssi_related_no_append":"","_relevanssi_related_not_related":"","_relevanssi_related_posts":"","_relevanssi_noindex_reason":""},"product_brand":[],"product_cat":[4733,4882,4701,4702,4881,4792,4712,4707],"product_tag":[1399,6847,7073,5805,5792,7074],"class_list":{"0":"post-302528","1":"product","2":"type-product","3":"status-publish","4":"has-post-thumbnail","6":"product_cat-alle-aromen","7":"product_cat-aromen-ohne-sucralose","8":"product_cat-aromen","9":"product_cat-drinks-aromen-liquid-e-zigarette","10":"product_cat-my-eliquid-aromen","11":"product_cat-neue-aromen","12":"product_cat-special-aromen-liquid-e-zigarette","13":"product_cat-suesse-aromen-liquid-e-zigarette","14":"product_tag-aroma","15":"product_tag-aromen","16":"product_tag-cremige","17":"product_tag-liquid","18":"product_tag-liquids","19":"product_tag-milch","20":"product_shipping_class-standard","22":"first","23":"instock","24":"taxable","25":"shipping-taxable","26":"purchasable","27":"product-type-variable"},"acf":[],"_links":{"self":[{"href":"https:\/\/my-eliquid.de\/fr\/wp-json\/wp\/v2\/product\/302528","targetHints":{"allow":["GET"]}}],"collection":[{"href":"https:\/\/my-eliquid.de\/fr\/wp-json\/wp\/v2\/product"}],"about":[{"href":"https:\/\/my-eliquid.de\/fr\/wp-json\/wp\/v2\/types\/product"}],"replies":[{"embeddable":true,"href":"https:\/\/my-eliquid.de\/fr\/wp-json\/wp\/v2\/comments?post=302528"}],"wp:featuredmedia":[{"embeddable":true,"href":"https:\/\/my-eliquid.de\/fr\/wp-json\/wp\/v2\/media\/319417"}],"wp:attachment":[{"href":"https:\/\/my-eliquid.de\/fr\/wp-json\/wp\/v2\/media?parent=302528"}],"wp:term":[{"taxonomy":"product_brand","embeddable":true,"href":"https:\/\/my-eliquid.de\/fr\/wp-json\/wp\/v2\/product_brand?post=302528"},{"taxonomy":"product_cat","embeddable":true,"href":"https:\/\/my-eliquid.de\/fr\/wp-json\/wp\/v2\/product_cat?post=302528"},{"taxonomy":"product_tag","embeddable":true,"href":"https:\/\/my-eliquid.de\/fr\/wp-json\/wp\/v2\/product_tag?post=302528"}],"curies":[{"name":"wp","href":"https:\/\/api.w.org\/{rel}","templated":true}]}}