{"id":302530,"date":"2011-11-30T00:00:00","date_gmt":"2011-11-29T23:00:00","guid":{"rendered":"https:\/\/my-eliquid.de\/shop\/virginia-aroma\/"},"modified":"2026-03-30T07:44:46","modified_gmt":"2026-03-30T05:44:46","slug":"virginia-aroma","status":"publish","type":"product","link":"https:\/\/my-eliquid.de\/fr\/shop\/virginia-aroma\/","title":{"rendered":"Ar\u00f4me Virginie"},"content":{"rendered":"<p>Notre <strong>Ar\u00f4me Virginie<\/strong> mit seinem <strong>sanft-milden Tabakgeschmack<\/strong> und der fein-s\u00fc\u00dflichen Note stammt aus der Linie der <strong>Tabak Aromen<\/strong>. Der k\u00f6stliche Geschmack der beliebten <strong>Tabaksorte aus den USA<\/strong> \u2013 Amazing! Das <strong>Ar\u00f4me Virginie<\/strong> Convient pour aromatiser et <strong>Fabrication de vos propres liquides<\/strong> et peut \u00eatre associ\u00e9 \u00e0 d'autres <strong>Ar\u00f4mes m\u00e9lang\u00e9s<\/strong> de la m\u00eame mani\u00e8re. De cette mani\u00e8re, vous cr\u00e9ez sans cesse des <strong>Liquides<\/strong>! <strong>ar\u00f4mes<\/strong> ne doivent pas \u00eatre utilis\u00e9s non dilu\u00e9s et doivent toujours \u00eatre m\u00e9lang\u00e9s \u00e0 une <strong>base<\/strong> \u00eatre ajout\u00e9.<\/p>","protected":false},"excerpt":{"rendered":"<p>La s\u00e9lection de produits am\u00e9ricains originaux <strong>tabac<\/strong>-plaisir et plaisir : Notre <strong>Ar\u00f4me Virginie<\/strong> s\u00e9duit par son go\u00fbt d\u00e9licieux et subtil de douceur fra\u00eeche &amp; une note sucr\u00e9e !<\/p>","protected":false},"featured_media":319430,"comment_status":"open","ping_status":"closed","template":"","meta":{"_acf_changed":false,"_relevanssi_hide_post":"","_relevanssi_hide_content":"","_relevanssi_pin_for_all":"","_relevanssi_pin_keywords":"","_relevanssi_unpin_keywords":"","_relevanssi_related_keywords":"","_relevanssi_related_include_ids":"","_relevanssi_related_exclude_ids":"","_relevanssi_related_no_append":"","_relevanssi_related_not_related":"","_relevanssi_related_posts":"","_relevanssi_noindex_reason":""},"product_brand":[],"product_cat":[4733,4882,4701,4881,4703],"product_tag":[4919,4915,5166,4917,4914,4918,5004,4920,4997],"class_list":{"0":"post-302530","1":"product","2":"type-product","3":"status-publish","4":"has-post-thumbnail","6":"product_cat-alle-aromen","7":"product_cat-aromen-ohne-sucralose","8":"product_cat-aromen","9":"product_cat-my-eliquid-aromen","10":"product_cat-tabak-aromen-liquid-e-zigarette","11":"product_tag-dampfer","12":"product_tag-e-liquid","13":"product_tag-e-zigarette","14":"product_tag-e-zigi","15":"product_tag-eliquid","16":"product_tag-ezigarette","17":"product_tag-nachfuellfluessigkeit","18":"product_tag-verdampfer","19":"product_tag-virginia","20":"product_shipping_class-standard","22":"first","23":"instock","24":"taxable","25":"shipping-taxable","26":"purchasable","27":"product-type-variable"},"acf":[],"_links":{"self":[{"href":"https:\/\/my-eliquid.de\/fr\/wp-json\/wp\/v2\/product\/302530","targetHints":{"allow":["GET"]}}],"collection":[{"href":"https:\/\/my-eliquid.de\/fr\/wp-json\/wp\/v2\/product"}],"about":[{"href":"https:\/\/my-eliquid.de\/fr\/wp-json\/wp\/v2\/types\/product"}],"replies":[{"embeddable":true,"href":"https:\/\/my-eliquid.de\/fr\/wp-json\/wp\/v2\/comments?post=302530"}],"wp:featuredmedia":[{"embeddable":true,"href":"https:\/\/my-eliquid.de\/fr\/wp-json\/wp\/v2\/media\/319430"}],"wp:attachment":[{"href":"https:\/\/my-eliquid.de\/fr\/wp-json\/wp\/v2\/media?parent=302530"}],"wp:term":[{"taxonomy":"product_brand","embeddable":true,"href":"https:\/\/my-eliquid.de\/fr\/wp-json\/wp\/v2\/product_brand?post=302530"},{"taxonomy":"product_cat","embeddable":true,"href":"https:\/\/my-eliquid.de\/fr\/wp-json\/wp\/v2\/product_cat?post=302530"},{"taxonomy":"product_tag","embeddable":true,"href":"https:\/\/my-eliquid.de\/fr\/wp-json\/wp\/v2\/product_tag?post=302530"}],"curies":[{"name":"wp","href":"https:\/\/api.w.org\/{rel}","templated":true}]}}