{"id":302545,"date":"2015-04-24T00:00:00","date_gmt":"2015-04-23T22:00:00","guid":{"rendered":"https:\/\/my-eliquid.de\/shop\/nebula-aroma\/"},"modified":"2026-02-23T09:33:16","modified_gmt":"2026-02-23T08:33:16","slug":"nebula-aroma","status":"publish","type":"product","link":"https:\/\/my-eliquid.de\/fr\/shop\/nebula-aroma\/","title":{"rendered":"Ar\u00f4me de n\u00e9buleuse"},"content":{"rendered":"<p>Notre <strong>Ar\u00f4me de n\u00e9buleuse<\/strong> mit seinem fruchtigen, s\u00fc\u00df-blumigen <strong>Go\u00fbt de chewing-gum<\/strong> provient de la lign\u00e9e des <strong>Ar\u00f4mes sp\u00e9ciaux<\/strong>. Da werden Erinnerungen wach: Vollster Bubblegum-Spa\u00df! Das <strong>Ar\u00f4me de n\u00e9buleuse<\/strong> eignet sich zum <strong>Aromatisieren und Herstellen von eigenen Liquids<\/strong> und kann <strong>mit anderen Aromen gemischt<\/strong> werden. Auf diese Weise kreieren Sie immer wieder neue, individuelle Fl\u00fcssigkeiten! <strong>ar\u00f4mes<\/strong> ne doivent pas \u00eatre utilis\u00e9s non dilu\u00e9s et doivent toujours \u00eatre m\u00e9lang\u00e9s \u00e0 une <strong>base<\/strong> \u00eatre ajout\u00e9.<\/p>","protected":false},"excerpt":{"rendered":"<p>Le remarquable <strong>Go\u00fbt Bubblegum<\/strong> des ann\u00e9es 90 frappe en retour : notre <strong>Ar\u00f4me de n\u00e9buleuse<\/strong> vous fait retrouver le plaisir inoubliable d'un chewing-gum fruit\u00e9 et sucr\u00e9 !<\/p>","protected":false},"featured_media":319479,"comment_status":"open","ping_status":"closed","template":"","meta":{"_acf_changed":false,"_relevanssi_hide_post":"","_relevanssi_hide_content":"","_relevanssi_pin_for_all":"","_relevanssi_pin_keywords":"","_relevanssi_unpin_keywords":"","_relevanssi_related_keywords":"","_relevanssi_related_include_ids":"","_relevanssi_related_exclude_ids":"","_relevanssi_related_no_append":"","_relevanssi_related_not_related":"","_relevanssi_related_posts":"","_relevanssi_noindex_reason":""},"product_brand":[],"product_cat":[4733,4882,4881,4712,4707],"product_tag":[4919,4915,5166,4917,4914,4918,5004,5301,4920],"class_list":{"0":"post-302545","1":"product","2":"type-product","3":"status-publish","4":"has-post-thumbnail","6":"product_cat-alle-aromen","7":"product_cat-aromen-ohne-sucralose","8":"product_cat-my-eliquid-aromen","9":"product_cat-special-aromen-liquid-e-zigarette","10":"product_cat-suesse-aromen-liquid-e-zigarette","11":"product_tag-dampfer","12":"product_tag-e-liquid","13":"product_tag-e-zigarette","14":"product_tag-e-zigi","15":"product_tag-eliquid","16":"product_tag-ezigarette","17":"product_tag-nachfuellfluessigkeit","18":"product_tag-nebula","19":"product_tag-verdampfer","20":"product_shipping_class-standard","22":"first","23":"instock","24":"taxable","25":"shipping-taxable","26":"purchasable","27":"product-type-variable"},"acf":[],"_links":{"self":[{"href":"https:\/\/my-eliquid.de\/fr\/wp-json\/wp\/v2\/product\/302545","targetHints":{"allow":["GET"]}}],"collection":[{"href":"https:\/\/my-eliquid.de\/fr\/wp-json\/wp\/v2\/product"}],"about":[{"href":"https:\/\/my-eliquid.de\/fr\/wp-json\/wp\/v2\/types\/product"}],"replies":[{"embeddable":true,"href":"https:\/\/my-eliquid.de\/fr\/wp-json\/wp\/v2\/comments?post=302545"}],"wp:featuredmedia":[{"embeddable":true,"href":"https:\/\/my-eliquid.de\/fr\/wp-json\/wp\/v2\/media\/319479"}],"wp:attachment":[{"href":"https:\/\/my-eliquid.de\/fr\/wp-json\/wp\/v2\/media?parent=302545"}],"wp:term":[{"taxonomy":"product_brand","embeddable":true,"href":"https:\/\/my-eliquid.de\/fr\/wp-json\/wp\/v2\/product_brand?post=302545"},{"taxonomy":"product_cat","embeddable":true,"href":"https:\/\/my-eliquid.de\/fr\/wp-json\/wp\/v2\/product_cat?post=302545"},{"taxonomy":"product_tag","embeddable":true,"href":"https:\/\/my-eliquid.de\/fr\/wp-json\/wp\/v2\/product_tag?post=302545"}],"curies":[{"name":"wp","href":"https:\/\/api.w.org\/{rel}","templated":true}]}}