{"id":302554,"date":"2013-10-17T00:00:00","date_gmt":"2013-10-16T22:00:00","guid":{"rendered":"https:\/\/my-eliquid.de\/shop\/pfirsich2-aroma\/"},"modified":"2026-03-17T09:25:49","modified_gmt":"2026-03-17T08:25:49","slug":"pfirsich2-aroma","status":"publish","type":"product","link":"https:\/\/my-eliquid.de\/fr\/shop\/pfirsich2-aroma\/","title":{"rendered":"Sweet Peach (P\u00eache 2) Ar\u00f4me"},"content":{"rendered":"<p style=\"line-height: 19px;\">Notre\u00a0<strong>Ar\u00f4me de p\u00eache sucr\u00e9e<\/strong>\u00a0s\u00e9duit par son go\u00fbt incomparable, juteux et sucr\u00e9.\u00a0<strong>Go\u00fbt de p\u00eache<\/strong>\u00a0et est issu de la lign\u00e9e des\u00a0<strong>Ar\u00f4mes fruit\u00e9s<\/strong>.<\/p>\n<p style=\"line-height: 19px;\">Go\u00fbt doux et aromatique de fruits juteux et fruit\u00e9s\u00a0<strong>P\u00eaches<\/strong>un r\u00eave !<\/p>\n<p style=\"line-height: 19px;\">Le<span style=\"line-height: 19px;\">\u00a0<\/span><strong style=\"line-height: 19px;\">Ar\u00f4me de p\u00eache sucr\u00e9e<\/strong>\u00a0Convient pour aromatiser et\u00a0<strong>Fabrication de vos propres liquides<\/strong>\u00a0et peut \u00eatre associ\u00e9 \u00e0 d'autres\u00a0<strong>Ar\u00f4mes m\u00e9lang\u00e9s<\/strong>\u00a0\u00eatre.<\/p>\n<p style=\"line-height: 19px;\">De cette mani\u00e8re, vous cr\u00e9ez toujours de nouvelles\u00a0<strong>Liquides<\/strong>!<\/p>\n<p style=\"line-height: 19px;\">Les ar\u00f4mes ne doivent pas \u00eatre utilis\u00e9s non dilu\u00e9s et doivent toujours faire l'objet d'une \u00e9valuation.<strong>base<\/strong>\u00a0\u00eatre ajout\u00e9.<\/p>","protected":false},"excerpt":{"rendered":"<p><span style=\"line-height: 19px\">Quotidien\u00a0<\/span><strong style=\"line-height: 19px\">Le plaisir pour<\/strong><span style=\"line-height: 19px\">\u00a0cigarettes \u00e9lectroniques\u00a0<\/span><strong style=\"line-height: 19px\">Dampfer<\/strong><span style=\"line-height: 19px\">\u00a0promet le\u00a0<\/span><strong style=\"line-height: 19px\">Ar\u00f4me de p\u00eache sucr\u00e9e<\/strong><span style=\"line-height: 19px\">\u00a0et attrape le\u00a0<\/span><strong style=\"line-height: 19px\">go\u00fbt sucr\u00e9 et juteux<\/strong><span style=\"line-height: 19px\">\u00a0d'une p\u00eache m\u00fbrie au soleil.<\/span><\/p>","protected":false},"featured_media":319521,"comment_status":"open","ping_status":"closed","template":"","meta":{"_acf_changed":false,"_relevanssi_hide_post":"","_relevanssi_hide_content":"","_relevanssi_pin_for_all":"","_relevanssi_pin_keywords":"","_relevanssi_unpin_keywords":"","_relevanssi_related_keywords":"","_relevanssi_related_include_ids":"","_relevanssi_related_exclude_ids":"","_relevanssi_related_no_append":"","_relevanssi_related_not_related":"","_relevanssi_related_posts":"","_relevanssi_noindex_reason":""},"product_brand":[],"product_cat":[4733,4882,4701,4705,4881],"product_tag":[4919,4915,5166,4917,4914,4918,5004,4993,4920],"class_list":{"0":"post-302554","1":"product","2":"type-product","3":"status-publish","4":"has-post-thumbnail","6":"product_cat-alle-aromen","7":"product_cat-aromen-ohne-sucralose","8":"product_cat-aromen","9":"product_cat-frucht-aromen-liquid-e-zigarette","10":"product_cat-my-eliquid-aromen","11":"product_tag-dampfer","12":"product_tag-e-liquid","13":"product_tag-e-zigarette","14":"product_tag-e-zigi","15":"product_tag-eliquid","16":"product_tag-ezigarette","17":"product_tag-nachfuellfluessigkeit","18":"product_tag-pfirsich","19":"product_tag-verdampfer","20":"product_shipping_class-standard","22":"first","23":"instock","24":"taxable","25":"shipping-taxable","26":"purchasable","27":"product-type-variable"},"acf":[],"_links":{"self":[{"href":"https:\/\/my-eliquid.de\/fr\/wp-json\/wp\/v2\/product\/302554","targetHints":{"allow":["GET"]}}],"collection":[{"href":"https:\/\/my-eliquid.de\/fr\/wp-json\/wp\/v2\/product"}],"about":[{"href":"https:\/\/my-eliquid.de\/fr\/wp-json\/wp\/v2\/types\/product"}],"replies":[{"embeddable":true,"href":"https:\/\/my-eliquid.de\/fr\/wp-json\/wp\/v2\/comments?post=302554"}],"wp:featuredmedia":[{"embeddable":true,"href":"https:\/\/my-eliquid.de\/fr\/wp-json\/wp\/v2\/media\/319521"}],"wp:attachment":[{"href":"https:\/\/my-eliquid.de\/fr\/wp-json\/wp\/v2\/media?parent=302554"}],"wp:term":[{"taxonomy":"product_brand","embeddable":true,"href":"https:\/\/my-eliquid.de\/fr\/wp-json\/wp\/v2\/product_brand?post=302554"},{"taxonomy":"product_cat","embeddable":true,"href":"https:\/\/my-eliquid.de\/fr\/wp-json\/wp\/v2\/product_cat?post=302554"},{"taxonomy":"product_tag","embeddable":true,"href":"https:\/\/my-eliquid.de\/fr\/wp-json\/wp\/v2\/product_tag?post=302554"}],"curies":[{"name":"wp","href":"https:\/\/api.w.org\/{rel}","templated":true}]}}