{"id":302555,"date":"2015-04-29T00:00:00","date_gmt":"2015-04-28T22:00:00","guid":{"rendered":"https:\/\/my-eliquid.de\/shop\/holunder-aroma\/"},"modified":"2025-11-25T13:49:57","modified_gmt":"2025-11-25T12:49:57","slug":"holunder-aroma","status":"publish","type":"product","link":"https:\/\/my-eliquid.de\/fr\/shop\/holunder-aroma\/","title":{"rendered":"Holunder  Aroma"},"content":{"rendered":"<p>Notre <strong>Holunder Aroma<\/strong> mit seinem lieblich-zarten <strong>Holundergeschmack<\/strong> provient de la lign\u00e9e des <strong>Ar\u00f4mes sp\u00e9ciaux<\/strong>. Der traumhaft-nat\u00fcrliche Geschmack von leckerem <strong>Holunder<\/strong> \u2013 ein Hochgenuss! Das <strong>Holunder Aroma<\/strong> eignet sich zum <strong>Aromatisieren und Herstellen von eigenen Liquids<\/strong> und kann <strong>mit anderen Aromen gemischt<\/strong> werden. Auf diese Weise kreieren Sie immer wieder neue, individuelle Fl\u00fcssigkeiten! <strong>ar\u00f4mes<\/strong> ne doivent pas \u00eatre utilis\u00e9s non dilu\u00e9s et doivent toujours \u00eatre m\u00e9lang\u00e9s \u00e0 une <strong>base<\/strong> \u00eatre ajout\u00e9.<\/p>","protected":false},"excerpt":{"rendered":"<p>Natur-Freunde aufgepasst: Unser <strong>Holunder Aroma<\/strong> und sein unverkennbarer, s\u00fc\u00df-lieblicher Geschmack des duftenden Krauts nimmt Sie mit auf einen Ausflug ins Gr\u00fcne!<\/p>","protected":false},"featured_media":319524,"comment_status":"open","ping_status":"closed","template":"","meta":{"_acf_changed":false,"_relevanssi_hide_post":"","_relevanssi_hide_content":"","_relevanssi_pin_for_all":"","_relevanssi_pin_keywords":"","_relevanssi_unpin_keywords":"","_relevanssi_related_keywords":"","_relevanssi_related_include_ids":"","_relevanssi_related_exclude_ids":"","_relevanssi_related_no_append":"","_relevanssi_related_not_related":"","_relevanssi_related_posts":"","_relevanssi_noindex_reason":""},"product_brand":[],"product_cat":[4733,4882,4881,4712,4707],"product_tag":[4919,4915,5166,4917,4914,4918,5311,5004,4920],"class_list":{"0":"post-302555","1":"product","2":"type-product","3":"status-publish","4":"has-post-thumbnail","6":"product_cat-alle-aromen","7":"product_cat-aromen-ohne-sucralose","8":"product_cat-my-eliquid-aromen","9":"product_cat-special-aromen-liquid-e-zigarette","10":"product_cat-suesse-aromen-liquid-e-zigarette","11":"product_tag-dampfer","12":"product_tag-e-liquid","13":"product_tag-e-zigarette","14":"product_tag-e-zigi","15":"product_tag-eliquid","16":"product_tag-ezigarette","17":"product_tag-holunder","18":"product_tag-nachfuellfluessigkeit","19":"product_tag-verdampfer","20":"product_shipping_class-standard","22":"first","23":"outofstock","24":"taxable","25":"shipping-taxable","26":"purchasable","27":"product-type-variable"},"acf":[],"_links":{"self":[{"href":"https:\/\/my-eliquid.de\/fr\/wp-json\/wp\/v2\/product\/302555","targetHints":{"allow":["GET"]}}],"collection":[{"href":"https:\/\/my-eliquid.de\/fr\/wp-json\/wp\/v2\/product"}],"about":[{"href":"https:\/\/my-eliquid.de\/fr\/wp-json\/wp\/v2\/types\/product"}],"replies":[{"embeddable":true,"href":"https:\/\/my-eliquid.de\/fr\/wp-json\/wp\/v2\/comments?post=302555"}],"wp:featuredmedia":[{"embeddable":true,"href":"https:\/\/my-eliquid.de\/fr\/wp-json\/wp\/v2\/media\/319524"}],"wp:attachment":[{"href":"https:\/\/my-eliquid.de\/fr\/wp-json\/wp\/v2\/media?parent=302555"}],"wp:term":[{"taxonomy":"product_brand","embeddable":true,"href":"https:\/\/my-eliquid.de\/fr\/wp-json\/wp\/v2\/product_brand?post=302555"},{"taxonomy":"product_cat","embeddable":true,"href":"https:\/\/my-eliquid.de\/fr\/wp-json\/wp\/v2\/product_cat?post=302555"},{"taxonomy":"product_tag","embeddable":true,"href":"https:\/\/my-eliquid.de\/fr\/wp-json\/wp\/v2\/product_tag?post=302555"}],"curies":[{"name":"wp","href":"https:\/\/api.w.org\/{rel}","templated":true}]}}