{"id":302565,"date":"2012-10-21T00:00:00","date_gmt":"2012-10-20T22:00:00","guid":{"rendered":"https:\/\/my-eliquid.de\/shop\/winterpunsch-aroma\/"},"modified":"2026-01-09T08:59:18","modified_gmt":"2026-01-09T07:59:18","slug":"winterpunsch-aroma","status":"publish","type":"product","link":"https:\/\/my-eliquid.de\/fr\/shop\/winterpunsch-aroma\/","title":{"rendered":"Ar\u00f4me punch d'hiver"},"content":{"rendered":"<p>Notre <strong>Ar\u00f4me punch d'hiver<\/strong> mit seinem einmalig-wunderbaren Geschmack von w\u00e4rmendem Kr\u00e4utertee stammt aus der Linie der <strong>Ar\u00f4mes sp\u00e9ciaux<\/strong>. Wohlige W\u00e4rme bei hundertprozentigem Teegeschmack \u2013 ein Volltreffer! Das <strong>Ar\u00f4me punch d'hiver<\/strong> eignet sich zum <strong>Aromatisieren und Herstellen von eigenen Liquids<\/strong> und kann <strong>mit anderen Aromen gemischt<\/strong> werden. Auf diese Weise kreieren Sie immer wieder neue, individuelle Fl\u00fcssigkeiten! <strong>ar\u00f4mes<\/strong> ne doivent pas \u00eatre utilis\u00e9s non dilu\u00e9s et doivent toujours \u00eatre m\u00e9lang\u00e9s \u00e0 une <strong>base<\/strong> \u00eatre ajout\u00e9.<\/p>","protected":false},"excerpt":{"rendered":"<p>Dampfend-k\u00f6stlicher Wintergenuss! Unser <strong>leckeres Winterpunsch Aroma<\/strong> bietet Ihnen den vollmundig-vollendeten Geschmack von k\u00f6stlichem ayurvedischem Kr\u00e4utertee!<\/p>","protected":false},"featured_media":319570,"comment_status":"open","ping_status":"closed","template":"","meta":{"_acf_changed":false,"_relevanssi_hide_post":"","_relevanssi_hide_content":"","_relevanssi_pin_for_all":"","_relevanssi_pin_keywords":"","_relevanssi_unpin_keywords":"","_relevanssi_related_keywords":"","_relevanssi_related_include_ids":"","_relevanssi_related_exclude_ids":"","_relevanssi_related_no_append":"","_relevanssi_related_not_related":"","_relevanssi_related_posts":"","_relevanssi_noindex_reason":""},"product_brand":[],"product_cat":[4733,4882,4701,4881,4712],"product_tag":[4919,4915,5166,4917,6818,4918,5004,7161,4920,5155,6819],"class_list":{"0":"post-302565","1":"product","2":"type-product","3":"status-publish","4":"has-post-thumbnail","6":"product_cat-alle-aromen","7":"product_cat-aromen-ohne-sucralose","8":"product_cat-aromen","9":"product_cat-my-eliquid-aromen","10":"product_cat-special-aromen-liquid-e-zigarette","11":"product_tag-dampfer","12":"product_tag-e-liquid","13":"product_tag-e-zigarette","14":"product_tag-e-zigi","15":"product_tag-elektrische","16":"product_tag-ezigarette","17":"product_tag-nachfuellfluessigkeit","18":"product_tag-punsch","19":"product_tag-verdampfer","20":"product_tag-winterpunsch","21":"product_tag-zigarette","22":"product_shipping_class-standard","24":"first","25":"instock","26":"taxable","27":"shipping-taxable","28":"purchasable","29":"product-type-variable"},"acf":[],"_links":{"self":[{"href":"https:\/\/my-eliquid.de\/fr\/wp-json\/wp\/v2\/product\/302565","targetHints":{"allow":["GET"]}}],"collection":[{"href":"https:\/\/my-eliquid.de\/fr\/wp-json\/wp\/v2\/product"}],"about":[{"href":"https:\/\/my-eliquid.de\/fr\/wp-json\/wp\/v2\/types\/product"}],"replies":[{"embeddable":true,"href":"https:\/\/my-eliquid.de\/fr\/wp-json\/wp\/v2\/comments?post=302565"}],"wp:featuredmedia":[{"embeddable":true,"href":"https:\/\/my-eliquid.de\/fr\/wp-json\/wp\/v2\/media\/319570"}],"wp:attachment":[{"href":"https:\/\/my-eliquid.de\/fr\/wp-json\/wp\/v2\/media?parent=302565"}],"wp:term":[{"taxonomy":"product_brand","embeddable":true,"href":"https:\/\/my-eliquid.de\/fr\/wp-json\/wp\/v2\/product_brand?post=302565"},{"taxonomy":"product_cat","embeddable":true,"href":"https:\/\/my-eliquid.de\/fr\/wp-json\/wp\/v2\/product_cat?post=302565"},{"taxonomy":"product_tag","embeddable":true,"href":"https:\/\/my-eliquid.de\/fr\/wp-json\/wp\/v2\/product_tag?post=302565"}],"curies":[{"name":"wp","href":"https:\/\/api.w.org\/{rel}","templated":true}]}}