{"id":302570,"date":"2017-09-06T00:00:00","date_gmt":"2017-09-05T22:00:00","guid":{"rendered":"https:\/\/my-eliquid.de\/shop\/eisbonbon-erdbeere-aroma\/"},"modified":"2026-04-13T15:08:15","modified_gmt":"2026-04-13T13:08:15","slug":"eisbonbon-erdbeere-aroma","status":"publish","type":"product","link":"https:\/\/my-eliquid.de\/fr\/shop\/eisbonbon-erdbeere-aroma\/","title":{"rendered":"Bonbon glac\u00e9 \u00e0 l'ar\u00f4me fraise"},"content":{"rendered":"<p>Notre <strong>Bonbon glac\u00e9 \u00e0 l'ar\u00f4me fraise<\/strong> mit seinem arktischen <strong>Beerengeschmack<\/strong> provient de la lign\u00e9e des <strong>ar\u00f4mes sucr\u00e9s<\/strong>. Eine frostig coole Note mit der S\u00fc\u00dfe der Erdbeeren gemischt sorgt f\u00fcr eine aufregende Kombination. Das <strong>Bonbon glac\u00e9 \u00e0 l'ar\u00f4me fraise<\/strong> Convient pour aromatiser et <strong>Fabrication de vos propres liquides<\/strong> et peut \u00eatre m\u00e9lang\u00e9 \u00e0 d'autres ar\u00f4mes. Vous pouvez ainsi cr\u00e9er sans cesse de nouveaux liquides personnalis\u00e9s ! <strong>ar\u00f4mes<\/strong> ne doivent pas \u00eatre utilis\u00e9s non dilu\u00e9s et doivent toujours \u00eatre m\u00e9lang\u00e9s \u00e0 une <strong>base<\/strong> \u00eatre ajout\u00e9.<\/p>","protected":false},"excerpt":{"rendered":"<p>Notre site <strong>ar\u00f4mes<\/strong> de la ligne \u201eBonbon glac\u00e9\u201c sont toujours tr\u00e8s appr\u00e9ci\u00e9s. Dans cette \u00e9dition sp\u00e9ciale <strong>Ar\u00f4me bonbon glac\u00e9<\/strong> la douceur de la <strong>Fraise<\/strong> a \u00e9t\u00e9 ajout\u00e9.<\/p>","protected":false},"featured_media":319578,"comment_status":"open","ping_status":"closed","template":"","meta":{"_acf_changed":false,"_relevanssi_hide_post":"","_relevanssi_hide_content":"","_relevanssi_pin_for_all":"","_relevanssi_pin_keywords":"","_relevanssi_unpin_keywords":"","_relevanssi_related_keywords":"","_relevanssi_related_include_ids":"","_relevanssi_related_exclude_ids":"","_relevanssi_related_no_append":"","_relevanssi_related_not_related":"","_relevanssi_related_posts":"","_relevanssi_noindex_reason":""},"product_brand":[],"product_cat":[4733,4882,4701,4881,4707],"product_tag":[6716,1399,6847,5074,6730,5803,6712,5805,5792,6584],"class_list":{"0":"post-302570","1":"product","2":"type-product","3":"status-publish","4":"has-post-thumbnail","6":"product_cat-alle-aromen","7":"product_cat-aromen-ohne-sucralose","8":"product_cat-aromen","9":"product_cat-my-eliquid-aromen","10":"product_cat-suesse-aromen-liquid-e-zigarette","11":"product_tag-alle","12":"product_tag-aroma","13":"product_tag-aromen","14":"product_tag-eisbonbon","15":"product_tag-eliquids","16":"product_tag-erdbeere","17":"product_tag-fuer","18":"product_tag-liquid","19":"product_tag-liquids","20":"product_tag-suesse","21":"product_shipping_class-standard","23":"first","24":"instock","25":"taxable","26":"shipping-taxable","27":"purchasable","28":"product-type-variable"},"acf":[],"_links":{"self":[{"href":"https:\/\/my-eliquid.de\/fr\/wp-json\/wp\/v2\/product\/302570","targetHints":{"allow":["GET"]}}],"collection":[{"href":"https:\/\/my-eliquid.de\/fr\/wp-json\/wp\/v2\/product"}],"about":[{"href":"https:\/\/my-eliquid.de\/fr\/wp-json\/wp\/v2\/types\/product"}],"replies":[{"embeddable":true,"href":"https:\/\/my-eliquid.de\/fr\/wp-json\/wp\/v2\/comments?post=302570"}],"wp:featuredmedia":[{"embeddable":true,"href":"https:\/\/my-eliquid.de\/fr\/wp-json\/wp\/v2\/media\/319578"}],"wp:attachment":[{"href":"https:\/\/my-eliquid.de\/fr\/wp-json\/wp\/v2\/media?parent=302570"}],"wp:term":[{"taxonomy":"product_brand","embeddable":true,"href":"https:\/\/my-eliquid.de\/fr\/wp-json\/wp\/v2\/product_brand?post=302570"},{"taxonomy":"product_cat","embeddable":true,"href":"https:\/\/my-eliquid.de\/fr\/wp-json\/wp\/v2\/product_cat?post=302570"},{"taxonomy":"product_tag","embeddable":true,"href":"https:\/\/my-eliquid.de\/fr\/wp-json\/wp\/v2\/product_tag?post=302570"}],"curies":[{"name":"wp","href":"https:\/\/api.w.org\/{rel}","templated":true}]}}