{"id":302585,"date":"2013-08-26T00:00:00","date_gmt":"2013-08-25T22:00:00","guid":{"rendered":"https:\/\/my-eliquid.de\/shop\/magic-purge-aroma\/"},"modified":"2025-11-25T13:50:59","modified_gmt":"2025-11-25T12:50:59","slug":"magic-purge-aroma","status":"publish","type":"product","link":"https:\/\/my-eliquid.de\/fr\/shop\/magic-purge-aroma\/","title":{"rendered":"Ar\u00f4me Magic Purge"},"content":{"rendered":"<p>Notre <strong>Ar\u00f4me Magic Purge<\/strong> mit seinem fruchtig-frischen Mischung von <strong>Erdbeere, Blaubeere und einer feinen Menthol-Note<\/strong> provient de la lign\u00e9e des <strong>Ar\u00f4mes sp\u00e9ciaux<\/strong>. Kein simpler Hokuspokus, sondern wahre Magie! Das <strong>Ar\u00f4me Magic Purge<\/strong> eignet sich zum <strong>Aromatisieren und Herstellen von eigenen Liquids<\/strong> und kann <strong>mit anderen Aromen gemischt<\/strong> werden. Auf diese Weise kreieren Sie immer wieder neue, individuelle Fl\u00fcssigkeiten!<\/p>","protected":false},"excerpt":{"rendered":"<p>C'est de la pure magie : laissez-vous s\u00e9duire par notre magnifique <strong>Purge magique<\/strong> et sa fusion d\u00e9licieuse et unique entre <strong>Fraise, myrtille et menthol<\/strong> Envo\u00fbter !<\/p>","protected":false},"featured_media":319653,"comment_status":"open","ping_status":"closed","template":"","meta":{"_acf_changed":false,"_relevanssi_hide_post":"","_relevanssi_hide_content":"","_relevanssi_pin_for_all":"","_relevanssi_pin_keywords":"","_relevanssi_unpin_keywords":"","_relevanssi_related_keywords":"","_relevanssi_related_include_ids":"","_relevanssi_related_exclude_ids":"","_relevanssi_related_no_append":"","_relevanssi_related_not_related":"","_relevanssi_related_posts":"","_relevanssi_noindex_reason":""},"product_brand":[],"product_cat":[4733,4882,4701,4881,4712],"product_tag":[1391,4919,4915,5166,4917,4914,4918,6855,5004,1584,1583,1669,6856,4920],"class_list":{"0":"post-302585","1":"product","2":"type-product","3":"status-publish","4":"has-post-thumbnail","6":"product_cat-alle-aromen","7":"product_cat-aromen-ohne-sucralose","8":"product_cat-aromen","9":"product_cat-my-eliquid-aromen","10":"product_cat-special-aromen-liquid-e-zigarette","11":"product_tag-bitte","12":"product_tag-dampfer","13":"product_tag-e-liquid","14":"product_tag-e-zigarette","15":"product_tag-e-zigi","16":"product_tag-eliquid","17":"product_tag-ezigarette","18":"product_tag-magic","19":"product_tag-nachfuellfluessigkeit","20":"product_tag-nachnahme","21":"product_tag-peer","22":"product_tag-perr","23":"product_tag-time","24":"product_tag-verdampfer","25":"product_shipping_class-standard","27":"first","28":"outofstock","29":"taxable","30":"shipping-taxable","31":"purchasable","32":"product-type-variable"},"acf":[],"_links":{"self":[{"href":"https:\/\/my-eliquid.de\/fr\/wp-json\/wp\/v2\/product\/302585","targetHints":{"allow":["GET"]}}],"collection":[{"href":"https:\/\/my-eliquid.de\/fr\/wp-json\/wp\/v2\/product"}],"about":[{"href":"https:\/\/my-eliquid.de\/fr\/wp-json\/wp\/v2\/types\/product"}],"replies":[{"embeddable":true,"href":"https:\/\/my-eliquid.de\/fr\/wp-json\/wp\/v2\/comments?post=302585"}],"wp:featuredmedia":[{"embeddable":true,"href":"https:\/\/my-eliquid.de\/fr\/wp-json\/wp\/v2\/media\/319653"}],"wp:attachment":[{"href":"https:\/\/my-eliquid.de\/fr\/wp-json\/wp\/v2\/media?parent=302585"}],"wp:term":[{"taxonomy":"product_brand","embeddable":true,"href":"https:\/\/my-eliquid.de\/fr\/wp-json\/wp\/v2\/product_brand?post=302585"},{"taxonomy":"product_cat","embeddable":true,"href":"https:\/\/my-eliquid.de\/fr\/wp-json\/wp\/v2\/product_cat?post=302585"},{"taxonomy":"product_tag","embeddable":true,"href":"https:\/\/my-eliquid.de\/fr\/wp-json\/wp\/v2\/product_tag?post=302585"}],"curies":[{"name":"wp","href":"https:\/\/api.w.org\/{rel}","templated":true}]}}