{"id":302586,"date":"2014-09-08T00:00:00","date_gmt":"2014-09-07T22:00:00","guid":{"rendered":"https:\/\/my-eliquid.de\/shop\/tropical-heat-aroma\/"},"modified":"2025-11-25T13:54:00","modified_gmt":"2025-11-25T12:54:00","slug":"tropical-heat-aroma","status":"publish","type":"product","link":"https:\/\/my-eliquid.de\/fr\/shop\/tropical-heat-aroma\/","title":{"rendered":"Ar\u00f4me c\u0153ur tropical"},"content":{"rendered":"<p>Notre <strong>Ar\u00f4me c\u0153ur tropical<\/strong> mit seinem <strong>Mix aus tropischen Fr\u00fcchten und leckerem Rum<\/strong> provient de la lign\u00e9e des <strong>Boissons Ar\u00f4mes<\/strong>. Fruchtig, s\u00fc\u00df und frisch \u2013 das exotisch-tropische Geschmacksvergn\u00fcgen! Das <strong>Ar\u00f4me c\u0153ur tropical<\/strong> Convient pour aromatiser et <strong>Fabrication de vos propres liquides<\/strong> et peut \u00eatre associ\u00e9 \u00e0 d'autres <strong>\u00eatre m\u00e9lang\u00e9s \u00e0 des ar\u00f4mes<\/strong>. De cette mani\u00e8re, vous cr\u00e9ez sans cesse de nouveaux liquides personnalis\u00e9s ! <strong>ar\u00f4mes<\/strong> ne doivent pas \u00eatre utilis\u00e9s non dilu\u00e9s et doivent toujours \u00eatre m\u00e9lang\u00e9s \u00e0 une <strong>base<\/strong> \u00eatre ajout\u00e9.<\/p>","protected":false},"excerpt":{"rendered":"<p>Le m\u00e9lange de fruits tropicaux rencontre <strong>rhum des Cara\u00efbes<\/strong>: Dans notre <strong>Ar\u00f4me c\u0153ur tropical<\/strong> sera le <strong>le go\u00fbt sucr\u00e9 de nombreux fruits<\/strong> d'une saveur aromatique <strong>Note de rhum<\/strong> affin\u00e9 !<\/p>","protected":false},"featured_media":319654,"comment_status":"open","ping_status":"closed","template":"","meta":{"_acf_changed":false,"_relevanssi_hide_post":"","_relevanssi_hide_content":"","_relevanssi_pin_for_all":"","_relevanssi_pin_keywords":"","_relevanssi_unpin_keywords":"","_relevanssi_related_keywords":"","_relevanssi_related_include_ids":"","_relevanssi_related_exclude_ids":"","_relevanssi_related_no_append":"","_relevanssi_related_not_related":"","_relevanssi_related_posts":"","_relevanssi_noindex_reason":""},"product_brand":[],"product_cat":[4733,4882,4701,4702,4881],"product_tag":[1399,5253,4914,7218,6928],"class_list":{"0":"post-302586","1":"product","2":"type-product","3":"status-publish","4":"has-post-thumbnail","6":"product_cat-alle-aromen","7":"product_cat-aromen-ohne-sucralose","8":"product_cat-aromen","9":"product_cat-drinks-aromen-liquid-e-zigarette","10":"product_cat-my-eliquid-aromen","11":"product_tag-aroma","12":"product_tag-drinks","13":"product_tag-eliquid","14":"product_tag-heat","15":"product_tag-tropical","16":"product_shipping_class-standard","18":"first","19":"outofstock","20":"taxable","21":"shipping-taxable","22":"purchasable","23":"product-type-variable"},"acf":[],"_links":{"self":[{"href":"https:\/\/my-eliquid.de\/fr\/wp-json\/wp\/v2\/product\/302586","targetHints":{"allow":["GET"]}}],"collection":[{"href":"https:\/\/my-eliquid.de\/fr\/wp-json\/wp\/v2\/product"}],"about":[{"href":"https:\/\/my-eliquid.de\/fr\/wp-json\/wp\/v2\/types\/product"}],"replies":[{"embeddable":true,"href":"https:\/\/my-eliquid.de\/fr\/wp-json\/wp\/v2\/comments?post=302586"}],"wp:featuredmedia":[{"embeddable":true,"href":"https:\/\/my-eliquid.de\/fr\/wp-json\/wp\/v2\/media\/319654"}],"wp:attachment":[{"href":"https:\/\/my-eliquid.de\/fr\/wp-json\/wp\/v2\/media?parent=302586"}],"wp:term":[{"taxonomy":"product_brand","embeddable":true,"href":"https:\/\/my-eliquid.de\/fr\/wp-json\/wp\/v2\/product_brand?post=302586"},{"taxonomy":"product_cat","embeddable":true,"href":"https:\/\/my-eliquid.de\/fr\/wp-json\/wp\/v2\/product_cat?post=302586"},{"taxonomy":"product_tag","embeddable":true,"href":"https:\/\/my-eliquid.de\/fr\/wp-json\/wp\/v2\/product_tag?post=302586"}],"curies":[{"name":"wp","href":"https:\/\/api.w.org\/{rel}","templated":true}]}}