{"id":302594,"date":"2011-12-23T00:00:00","date_gmt":"2011-12-22T23:00:00","guid":{"rendered":"https:\/\/my-eliquid.de\/shop\/aprikose-aroma\/"},"modified":"2026-01-08T10:30:57","modified_gmt":"2026-01-08T09:30:57","slug":"aprikose-aroma","status":"publish","type":"product","link":"https:\/\/my-eliquid.de\/fr\/shop\/aprikose-aroma\/","title":{"rendered":"Ar\u00f4me d'abricot"},"content":{"rendered":"<p>Notre <strong>Ar\u00f4me d'abricot<\/strong> \u00fcberzeugt mit seinem angenehm milden <strong>Aprikosengeschmack<\/strong> et est issu de la lign\u00e9e des <strong>Ar\u00f4mes fruit\u00e9s<\/strong>. S\u00fc\u00df, mild, k\u00f6stlich: Was die <strong>Abricot<\/strong> kann, kann unser <strong>ar\u00f4me<\/strong> schon lang! Das <strong>Ar\u00f4me d'abricot<\/strong> Convient pour aromatiser et <strong>Fabrication de vos propres liquides<\/strong> et peut \u00eatre associ\u00e9 \u00e0 d'autres <strong>Ar\u00f4mes m\u00e9lang\u00e9s<\/strong> de la m\u00eame mani\u00e8re. De cette mani\u00e8re, vous cr\u00e9ez sans cesse des <strong>Liquides<\/strong>! Les ar\u00f4mes ne doivent pas \u00eatre utilis\u00e9s non dilu\u00e9s et doivent toujours faire l'objet d'une \u00e9valuation. <strong>base<\/strong> \u00eatre ajout\u00e9.<\/p>","protected":false},"excerpt":{"rendered":"<p>Un go\u00fbt m\u00fbri au soleil, une douceur d\u00e9licieuse, une douceur agr\u00e9able &amp; une d\u00e9licieuse note fruit\u00e9e : notre <strong>Ar\u00f4me d'abricot<\/strong> vous garantit l'absolu <strong>Le plaisir de l'abricot<\/strong>!<\/p>","protected":false},"featured_media":319698,"comment_status":"open","ping_status":"closed","template":"","meta":{"_acf_changed":false,"_relevanssi_hide_post":"","_relevanssi_hide_content":"","_relevanssi_pin_for_all":"","_relevanssi_pin_keywords":"","_relevanssi_unpin_keywords":"","_relevanssi_related_keywords":"","_relevanssi_related_include_ids":"","_relevanssi_related_exclude_ids":"","_relevanssi_related_no_append":"","_relevanssi_related_not_related":"","_relevanssi_related_posts":"","_relevanssi_noindex_reason":""},"product_brand":[],"product_cat":[4733,4882,4701,4705,4881],"product_tag":[5022,5021,1399,4919,4915,5166,4917,4914,4918,5004,4920],"class_list":{"0":"post-302594","1":"product","2":"type-product","3":"status-publish","4":"has-post-thumbnail","6":"product_cat-alle-aromen","7":"product_cat-aromen-ohne-sucralose","8":"product_cat-aromen","9":"product_cat-frucht-aromen-liquid-e-zigarette","10":"product_cat-my-eliquid-aromen","11":"product_tag-apricot","12":"product_tag-aprikose","13":"product_tag-aroma","14":"product_tag-dampfer","15":"product_tag-e-liquid","16":"product_tag-e-zigarette","17":"product_tag-e-zigi","18":"product_tag-eliquid","19":"product_tag-ezigarette","20":"product_tag-nachfuellfluessigkeit","21":"product_tag-verdampfer","22":"product_shipping_class-standard","24":"first","25":"outofstock","26":"taxable","27":"shipping-taxable","28":"purchasable","29":"product-type-variable"},"acf":[],"_links":{"self":[{"href":"https:\/\/my-eliquid.de\/fr\/wp-json\/wp\/v2\/product\/302594","targetHints":{"allow":["GET"]}}],"collection":[{"href":"https:\/\/my-eliquid.de\/fr\/wp-json\/wp\/v2\/product"}],"about":[{"href":"https:\/\/my-eliquid.de\/fr\/wp-json\/wp\/v2\/types\/product"}],"replies":[{"embeddable":true,"href":"https:\/\/my-eliquid.de\/fr\/wp-json\/wp\/v2\/comments?post=302594"}],"wp:featuredmedia":[{"embeddable":true,"href":"https:\/\/my-eliquid.de\/fr\/wp-json\/wp\/v2\/media\/319698"}],"wp:attachment":[{"href":"https:\/\/my-eliquid.de\/fr\/wp-json\/wp\/v2\/media?parent=302594"}],"wp:term":[{"taxonomy":"product_brand","embeddable":true,"href":"https:\/\/my-eliquid.de\/fr\/wp-json\/wp\/v2\/product_brand?post=302594"},{"taxonomy":"product_cat","embeddable":true,"href":"https:\/\/my-eliquid.de\/fr\/wp-json\/wp\/v2\/product_cat?post=302594"},{"taxonomy":"product_tag","embeddable":true,"href":"https:\/\/my-eliquid.de\/fr\/wp-json\/wp\/v2\/product_tag?post=302594"}],"curies":[{"name":"wp","href":"https:\/\/api.w.org\/{rel}","templated":true}]}}