{"id":302612,"date":"2012-02-21T00:00:00","date_gmt":"2012-02-20T23:00:00","guid":{"rendered":"https:\/\/my-eliquid.de\/shop\/walnuss-aroma\/"},"modified":"2026-01-21T15:18:10","modified_gmt":"2026-01-21T14:18:10","slug":"walnuss-aroma","status":"publish","type":"product","link":"https:\/\/my-eliquid.de\/fr\/shop\/walnuss-aroma\/","title":{"rendered":"Ar\u00f4me de noix"},"content":{"rendered":"<p>Notre <strong>Ar\u00f4me de noix<\/strong> mit seinem herben, nat\u00fcrlichen <strong>Walnussgeschmack<\/strong> provient de la lign\u00e9e des <strong>Nussigen Aromen<\/strong>. Der herb-nat\u00fcrliche Nuss-Traum \u2013 ein Hochgenuss! Das <strong>Ar\u00f4me de noix<\/strong> eignet sich zum <strong>Aromatisieren und Herstellen von eigenen Liquids<\/strong> und kann <strong>mit anderen Aromen gemischt<\/strong> werden. Auf diese Weise kreieren Sie immer wieder neue, individuelle Fl\u00fcssigkeiten! <strong>ar\u00f4mes<\/strong> ne doivent pas \u00eatre utilis\u00e9s non dilu\u00e9s et doivent toujours \u00eatre m\u00e9lang\u00e9s \u00e0 une <strong>base<\/strong> \u00eatre ajout\u00e9.<\/p>","protected":false},"excerpt":{"rendered":"<p>L'exp\u00e9rience gustative unique, naturelle et aux noisettes : notre <strong>Ar\u00f4me de noix<\/strong> vous procure le plaisir d'une saveur riche et d\u00e9licatement am\u00e8re <strong>de noix s\u00e9lectionn\u00e9es<\/strong>!<\/p>","protected":false},"featured_media":319855,"comment_status":"open","ping_status":"closed","template":"","meta":{"_acf_changed":false,"_relevanssi_hide_post":"","_relevanssi_hide_content":"","_relevanssi_pin_for_all":"","_relevanssi_pin_keywords":"","_relevanssi_unpin_keywords":"","_relevanssi_related_keywords":"","_relevanssi_related_include_ids":"","_relevanssi_related_exclude_ids":"","_relevanssi_related_no_append":"","_relevanssi_related_not_related":"","_relevanssi_related_posts":"","_relevanssi_noindex_reason":""},"product_brand":[],"product_cat":[4733,4882,4701,4881,4710],"product_tag":[1399,4919,4915,5166,4917,4914,4918,5004,4920,7868,5113],"class_list":{"0":"post-302612","1":"product","2":"type-product","3":"status-publish","4":"has-post-thumbnail","6":"product_cat-alle-aromen","7":"product_cat-aromen-ohne-sucralose","8":"product_cat-aromen","9":"product_cat-my-eliquid-aromen","10":"product_cat-nussige-aromen-liquid-e-zigarette","11":"product_tag-aroma","12":"product_tag-dampfer","13":"product_tag-e-liquid","14":"product_tag-e-zigarette","15":"product_tag-e-zigi","16":"product_tag-eliquid","17":"product_tag-ezigarette","18":"product_tag-nachfuellfluessigkeit","19":"product_tag-verdampfer","20":"product_tag-wallnuss","21":"product_tag-wallnut","22":"product_shipping_class-standard","24":"first","25":"instock","26":"taxable","27":"shipping-taxable","28":"purchasable","29":"product-type-variable"},"acf":[],"_links":{"self":[{"href":"https:\/\/my-eliquid.de\/fr\/wp-json\/wp\/v2\/product\/302612","targetHints":{"allow":["GET"]}}],"collection":[{"href":"https:\/\/my-eliquid.de\/fr\/wp-json\/wp\/v2\/product"}],"about":[{"href":"https:\/\/my-eliquid.de\/fr\/wp-json\/wp\/v2\/types\/product"}],"replies":[{"embeddable":true,"href":"https:\/\/my-eliquid.de\/fr\/wp-json\/wp\/v2\/comments?post=302612"}],"wp:featuredmedia":[{"embeddable":true,"href":"https:\/\/my-eliquid.de\/fr\/wp-json\/wp\/v2\/media\/319855"}],"wp:attachment":[{"href":"https:\/\/my-eliquid.de\/fr\/wp-json\/wp\/v2\/media?parent=302612"}],"wp:term":[{"taxonomy":"product_brand","embeddable":true,"href":"https:\/\/my-eliquid.de\/fr\/wp-json\/wp\/v2\/product_brand?post=302612"},{"taxonomy":"product_cat","embeddable":true,"href":"https:\/\/my-eliquid.de\/fr\/wp-json\/wp\/v2\/product_cat?post=302612"},{"taxonomy":"product_tag","embeddable":true,"href":"https:\/\/my-eliquid.de\/fr\/wp-json\/wp\/v2\/product_tag?post=302612"}],"curies":[{"name":"wp","href":"https:\/\/api.w.org\/{rel}","templated":true}]}}