{"id":302620,"date":"2013-12-30T00:00:00","date_gmt":"2013-12-29T23:00:00","guid":{"rendered":"https:\/\/my-eliquid.de\/shop\/my-tide-aroma\/"},"modified":"2026-04-17T12:51:03","modified_gmt":"2026-04-17T10:51:03","slug":"my-tide-aroma","status":"publish","type":"product","link":"https:\/\/my-eliquid.de\/fr\/shop\/my-tide-aroma\/","title":{"rendered":"my-tide Aroma"},"content":{"rendered":"<p>Notre <strong>Ar\u00f4me My-Tide<\/strong> mit seiner erfrischend-fruchtigen Kombination von unverf\u00e4lschtem <strong>Bubblegumgeschmack<\/strong> und k\u00fchlendem <strong>menthol<\/strong> provient de la lign\u00e9e des <strong>Ar\u00f4mes menthol\u00e9s<\/strong>. Frostig-fruchtige Nostalgie dank s\u00fc\u00dfem Kaugummi und dem extra Menthol-Kick! Das <strong>Ar\u00f4me My-Tide<\/strong> Convient pour aromatiser et <strong>Fabrication de vos propres liquides<\/strong> et peut \u00eatre associ\u00e9 \u00e0 d'autres <strong>\u00eatre m\u00e9lang\u00e9s \u00e0 des ar\u00f4mes<\/strong>. De cette mani\u00e8re, vous cr\u00e9ez sans cesse de nouveaux liquides personnalis\u00e9s ! <strong>ar\u00f4mes<\/strong> ne doivent pas \u00eatre utilis\u00e9s non dilu\u00e9s et doivent toujours \u00eatre m\u00e9lang\u00e9s \u00e0 une <strong>base<\/strong> \u00eatre ajout\u00e9.<\/p>","protected":false},"excerpt":{"rendered":"<p>Notre <strong>Ar\u00f4me My-Tide<\/strong> combine le go\u00fbt fruit\u00e9 du <strong>de chewing-gums roses enroul\u00e9s<\/strong> de l'enfance avec une boisson fra\u00eeche et agr\u00e9able. <strong>Note menthol\u00e9e<\/strong>!<\/p>","protected":false},"featured_media":319892,"comment_status":"open","ping_status":"closed","template":"","meta":{"_acf_changed":false,"_relevanssi_hide_post":"","_relevanssi_hide_content":"","_relevanssi_pin_for_all":"","_relevanssi_pin_keywords":"","_relevanssi_unpin_keywords":"","_relevanssi_related_keywords":"","_relevanssi_related_include_ids":"","_relevanssi_related_exclude_ids":"","_relevanssi_related_no_append":"","_relevanssi_related_not_related":"","_relevanssi_related_posts":"","_relevanssi_noindex_reason":""},"product_brand":[],"product_cat":[4733,4882,4701,4705,4704,4881,4712],"product_tag":[1399,6847,4942,5805,5792,4956,6836,5226],"class_list":{"0":"post-302620","1":"product","2":"type-product","3":"status-publish","4":"has-post-thumbnail","6":"product_cat-alle-aromen","7":"product_cat-aromen-ohne-sucralose","8":"product_cat-aromen","9":"product_cat-frucht-aromen-liquid-e-zigarette","10":"product_cat-menthol-aromen-liquid-e-zigarette","11":"product_cat-my-eliquid-aromen","12":"product_cat-special-aromen-liquid-e-zigarette","13":"product_tag-aroma","14":"product_tag-aromen","15":"product_tag-frucht","16":"product_tag-liquid","17":"product_tag-liquids","18":"product_tag-menthol","19":"product_tag-my-tide","20":"product_tag-special","21":"product_shipping_class-standard","23":"first","24":"instock","25":"taxable","26":"shipping-taxable","27":"purchasable","28":"product-type-variable"},"acf":[],"_links":{"self":[{"href":"https:\/\/my-eliquid.de\/fr\/wp-json\/wp\/v2\/product\/302620","targetHints":{"allow":["GET"]}}],"collection":[{"href":"https:\/\/my-eliquid.de\/fr\/wp-json\/wp\/v2\/product"}],"about":[{"href":"https:\/\/my-eliquid.de\/fr\/wp-json\/wp\/v2\/types\/product"}],"replies":[{"embeddable":true,"href":"https:\/\/my-eliquid.de\/fr\/wp-json\/wp\/v2\/comments?post=302620"}],"wp:featuredmedia":[{"embeddable":true,"href":"https:\/\/my-eliquid.de\/fr\/wp-json\/wp\/v2\/media\/319892"}],"wp:attachment":[{"href":"https:\/\/my-eliquid.de\/fr\/wp-json\/wp\/v2\/media?parent=302620"}],"wp:term":[{"taxonomy":"product_brand","embeddable":true,"href":"https:\/\/my-eliquid.de\/fr\/wp-json\/wp\/v2\/product_brand?post=302620"},{"taxonomy":"product_cat","embeddable":true,"href":"https:\/\/my-eliquid.de\/fr\/wp-json\/wp\/v2\/product_cat?post=302620"},{"taxonomy":"product_tag","embeddable":true,"href":"https:\/\/my-eliquid.de\/fr\/wp-json\/wp\/v2\/product_tag?post=302620"}],"curies":[{"name":"wp","href":"https:\/\/api.w.org\/{rel}","templated":true}]}}