{"id":303136,"date":"2011-12-26T00:00:00","date_gmt":"2011-12-25T23:00:00","guid":{"rendered":"https:\/\/my-eliquid.de\/shop\/waldmeister-liquid\/"},"modified":"2026-02-03T09:13:13","modified_gmt":"2026-02-03T08:13:13","slug":"waldmeister-liquid","status":"publish","type":"product","link":"https:\/\/my-eliquid.de\/fr\/shop\/waldmeister-liquid\/","title":{"rendered":"Liquide \u00e0 l'asp\u00e9rule odorante"},"content":{"rendered":"<p>Notre <strong>Liquide \u00e0 l'asp\u00e9rule odorante<\/strong> punktet mit seinem duftend-s\u00fc\u00dfen <strong>Waldmeister-Aroma<\/strong> et est issu de la lign\u00e9e des <strong>Fruits Liquids<\/strong>. Das duftende Maikraut als leckeres Liquid \u2013 Was will man mehr? All unsere Fl\u00fcssigkeiten werden bei uns vor Ort produziert und entsprechen h\u00f6chsten Sicherheitsstandards. Das <strong>Liquide \u00e0 l'asp\u00e9rule odorante<\/strong> est sans nicotine et disponible en diff\u00e9rentes <strong>Taux de nicotine<\/strong> sont disponibles. Pour que le go\u00fbt se d\u00e9veloppe durablement, nous recommandons <strong>e-liquide<\/strong> Conserver \u00e0 l'abri de la lumi\u00e8re et dans un endroit sec.<\/p>","protected":false},"excerpt":{"rendered":"<p>La savoureuse tentation verte : notre <strong>Liquide \u00e0 l'asp\u00e9rule odorante<\/strong> a un go\u00fbt intens\u00e9ment sucr\u00e9 et un d\u00e9licieux parfum d'herbe, comme le d\u00e9but du printemps dans la for\u00eat !<\/p>","protected":false},"featured_media":319392,"comment_status":"open","ping_status":"closed","template":"","meta":{"_acf_changed":false,"_relevanssi_hide_post":"","_relevanssi_hide_content":"","_relevanssi_pin_for_all":"","_relevanssi_pin_keywords":"","_relevanssi_unpin_keywords":"","_relevanssi_related_keywords":"","_relevanssi_related_include_ids":"","_relevanssi_related_exclude_ids":"","_relevanssi_related_no_append":"","_relevanssi_related_not_related":"","_relevanssi_related_posts":"","_relevanssi_noindex_reason":""},"product_brand":[],"product_cat":[4731,4690,4689,4880,4842],"product_tag":[4919,4915,5166,4917,4914,4918,5004,6821,4920,5045,6979],"class_list":{"0":"post-303136","1":"product","2":"type-product","3":"status-publish","4":"has-post-thumbnail","6":"product_cat-alle-liquids-fur-e-zigaretten","7":"product_cat-frucht-liquids-e-zigarette","8":"product_cat-eliquids","9":"product_cat-liquids-ohne-sucralose","10":"product_cat-my-eliquid-liquids","11":"product_tag-dampfer","12":"product_tag-e-liquid","13":"product_tag-e-zigarette","14":"product_tag-e-zigi","15":"product_tag-eliquid","16":"product_tag-ezigarette","17":"product_tag-nachfuellfluessigkeit","18":"product_tag-sweet","19":"product_tag-verdampfer","20":"product_tag-waldmeister","21":"product_tag-woodruff","22":"product_shipping_class-standard","24":"first","25":"instock","26":"taxable","27":"shipping-taxable","28":"purchasable","29":"product-type-variable"},"acf":[],"_links":{"self":[{"href":"https:\/\/my-eliquid.de\/fr\/wp-json\/wp\/v2\/product\/303136","targetHints":{"allow":["GET"]}}],"collection":[{"href":"https:\/\/my-eliquid.de\/fr\/wp-json\/wp\/v2\/product"}],"about":[{"href":"https:\/\/my-eliquid.de\/fr\/wp-json\/wp\/v2\/types\/product"}],"replies":[{"embeddable":true,"href":"https:\/\/my-eliquid.de\/fr\/wp-json\/wp\/v2\/comments?post=303136"}],"wp:featuredmedia":[{"embeddable":true,"href":"https:\/\/my-eliquid.de\/fr\/wp-json\/wp\/v2\/media\/319392"}],"wp:attachment":[{"href":"https:\/\/my-eliquid.de\/fr\/wp-json\/wp\/v2\/media?parent=303136"}],"wp:term":[{"taxonomy":"product_brand","embeddable":true,"href":"https:\/\/my-eliquid.de\/fr\/wp-json\/wp\/v2\/product_brand?post=303136"},{"taxonomy":"product_cat","embeddable":true,"href":"https:\/\/my-eliquid.de\/fr\/wp-json\/wp\/v2\/product_cat?post=303136"},{"taxonomy":"product_tag","embeddable":true,"href":"https:\/\/my-eliquid.de\/fr\/wp-json\/wp\/v2\/product_tag?post=303136"}],"curies":[{"name":"wp","href":"https:\/\/api.w.org\/{rel}","templated":true}]}}