{"id":303175,"date":"2017-09-05T00:00:00","date_gmt":"2017-09-04T22:00:00","guid":{"rendered":"https:\/\/my-eliquid.de\/shop\/erdbeere-2-liquid\/"},"modified":"2026-04-08T09:43:32","modified_gmt":"2026-04-08T07:43:32","slug":"erdbeere-2-liquid","status":"publish","type":"product","link":"https:\/\/my-eliquid.de\/fr\/shop\/erdbeere-2-liquid\/","title":{"rendered":"Sweet Strawberry (Fraise 2) Liquide"},"content":{"rendered":"<p>Notre <strong>Liquide Sweet Strawberry<\/strong> avec son go\u00fbt tr\u00e8s fruit\u00e9 de fraise, provient de la ligne de <strong>Liquides pour fruits<\/strong>.<\/p>\n<p>Si vous aimez les liquides \u00e0 la fraise, vous allez adorer cette exp\u00e9rience gustative tr\u00e8s particuli\u00e8re.\u00a0<\/p>\n<p>Tous nos liquides sont produits sur place dans nos locaux et r\u00e9pondent aux normes de s\u00e9curit\u00e9 les plus strictes.\u00a0<\/p>\n<p>Le <strong>Fraise douce<\/strong><strong>\u00a0Liquid<\/strong> est sans nicotine et disponible en diff\u00e9rentes teneurs en nicotine. Pour un bon d\u00e9veloppement du go\u00fbt durable, nous recommandons de <strong>e-liquide<\/strong> Conserver \u00e0 l'abri de la lumi\u00e8re et dans un endroit sec.<\/p>","protected":false},"excerpt":{"rendered":"<p><span style=\"line-height: 19px\">Notre\u00a0<\/span><strong style=\"line-height: 19px\">Liquide Sweet Strawberry<\/strong><span style=\"line-height: 19px\">\u00a0avec son go\u00fbt tr\u00e8s fruit\u00e9 de fraise, provient de la ligne de\u00a0<\/span><strong style=\"line-height: 19px\">Liquides pour fruits<\/strong><span style=\"line-height: 19px\">.<\/span><\/p>","protected":false},"featured_media":319491,"comment_status":"open","ping_status":"closed","template":"","meta":{"_acf_changed":false,"_relevanssi_hide_post":"","_relevanssi_hide_content":"","_relevanssi_pin_for_all":"","_relevanssi_pin_keywords":"","_relevanssi_unpin_keywords":"","_relevanssi_related_keywords":"","_relevanssi_related_include_ids":"","_relevanssi_related_exclude_ids":"","_relevanssi_related_no_append":"","_relevanssi_related_not_related":"","_relevanssi_related_posts":"","_relevanssi_noindex_reason":""},"product_brand":[],"product_cat":[4731,4690,4689,4880,4842,4706],"product_tag":[6900,5803,5805],"class_list":{"0":"post-303175","1":"product","2":"type-product","3":"status-publish","4":"has-post-thumbnail","6":"product_cat-alle-liquids-fur-e-zigaretten","7":"product_cat-frucht-liquids-e-zigarette","8":"product_cat-eliquids","9":"product_cat-liquids-ohne-sucralose","10":"product_cat-my-eliquid-liquids","11":"product_cat-suesse-liquids-e-zigarette","12":"product_tag-6900","13":"product_tag-erdbeere","14":"product_tag-liquid","15":"product_shipping_class-standard","17":"first","18":"instock","19":"taxable","20":"shipping-taxable","21":"purchasable","22":"product-type-variable"},"acf":[],"_links":{"self":[{"href":"https:\/\/my-eliquid.de\/fr\/wp-json\/wp\/v2\/product\/303175","targetHints":{"allow":["GET"]}}],"collection":[{"href":"https:\/\/my-eliquid.de\/fr\/wp-json\/wp\/v2\/product"}],"about":[{"href":"https:\/\/my-eliquid.de\/fr\/wp-json\/wp\/v2\/types\/product"}],"replies":[{"embeddable":true,"href":"https:\/\/my-eliquid.de\/fr\/wp-json\/wp\/v2\/comments?post=303175"}],"wp:featuredmedia":[{"embeddable":true,"href":"https:\/\/my-eliquid.de\/fr\/wp-json\/wp\/v2\/media\/319491"}],"wp:attachment":[{"href":"https:\/\/my-eliquid.de\/fr\/wp-json\/wp\/v2\/media?parent=303175"}],"wp:term":[{"taxonomy":"product_brand","embeddable":true,"href":"https:\/\/my-eliquid.de\/fr\/wp-json\/wp\/v2\/product_brand?post=303175"},{"taxonomy":"product_cat","embeddable":true,"href":"https:\/\/my-eliquid.de\/fr\/wp-json\/wp\/v2\/product_cat?post=303175"},{"taxonomy":"product_tag","embeddable":true,"href":"https:\/\/my-eliquid.de\/fr\/wp-json\/wp\/v2\/product_tag?post=303175"}],"curies":[{"name":"wp","href":"https:\/\/api.w.org\/{rel}","templated":true}]}}