{"id":303179,"date":"2011-12-25T00:00:00","date_gmt":"2011-12-24T23:00:00","guid":{"rendered":"https:\/\/my-eliquid.de\/shop\/colt-arctic-liquid\/"},"modified":"2026-04-13T09:24:30","modified_gmt":"2026-04-13T07:24:30","slug":"colt-arctic-liquid","status":"publish","type":"product","link":"https:\/\/my-eliquid.de\/fr\/shop\/colt-arctic-liquid\/","title":{"rendered":"Liquide Colt Arctic"},"content":{"rendered":"<p>Notre <strong>Liquide Colt Arctic<\/strong> sorgt mit seiner eisig intensiven Mischung von Minze und Menthol f\u00fcr die ultimative Frische und stammt aus der Linie der <strong>Liquides menthol\u00e9s<\/strong>. Arktische Erfrischung bei 100% Genuss! All unsere Fl\u00fcssigkeiten werden bei uns vor Ort produziert und entsprechen h\u00f6chsten Sicherheitsstandards. Das <strong>Liquide Colt Arctic<\/strong> est sans nicotine et disponible en diff\u00e9rentes <strong>Taux de nicotine<\/strong> sont disponibles. Pour que le go\u00fbt se d\u00e9veloppe durablement, nous recommandons <strong>e-liquide<\/strong> Conserver \u00e0 l'abri de la lumi\u00e8re et dans un endroit sec.<\/p>","protected":false},"excerpt":{"rendered":"<p>Notre <strong>Liquide Colt Arctic<\/strong> rafra\u00eechit et garantit de rester cool ! Le froid glacial de l'Arctique rencontre la fra\u00eecheur intense de la <strong>Menthe poivr\u00e9e<\/strong> et doux <strong>menthol<\/strong>.<\/p>","protected":false},"featured_media":319515,"comment_status":"open","ping_status":"closed","template":"","meta":{"_acf_changed":false,"_relevanssi_hide_post":"","_relevanssi_hide_content":"","_relevanssi_pin_for_all":"","_relevanssi_pin_keywords":"","_relevanssi_unpin_keywords":"","_relevanssi_related_keywords":"","_relevanssi_related_include_ids":"","_relevanssi_related_exclude_ids":"","_relevanssi_related_no_append":"","_relevanssi_related_not_related":"","_relevanssi_related_posts":"","_relevanssi_noindex_reason":""},"product_brand":[],"product_cat":[4731,4689,4880,4694,4842,4693],"product_tag":[6978,6977,4919,4915,5166,4917,4914,4918,5004,4920],"class_list":{"0":"post-303179","1":"product","2":"type-product","3":"status-publish","4":"has-post-thumbnail","6":"product_cat-alle-liquids-fur-e-zigaretten","7":"product_cat-eliquids","8":"product_cat-liquids-ohne-sucralose","9":"product_cat-menthol-liquids-e-zigarette","10":"product_cat-my-eliquid-liquids","11":"product_cat-special-liquids-e-zigarette","12":"product_tag-arctic","13":"product_tag-colt","14":"product_tag-dampfer","15":"product_tag-e-liquid","16":"product_tag-e-zigarette","17":"product_tag-e-zigi","18":"product_tag-eliquid","19":"product_tag-ezigarette","20":"product_tag-nachfuellfluessigkeit","21":"product_tag-verdampfer","22":"product_shipping_class-standard","24":"first","25":"instock","26":"taxable","27":"shipping-taxable","28":"purchasable","29":"product-type-variable"},"acf":[],"_links":{"self":[{"href":"https:\/\/my-eliquid.de\/fr\/wp-json\/wp\/v2\/product\/303179","targetHints":{"allow":["GET"]}}],"collection":[{"href":"https:\/\/my-eliquid.de\/fr\/wp-json\/wp\/v2\/product"}],"about":[{"href":"https:\/\/my-eliquid.de\/fr\/wp-json\/wp\/v2\/types\/product"}],"replies":[{"embeddable":true,"href":"https:\/\/my-eliquid.de\/fr\/wp-json\/wp\/v2\/comments?post=303179"}],"wp:featuredmedia":[{"embeddable":true,"href":"https:\/\/my-eliquid.de\/fr\/wp-json\/wp\/v2\/media\/319515"}],"wp:attachment":[{"href":"https:\/\/my-eliquid.de\/fr\/wp-json\/wp\/v2\/media?parent=303179"}],"wp:term":[{"taxonomy":"product_brand","embeddable":true,"href":"https:\/\/my-eliquid.de\/fr\/wp-json\/wp\/v2\/product_brand?post=303179"},{"taxonomy":"product_cat","embeddable":true,"href":"https:\/\/my-eliquid.de\/fr\/wp-json\/wp\/v2\/product_cat?post=303179"},{"taxonomy":"product_tag","embeddable":true,"href":"https:\/\/my-eliquid.de\/fr\/wp-json\/wp\/v2\/product_tag?post=303179"}],"curies":[{"name":"wp","href":"https:\/\/api.w.org\/{rel}","templated":true}]}}