{"id":303185,"date":"2011-10-01T00:00:00","date_gmt":"2011-09-30T22:00:00","guid":{"rendered":"https:\/\/my-eliquid.de\/shop\/apfel-liquid\/"},"modified":"2026-03-30T07:44:46","modified_gmt":"2026-03-30T05:44:46","slug":"apfel-liquid","status":"publish","type":"product","link":"https:\/\/my-eliquid.de\/fr\/shop\/apfel-liquid\/","title":{"rendered":"Liquide \u00e0 la pomme"},"content":{"rendered":"<p>Notre <strong>Liquide \u00e0 la pomme<\/strong> schmeckt nach frischem, leicht <strong>s\u00e4uerlich-herbem Apfel<\/strong> et est issu de la lign\u00e9e des <strong>Fruits Liquids<\/strong>. Die geballte Geschmacks-Power des <strong>Apfels<\/strong> \u2013 einfach nur lecker! All unsere Fl\u00fcssigkeiten werden bei uns vor Ort produziert und entsprechen h\u00f6chsten Sicherheitsstandards. Das <strong>Liquide \u00e0 la pomme<\/strong> est sans nicotine et disponible en diff\u00e9rentes <strong>Taux de nicotine<\/strong> sont disponibles. Pour que le go\u00fbt se d\u00e9veloppe durablement, nous recommandons <strong>e-liquide<\/strong> Conserver \u00e0 l'abri de la lumi\u00e8re et dans un endroit sec.<\/p>","protected":false},"excerpt":{"rendered":"<p>Sa r\u00e9putation de fruit le plus populaire est due au <strong>Pomme<\/strong> pas en vain. M\u00eame dans notre <strong>Liquide \u00e0 la pomme<\/strong> trouve son \u00e2pret\u00e9, sa l\u00e9g\u00e8ret\u00e9 <strong>ar\u00f4me acidul\u00e9<\/strong> l'ach\u00e8vement !<\/p>","protected":false},"featured_media":319550,"comment_status":"open","ping_status":"closed","template":"","meta":{"_acf_changed":false,"_relevanssi_hide_post":"","_relevanssi_hide_content":"","_relevanssi_pin_for_all":"","_relevanssi_pin_keywords":"","_relevanssi_unpin_keywords":"","_relevanssi_related_keywords":"","_relevanssi_related_include_ids":"","_relevanssi_related_exclude_ids":"","_relevanssi_related_no_append":"","_relevanssi_related_not_related":"","_relevanssi_related_posts":"","_relevanssi_noindex_reason":""},"product_brand":[],"product_cat":[4731,4690,4880,4842],"product_tag":[4955,4919,4915,5166,4917,4914,4918,5004,4920],"class_list":{"0":"post-303185","1":"product","2":"type-product","3":"status-publish","4":"has-post-thumbnail","6":"product_cat-alle-liquids-fur-e-zigaretten","7":"product_cat-frucht-liquids-e-zigarette","8":"product_cat-liquids-ohne-sucralose","9":"product_cat-my-eliquid-liquids","10":"product_tag-apfel","11":"product_tag-dampfer","12":"product_tag-e-liquid","13":"product_tag-e-zigarette","14":"product_tag-e-zigi","15":"product_tag-eliquid","16":"product_tag-ezigarette","17":"product_tag-nachfuellfluessigkeit","18":"product_tag-verdampfer","19":"product_shipping_class-standard","21":"first","22":"instock","23":"taxable","24":"shipping-taxable","25":"purchasable","26":"product-type-variable"},"acf":[],"_links":{"self":[{"href":"https:\/\/my-eliquid.de\/fr\/wp-json\/wp\/v2\/product\/303185","targetHints":{"allow":["GET"]}}],"collection":[{"href":"https:\/\/my-eliquid.de\/fr\/wp-json\/wp\/v2\/product"}],"about":[{"href":"https:\/\/my-eliquid.de\/fr\/wp-json\/wp\/v2\/types\/product"}],"replies":[{"embeddable":true,"href":"https:\/\/my-eliquid.de\/fr\/wp-json\/wp\/v2\/comments?post=303185"}],"wp:featuredmedia":[{"embeddable":true,"href":"https:\/\/my-eliquid.de\/fr\/wp-json\/wp\/v2\/media\/319550"}],"wp:attachment":[{"href":"https:\/\/my-eliquid.de\/fr\/wp-json\/wp\/v2\/media?parent=303185"}],"wp:term":[{"taxonomy":"product_brand","embeddable":true,"href":"https:\/\/my-eliquid.de\/fr\/wp-json\/wp\/v2\/product_brand?post=303185"},{"taxonomy":"product_cat","embeddable":true,"href":"https:\/\/my-eliquid.de\/fr\/wp-json\/wp\/v2\/product_cat?post=303185"},{"taxonomy":"product_tag","embeddable":true,"href":"https:\/\/my-eliquid.de\/fr\/wp-json\/wp\/v2\/product_tag?post=303185"}],"curies":[{"name":"wp","href":"https:\/\/api.w.org\/{rel}","templated":true}]}}