{"id":303194,"date":"2012-02-12T00:00:00","date_gmt":"2012-02-11T23:00:00","guid":{"rendered":"https:\/\/my-eliquid.de\/shop\/granatapfel-liquid\/"},"modified":"2025-12-11T09:45:43","modified_gmt":"2025-12-11T08:45:43","slug":"granatapfel-liquid","status":"publish","type":"product","link":"https:\/\/my-eliquid.de\/fr\/shop\/granatapfel-liquid\/","title":{"rendered":"Liquide de grenade"},"content":{"rendered":"<p>Notre <strong>Liquide de grenade<\/strong> \u00fcberzeugt mit seinem s\u00fc\u00df-s\u00e4uerlichen <strong>Granatapfel-Geschmack<\/strong> et est issu de la lign\u00e9e des <strong>Fruits Liquids<\/strong>. Saftig-exotischer <strong>Granatapfel<\/strong> \u2013 Ein k\u00f6stlicher Genuss! All unsere Fl\u00fcssigkeiten werden bei uns vor Ort produziert und entsprechen h\u00f6chsten Sicherheitsstandards. Das <strong>Liquide de grenade<\/strong> est sans nicotine et disponible en diff\u00e9rentes <strong>Taux de nicotine<\/strong> sont disponibles. Pour que le go\u00fbt se d\u00e9veloppe durablement, nous recommandons <strong>e-liquide<\/strong> Conserver \u00e0 l'abri de la lumi\u00e8re et dans un endroit sec.<\/p>","protected":false},"excerpt":{"rendered":"<p><strong>Magnifique<\/strong> rouge, incroyablement d\u00e9licieux et <strong>d\u00e9licieusement juteux<\/strong>: Notre <strong>Liquide de grenade<\/strong> et son ar\u00f4me acidul\u00e9 et sucr\u00e9 conviennent \u00e0 la <strong>fruit exotique<\/strong> n'a rien \u00e0 envier aux autres !<\/p>","protected":false},"featured_media":319568,"comment_status":"open","ping_status":"closed","template":"","meta":{"_acf_changed":false,"_relevanssi_hide_post":"","_relevanssi_hide_content":"","_relevanssi_pin_for_all":"","_relevanssi_pin_keywords":"","_relevanssi_unpin_keywords":"","_relevanssi_related_keywords":"","_relevanssi_related_include_ids":"","_relevanssi_related_exclude_ids":"","_relevanssi_related_no_append":"","_relevanssi_related_not_related":"","_relevanssi_related_posts":"","_relevanssi_noindex_reason":""},"product_brand":[],"product_cat":[4731,4690,4689,4880,4842],"product_tag":[4919,4915,5166,4917,4914,4918,5056,5004,5057,4920],"class_list":{"0":"post-303194","1":"product","2":"type-product","3":"status-publish","4":"has-post-thumbnail","6":"product_cat-alle-liquids-fur-e-zigaretten","7":"product_cat-frucht-liquids-e-zigarette","8":"product_cat-eliquids","9":"product_cat-liquids-ohne-sucralose","10":"product_cat-my-eliquid-liquids","11":"product_tag-dampfer","12":"product_tag-e-liquid","13":"product_tag-e-zigarette","14":"product_tag-e-zigi","15":"product_tag-eliquid","16":"product_tag-ezigarette","17":"product_tag-granatapfel","18":"product_tag-nachfuellfluessigkeit","19":"product_tag-pomegranate","20":"product_tag-verdampfer","21":"product_shipping_class-standard","23":"first","24":"instock","25":"taxable","26":"shipping-taxable","27":"purchasable","28":"product-type-variable"},"acf":[],"_links":{"self":[{"href":"https:\/\/my-eliquid.de\/fr\/wp-json\/wp\/v2\/product\/303194","targetHints":{"allow":["GET"]}}],"collection":[{"href":"https:\/\/my-eliquid.de\/fr\/wp-json\/wp\/v2\/product"}],"about":[{"href":"https:\/\/my-eliquid.de\/fr\/wp-json\/wp\/v2\/types\/product"}],"replies":[{"embeddable":true,"href":"https:\/\/my-eliquid.de\/fr\/wp-json\/wp\/v2\/comments?post=303194"}],"wp:featuredmedia":[{"embeddable":true,"href":"https:\/\/my-eliquid.de\/fr\/wp-json\/wp\/v2\/media\/319568"}],"wp:attachment":[{"href":"https:\/\/my-eliquid.de\/fr\/wp-json\/wp\/v2\/media?parent=303194"}],"wp:term":[{"taxonomy":"product_brand","embeddable":true,"href":"https:\/\/my-eliquid.de\/fr\/wp-json\/wp\/v2\/product_brand?post=303194"},{"taxonomy":"product_cat","embeddable":true,"href":"https:\/\/my-eliquid.de\/fr\/wp-json\/wp\/v2\/product_cat?post=303194"},{"taxonomy":"product_tag","embeddable":true,"href":"https:\/\/my-eliquid.de\/fr\/wp-json\/wp\/v2\/product_tag?post=303194"}],"curies":[{"name":"wp","href":"https:\/\/api.w.org\/{rel}","templated":true}]}}