{"id":303220,"date":"2013-11-11T00:00:00","date_gmt":"2013-11-10T23:00:00","guid":{"rendered":"https:\/\/my-eliquid.de\/shop\/vanillepudding\/"},"modified":"2026-04-10T09:10:32","modified_gmt":"2026-04-10T07:10:32","slug":"vanillepudding","status":"publish","type":"product","link":"https:\/\/my-eliquid.de\/fr\/shop\/vanillepudding\/","title":{"rendered":"Cr\u00e8me anglaise liquide"},"content":{"rendered":"<p>Notre <strong>Cr\u00e8me anglaise liquide<\/strong> \u00fcberzeugt mit seinem cremig-s\u00fc\u00dfen Vanillepudding-Aroma und stammt aus der Linie der <strong>Liquides sucr\u00e9s<\/strong>. Cremiger Vanillegenuss verfeinert mit einer feinen Sahnenote \u2013 Ein Traum! All unsere Fl\u00fcssigkeiten werden bei uns vor Ort produziert und entsprechen h\u00f6chsten Sicherheitsstandards. Das <strong>Cr\u00e8me anglaise liquide<\/strong> est sans nicotine et disponible en diff\u00e9rentes <strong>Taux de nicotine<\/strong> sont disponibles. Pour que le go\u00fbt se d\u00e9veloppe durablement, nous recommandons <strong>e-liquide<\/strong> Conserver \u00e0 l'abri de la lumi\u00e8re et dans un endroit sec.<\/p>","protected":false},"excerpt":{"rendered":"<p>Da kann selbst Omi&#8217;s Geheimrezept nicht mithalten: Unser <strong>Cr\u00e8me anglaise liquide<\/strong> mit seinem sahnig s\u00fc\u00dfen Dessertcreme Geschmack \u2013 Vollster Genuss zum Hineinlegen!<\/p>","protected":false},"featured_media":319700,"comment_status":"open","ping_status":"closed","template":"","meta":{"_acf_changed":false,"_relevanssi_hide_post":"","_relevanssi_hide_content":"","_relevanssi_pin_for_all":"","_relevanssi_pin_keywords":"","_relevanssi_unpin_keywords":"","_relevanssi_related_keywords":"","_relevanssi_related_include_ids":"","_relevanssi_related_exclude_ids":"","_relevanssi_related_no_append":"","_relevanssi_related_not_related":"","_relevanssi_related_posts":"","_relevanssi_noindex_reason":""},"product_brand":[],"product_cat":[4731,4689,4880,4842,4706],"product_tag":[6957,4919,4915,5166,4917,4914,4918,7487,5004,7488,5001,4920],"class_list":{"0":"post-303220","1":"product","2":"type-product","3":"status-publish","4":"has-post-thumbnail","6":"product_cat-alle-liquids-fur-e-zigaretten","7":"product_cat-eliquids","8":"product_cat-liquids-ohne-sucralose","9":"product_cat-my-eliquid-liquids","10":"product_cat-suesse-liquids-e-zigarette","11":"product_tag-banana","12":"product_tag-dampfer","13":"product_tag-e-liquid","14":"product_tag-e-zigarette","15":"product_tag-e-zigi","16":"product_tag-eliquid","17":"product_tag-ezigarette","18":"product_tag-milk","19":"product_tag-nachfuellfluessigkeit","20":"product_tag-pudding","21":"product_tag-vanille","22":"product_tag-verdampfer","23":"product_shipping_class-standard","25":"first","26":"instock","27":"taxable","28":"shipping-taxable","29":"purchasable","30":"product-type-variable"},"acf":[],"_links":{"self":[{"href":"https:\/\/my-eliquid.de\/fr\/wp-json\/wp\/v2\/product\/303220","targetHints":{"allow":["GET"]}}],"collection":[{"href":"https:\/\/my-eliquid.de\/fr\/wp-json\/wp\/v2\/product"}],"about":[{"href":"https:\/\/my-eliquid.de\/fr\/wp-json\/wp\/v2\/types\/product"}],"replies":[{"embeddable":true,"href":"https:\/\/my-eliquid.de\/fr\/wp-json\/wp\/v2\/comments?post=303220"}],"wp:featuredmedia":[{"embeddable":true,"href":"https:\/\/my-eliquid.de\/fr\/wp-json\/wp\/v2\/media\/319700"}],"wp:attachment":[{"href":"https:\/\/my-eliquid.de\/fr\/wp-json\/wp\/v2\/media?parent=303220"}],"wp:term":[{"taxonomy":"product_brand","embeddable":true,"href":"https:\/\/my-eliquid.de\/fr\/wp-json\/wp\/v2\/product_brand?post=303220"},{"taxonomy":"product_cat","embeddable":true,"href":"https:\/\/my-eliquid.de\/fr\/wp-json\/wp\/v2\/product_cat?post=303220"},{"taxonomy":"product_tag","embeddable":true,"href":"https:\/\/my-eliquid.de\/fr\/wp-json\/wp\/v2\/product_tag?post=303220"}],"curies":[{"name":"wp","href":"https:\/\/api.w.org\/{rel}","templated":true}]}}