{"id":303222,"date":"2011-10-02T00:00:00","date_gmt":"2011-10-01T22:00:00","guid":{"rendered":"https:\/\/my-eliquid.de\/shop\/energy-liquid\/"},"modified":"2025-11-25T13:49:20","modified_gmt":"2025-11-25T12:49:20","slug":"energy-liquid","status":"publish","type":"product","link":"https:\/\/my-eliquid.de\/fr\/shop\/energy-liquid\/","title":{"rendered":"Energy Liquid"},"content":{"rendered":"<p>Notre <strong>Energy Liquid<\/strong> zeichnet sich durch seinen fruchtig s\u00fc\u00dfen Geschmack nach Gummib\u00e4rchen aus und stammt aus der Linie der <strong>Boissons Liquides<\/strong>. Der Energydrink unter den Liquids besticht durch seinen unverkennbaren Geschmack. All unsere Fl\u00fcssigkeiten werden bei uns vor Ort produziert und entsprechen h\u00f6chsten Sicherheitsstandards. Das <strong>Energy Liquid<\/strong> est sans nicotine et disponible en diff\u00e9rentes <strong>Taux de nicotine<\/strong> sont disponibles. Pour que le go\u00fbt se d\u00e9veloppe durablement, nous recommandons <strong>e-liquide<\/strong> Conserver \u00e0 l'abri de la lumi\u00e8re et dans un endroit sec.<\/p>","protected":false},"excerpt":{"rendered":"<p>Dans notre <strong>Energy Liquid<\/strong> est un concentr\u00e9 de douceur rafra\u00eechissante, de go\u00fbt fruit\u00e9 d'ourson g\u00e9lifi\u00e9 et d'\u00e9nergie \u00e0 100 %. Stimulant et savoureux !<\/p>","protected":false},"featured_media":319765,"comment_status":"open","ping_status":"closed","template":"","meta":{"_acf_changed":false,"_relevanssi_hide_post":"","_relevanssi_hide_content":"","_relevanssi_pin_for_all":"","_relevanssi_pin_keywords":"","_relevanssi_unpin_keywords":"","_relevanssi_related_keywords":"","_relevanssi_related_include_ids":"","_relevanssi_related_exclude_ids":"","_relevanssi_related_no_append":"","_relevanssi_related_not_related":"","_relevanssi_related_posts":"","_relevanssi_noindex_reason":""},"product_brand":[],"product_cat":[4731,4692,4880,4842],"product_tag":[4919,4915,5166,4917,4914,4943,4918,5004,4920],"class_list":{"0":"post-303222","1":"product","2":"type-product","3":"status-publish","4":"has-post-thumbnail","6":"product_cat-alle-liquids-fur-e-zigaretten","7":"product_cat-drinks-liquids-e-zigarette","8":"product_cat-liquids-ohne-sucralose","9":"product_cat-my-eliquid-liquids","10":"product_tag-dampfer","11":"product_tag-e-liquid","12":"product_tag-e-zigarette","13":"product_tag-e-zigi","14":"product_tag-eliquid","15":"product_tag-energy","16":"product_tag-ezigarette","17":"product_tag-nachfuellfluessigkeit","18":"product_tag-verdampfer","19":"product_shipping_class-standard","21":"first","22":"outofstock","23":"taxable","24":"shipping-taxable","25":"purchasable","26":"product-type-variable"},"acf":[],"_links":{"self":[{"href":"https:\/\/my-eliquid.de\/fr\/wp-json\/wp\/v2\/product\/303222","targetHints":{"allow":["GET"]}}],"collection":[{"href":"https:\/\/my-eliquid.de\/fr\/wp-json\/wp\/v2\/product"}],"about":[{"href":"https:\/\/my-eliquid.de\/fr\/wp-json\/wp\/v2\/types\/product"}],"replies":[{"embeddable":true,"href":"https:\/\/my-eliquid.de\/fr\/wp-json\/wp\/v2\/comments?post=303222"}],"wp:featuredmedia":[{"embeddable":true,"href":"https:\/\/my-eliquid.de\/fr\/wp-json\/wp\/v2\/media\/319765"}],"wp:attachment":[{"href":"https:\/\/my-eliquid.de\/fr\/wp-json\/wp\/v2\/media?parent=303222"}],"wp:term":[{"taxonomy":"product_brand","embeddable":true,"href":"https:\/\/my-eliquid.de\/fr\/wp-json\/wp\/v2\/product_brand?post=303222"},{"taxonomy":"product_cat","embeddable":true,"href":"https:\/\/my-eliquid.de\/fr\/wp-json\/wp\/v2\/product_cat?post=303222"},{"taxonomy":"product_tag","embeddable":true,"href":"https:\/\/my-eliquid.de\/fr\/wp-json\/wp\/v2\/product_tag?post=303222"}],"curies":[{"name":"wp","href":"https:\/\/api.w.org\/{rel}","templated":true}]}}