{"id":303270,"date":"2011-10-26T00:00:00","date_gmt":"2011-10-25T22:00:00","guid":{"rendered":"https:\/\/my-eliquid.de\/shop\/desert-ship-tabak-liquid\/"},"modified":"2026-04-13T09:24:30","modified_gmt":"2026-04-13T07:24:30","slug":"desert-ship-tabak-liquid","status":"publish","type":"product","link":"https:\/\/my-eliquid.de\/fr\/shop\/desert-ship-tabak-liquid\/","title":{"rendered":"Liquide Desert Ship"},"content":{"rendered":"<p>Notre <strong>Liquide Desert Ship<\/strong> schmeckt nach mild-trockenem <strong>tabac<\/strong> et est issu de la lign\u00e9e des <strong>Tabac liquide<\/strong>. Feinster <strong>Go\u00fbt de tabac<\/strong>, der nach der aromatischen Frische der edelsten Plantagen schmeckt! All unsere <strong>Liquides<\/strong> sont produits sur place chez nous et r\u00e9pondent aux normes de s\u00e9curit\u00e9 les plus strictes. Le site <strong>Liquide Desert Ship<\/strong> est <strong>sans nicotine<\/strong> ainsi que dans diff\u00e9rents <strong>Taux de nicotine<\/strong> sont disponibles. Pour que le go\u00fbt se d\u00e9veloppe durablement, nous recommandons <strong>e-liquide<\/strong> Conserver \u00e0 l'abri de la lumi\u00e8re et dans un endroit sec.<\/p>","protected":false},"excerpt":{"rendered":"<p>Une douceur d\u00e9licieuse rencontre un go\u00fbt sec <strong>Ar\u00f4me de tabac<\/strong>: Notre <strong>Liquide Desert Ship<\/strong> s\u00e9duit par son go\u00fbt irr\u00e9sistible de d\u00e9licieux fruits m\u00fbris au soleil. <strong>tabac<\/strong>!<\/p>","protected":false},"featured_media":319154,"comment_status":"open","ping_status":"closed","template":"","meta":{"_acf_changed":false,"_relevanssi_hide_post":"","_relevanssi_hide_content":"","_relevanssi_pin_for_all":"","_relevanssi_pin_keywords":"","_relevanssi_unpin_keywords":"","_relevanssi_related_keywords":"","_relevanssi_related_include_ids":"","_relevanssi_related_exclude_ids":"","_relevanssi_related_no_append":"","_relevanssi_related_not_related":"","_relevanssi_related_posts":"","_relevanssi_noindex_reason":""},"product_brand":[],"product_cat":[4731,4880,4842,4691],"product_tag":[4919,6772,4915,5166,4917,4914,4918,4956,4925,5004,6773,4920],"class_list":{"0":"post-303270","1":"product","2":"type-product","3":"status-publish","4":"has-post-thumbnail","6":"product_cat-alle-liquids-fur-e-zigaretten","7":"product_cat-liquids-ohne-sucralose","8":"product_cat-my-eliquid-liquids","9":"product_cat-tabak-liquids-e-zigarette","10":"product_tag-dampfer","11":"product_tag-desert","12":"product_tag-e-liquid","13":"product_tag-e-zigarette","14":"product_tag-e-zigi","15":"product_tag-eliquid","16":"product_tag-ezigarette","17":"product_tag-menthol","18":"product_tag-minze","19":"product_tag-nachfuellfluessigkeit","20":"product_tag-ship","21":"product_tag-verdampfer","22":"product_shipping_class-standard","24":"first","25":"instock","26":"taxable","27":"shipping-taxable","28":"purchasable","29":"product-type-variable"},"acf":[],"_links":{"self":[{"href":"https:\/\/my-eliquid.de\/fr\/wp-json\/wp\/v2\/product\/303270","targetHints":{"allow":["GET"]}}],"collection":[{"href":"https:\/\/my-eliquid.de\/fr\/wp-json\/wp\/v2\/product"}],"about":[{"href":"https:\/\/my-eliquid.de\/fr\/wp-json\/wp\/v2\/types\/product"}],"replies":[{"embeddable":true,"href":"https:\/\/my-eliquid.de\/fr\/wp-json\/wp\/v2\/comments?post=303270"}],"wp:featuredmedia":[{"embeddable":true,"href":"https:\/\/my-eliquid.de\/fr\/wp-json\/wp\/v2\/media\/319154"}],"wp:attachment":[{"href":"https:\/\/my-eliquid.de\/fr\/wp-json\/wp\/v2\/media?parent=303270"}],"wp:term":[{"taxonomy":"product_brand","embeddable":true,"href":"https:\/\/my-eliquid.de\/fr\/wp-json\/wp\/v2\/product_brand?post=303270"},{"taxonomy":"product_cat","embeddable":true,"href":"https:\/\/my-eliquid.de\/fr\/wp-json\/wp\/v2\/product_cat?post=303270"},{"taxonomy":"product_tag","embeddable":true,"href":"https:\/\/my-eliquid.de\/fr\/wp-json\/wp\/v2\/product_tag?post=303270"}],"curies":[{"name":"wp","href":"https:\/\/api.w.org\/{rel}","templated":true}]}}