{"id":303285,"date":"2015-09-17T00:00:00","date_gmt":"2015-09-16T22:00:00","guid":{"rendered":"https:\/\/my-eliquid.de\/shop\/lebkuchen-liquid\/"},"modified":"2025-11-25T13:50:53","modified_gmt":"2025-11-25T12:50:53","slug":"lebkuchen-liquid","status":"publish","type":"product","link":"https:\/\/my-eliquid.de\/fr\/shop\/lebkuchen-liquid\/","title":{"rendered":"Pain d'\u00e9pices liquide"},"content":{"rendered":"<p>Notre <strong>Pain d'\u00e9pices liquide<\/strong> s\u00e9duit par son go\u00fbt \u00e2pre et \u00e9pic\u00e9. <strong>Ar\u00f4me de pain d'\u00e9pices<\/strong> et est issu de la lign\u00e9e des <strong>Liquides sucr\u00e9s<\/strong>. Un d\u00e9lice de No\u00ebl - quelle que soit la saison ! Tous nos liquides sont produits sur place et r\u00e9pondent aux normes de s\u00e9curit\u00e9 les plus strictes. Le site <strong>Pain d'\u00e9pices liquide<\/strong> est sans nicotine et disponible en diff\u00e9rentes <strong>Taux de nicotine<\/strong> sont disponibles. Pour que le go\u00fbt se d\u00e9veloppe durablement, nous recommandons <strong>e-liquide<\/strong> Conserver \u00e0 l'abri de la lumi\u00e8re et dans un endroit sec.<\/p>","protected":false},"excerpt":{"rendered":"<p><strong>Pain d'\u00e9pices<\/strong> n'existe qu'\u00e0 No\u00ebl ? C'est faux ! Car notre <strong>Pain d'\u00e9pices liquide<\/strong> se d\u00e9guste en toute saison : \u00e9pic\u00e9 et amer <strong>Go\u00fbt de pain d'\u00e9pices<\/strong> comme du march\u00e9 de No\u00ebl !<\/p>","protected":false},"featured_media":319209,"comment_status":"open","ping_status":"closed","template":"","meta":{"_acf_changed":false,"_relevanssi_hide_post":"","_relevanssi_hide_content":"","_relevanssi_pin_for_all":"","_relevanssi_pin_keywords":"","_relevanssi_unpin_keywords":"","_relevanssi_related_keywords":"","_relevanssi_related_include_ids":"","_relevanssi_related_exclude_ids":"","_relevanssi_related_no_append":"","_relevanssi_related_not_related":"","_relevanssi_related_posts":"","_relevanssi_noindex_reason":""},"product_brand":[],"product_cat":[4731,4880,4842,4706],"product_tag":[4914,6839,6838,5248,5904],"class_list":{"0":"post-303285","1":"product","2":"type-product","3":"status-publish","4":"has-post-thumbnail","6":"product_cat-alle-liquids-fur-e-zigaretten","7":"product_cat-liquids-ohne-sucralose","8":"product_cat-my-eliquid-liquids","9":"product_cat-suesse-liquids-e-zigarette","10":"product_tag-eliquid","11":"product_tag-kraeftig","12":"product_tag-lebkuchen","13":"product_tag-nussig","14":"product_tag-suess","15":"product_shipping_class-standard","17":"first","18":"outofstock","19":"taxable","20":"shipping-taxable","21":"purchasable","22":"product-type-variable"},"acf":[],"_links":{"self":[{"href":"https:\/\/my-eliquid.de\/fr\/wp-json\/wp\/v2\/product\/303285","targetHints":{"allow":["GET"]}}],"collection":[{"href":"https:\/\/my-eliquid.de\/fr\/wp-json\/wp\/v2\/product"}],"about":[{"href":"https:\/\/my-eliquid.de\/fr\/wp-json\/wp\/v2\/types\/product"}],"replies":[{"embeddable":true,"href":"https:\/\/my-eliquid.de\/fr\/wp-json\/wp\/v2\/comments?post=303285"}],"wp:featuredmedia":[{"embeddable":true,"href":"https:\/\/my-eliquid.de\/fr\/wp-json\/wp\/v2\/media\/319209"}],"wp:attachment":[{"href":"https:\/\/my-eliquid.de\/fr\/wp-json\/wp\/v2\/media?parent=303285"}],"wp:term":[{"taxonomy":"product_brand","embeddable":true,"href":"https:\/\/my-eliquid.de\/fr\/wp-json\/wp\/v2\/product_brand?post=303285"},{"taxonomy":"product_cat","embeddable":true,"href":"https:\/\/my-eliquid.de\/fr\/wp-json\/wp\/v2\/product_cat?post=303285"},{"taxonomy":"product_tag","embeddable":true,"href":"https:\/\/my-eliquid.de\/fr\/wp-json\/wp\/v2\/product_tag?post=303285"}],"curies":[{"name":"wp","href":"https:\/\/api.w.org\/{rel}","templated":true}]}}