{"id":303293,"date":"2013-05-07T00:00:00","date_gmt":"2013-05-06T22:00:00","guid":{"rendered":"https:\/\/my-eliquid.de\/shop\/royal-tabak-liquid\/"},"modified":"2026-02-25T08:45:40","modified_gmt":"2026-02-25T07:45:40","slug":"royal-tabak-liquid","status":"publish","type":"product","link":"https:\/\/my-eliquid.de\/fr\/shop\/royal-tabak-liquid\/","title":{"rendered":"Royal Tabak Liquid"},"content":{"rendered":"<p>Notre <strong>Royal Tabak Liquid<\/strong> punktet mit seinem kr\u00e4ftig-markanten <strong>Ar\u00f4me de tabac<\/strong> et est issu de la lign\u00e9e des <strong>Tabac liquide<\/strong>. Der majest\u00e4tisch-k\u00f6stliche Geschmack mit dem jeder zum K\u00f6nig wird! All unsere <strong>Liquides<\/strong> sont produits sur place chez nous et r\u00e9pondent aux normes de s\u00e9curit\u00e9 les plus strictes. Le site <strong>Royal Tabak Liquid<\/strong> est <strong>sans nicotine<\/strong> ainsi que dans diff\u00e9rents <strong>Taux de nicotine<\/strong> sont disponibles. Pour que le go\u00fbt se d\u00e9veloppe durablement, nous recommandons <strong>e-liquide<\/strong> Conserver \u00e0 l'abri de la lumi\u00e8re et dans un endroit sec.<\/p>","protected":false},"excerpt":{"rendered":"<p>Maintenant, \u00e7a devient royal : notre <strong>Royal Tabak Liquid<\/strong> vous apporte avec son puissant <strong>ar\u00f4me<\/strong> un royal <strong>Go\u00fbt de tabac<\/strong> - Le d\u00e9licieux pr\u00e9tendant au tr\u00f4ne du tabac !<\/p>","protected":false},"featured_media":319221,"comment_status":"open","ping_status":"closed","template":"","meta":{"_acf_changed":false,"_relevanssi_hide_post":"","_relevanssi_hide_content":"","_relevanssi_pin_for_all":"","_relevanssi_pin_keywords":"","_relevanssi_unpin_keywords":"","_relevanssi_related_keywords":"","_relevanssi_related_include_ids":"","_relevanssi_related_exclude_ids":"","_relevanssi_related_no_append":"","_relevanssi_related_not_related":"","_relevanssi_related_posts":"","_relevanssi_noindex_reason":""},"product_brand":[],"product_cat":[4731,4880,4842,4691],"product_tag":[4919,4915,5166,4917,4914,4918,5004,5182,6527,4920],"class_list":{"0":"post-303293","1":"product","2":"type-product","3":"status-publish","4":"has-post-thumbnail","6":"product_cat-alle-liquids-fur-e-zigaretten","7":"product_cat-liquids-ohne-sucralose","8":"product_cat-my-eliquid-liquids","9":"product_cat-tabak-liquids-e-zigarette","10":"product_tag-dampfer","11":"product_tag-e-liquid","12":"product_tag-e-zigarette","13":"product_tag-e-zigi","14":"product_tag-eliquid","15":"product_tag-ezigarette","16":"product_tag-nachfuellfluessigkeit","17":"product_tag-royal","18":"product_tag-tabak","19":"product_tag-verdampfer","20":"product_shipping_class-standard","22":"first","23":"instock","24":"taxable","25":"shipping-taxable","26":"purchasable","27":"product-type-variable"},"acf":[],"_links":{"self":[{"href":"https:\/\/my-eliquid.de\/fr\/wp-json\/wp\/v2\/product\/303293","targetHints":{"allow":["GET"]}}],"collection":[{"href":"https:\/\/my-eliquid.de\/fr\/wp-json\/wp\/v2\/product"}],"about":[{"href":"https:\/\/my-eliquid.de\/fr\/wp-json\/wp\/v2\/types\/product"}],"replies":[{"embeddable":true,"href":"https:\/\/my-eliquid.de\/fr\/wp-json\/wp\/v2\/comments?post=303293"}],"wp:featuredmedia":[{"embeddable":true,"href":"https:\/\/my-eliquid.de\/fr\/wp-json\/wp\/v2\/media\/319221"}],"wp:attachment":[{"href":"https:\/\/my-eliquid.de\/fr\/wp-json\/wp\/v2\/media?parent=303293"}],"wp:term":[{"taxonomy":"product_brand","embeddable":true,"href":"https:\/\/my-eliquid.de\/fr\/wp-json\/wp\/v2\/product_brand?post=303293"},{"taxonomy":"product_cat","embeddable":true,"href":"https:\/\/my-eliquid.de\/fr\/wp-json\/wp\/v2\/product_cat?post=303293"},{"taxonomy":"product_tag","embeddable":true,"href":"https:\/\/my-eliquid.de\/fr\/wp-json\/wp\/v2\/product_tag?post=303293"}],"curies":[{"name":"wp","href":"https:\/\/api.w.org\/{rel}","templated":true}]}}