{"id":303314,"date":"2017-09-05T00:00:00","date_gmt":"2017-09-04T22:00:00","guid":{"rendered":"https:\/\/my-eliquid.de\/shop\/tropical-heart-liquid\/"},"modified":"2025-11-25T13:54:00","modified_gmt":"2025-11-25T12:54:00","slug":"tropical-heart-liquid","status":"publish","type":"product","link":"https:\/\/my-eliquid.de\/fr\/shop\/tropical-heart-liquid\/","title":{"rendered":"Liquide Tropical Heart"},"content":{"rendered":"<p>Notre <strong>Liquide Tropical Heart<\/strong> avec son go\u00fbt cors\u00e9 <strong>go\u00fbt de rhum<\/strong> provient de la lign\u00e9e des <strong>Boissons Liquides<\/strong>. Cette vari\u00e9t\u00e9 incarne la l\u00e9g\u00e8ret\u00e9 des Cara\u00efbes. Cette boisson \u00e0 base de canne \u00e0 sucre ravit le palais. Tous nos liquides sont produits sur place et r\u00e9pondent aux normes de s\u00e9curit\u00e9 les plus strictes. Le <strong>Rhum liquide<\/strong> est sans nicotine et disponible en diff\u00e9rentes teneurs en nicotine. Pour un bon d\u00e9veloppement du go\u00fbt durable, nous recommandons de <strong>e-liquide<\/strong> Conserver \u00e0 l'abri de la lumi\u00e8re et dans un endroit sec.<\/p>","protected":false},"excerpt":{"rendered":"<p>C'est ici que bat le c\u0153ur des Cara\u00efbes ! Exotique <strong>go\u00fbt de rhum<\/strong> Avec une bonne dose de joie de vivre, notre Tropical Heart tr\u00e8s convoit\u00e9 garantit <strong>Rhum liquide<\/strong>.<\/p>","protected":false},"featured_media":319284,"comment_status":"open","ping_status":"closed","template":"","meta":{"_acf_changed":false,"_relevanssi_hide_post":"","_relevanssi_hide_content":"","_relevanssi_pin_for_all":"","_relevanssi_pin_keywords":"","_relevanssi_unpin_keywords":"","_relevanssi_related_keywords":"","_relevanssi_related_include_ids":"","_relevanssi_related_exclude_ids":"","_relevanssi_related_no_append":"","_relevanssi_related_not_related":"","_relevanssi_related_posts":"","_relevanssi_noindex_reason":""},"product_brand":[],"product_cat":[4731,4692,4689,4880,4842],"product_tag":[6716,5253,5411,6712,6929,5805,5792,6928],"class_list":{"0":"post-303314","1":"product","2":"type-product","3":"status-publish","4":"has-post-thumbnail","6":"product_cat-alle-liquids-fur-e-zigaretten","7":"product_cat-drinks-liquids-e-zigarette","8":"product_cat-eliquids","9":"product_cat-liquids-ohne-sucralose","10":"product_cat-my-eliquid-liquids","11":"product_tag-alle","12":"product_tag-drinks","13":"product_tag-e-zigaretten","14":"product_tag-fuer","15":"product_tag-heart","16":"product_tag-liquid","17":"product_tag-liquids","18":"product_tag-tropical","19":"product_shipping_class-standard","21":"first","22":"outofstock","23":"taxable","24":"shipping-taxable","25":"purchasable","26":"product-type-variable"},"acf":[],"_links":{"self":[{"href":"https:\/\/my-eliquid.de\/fr\/wp-json\/wp\/v2\/product\/303314","targetHints":{"allow":["GET"]}}],"collection":[{"href":"https:\/\/my-eliquid.de\/fr\/wp-json\/wp\/v2\/product"}],"about":[{"href":"https:\/\/my-eliquid.de\/fr\/wp-json\/wp\/v2\/types\/product"}],"replies":[{"embeddable":true,"href":"https:\/\/my-eliquid.de\/fr\/wp-json\/wp\/v2\/comments?post=303314"}],"wp:featuredmedia":[{"embeddable":true,"href":"https:\/\/my-eliquid.de\/fr\/wp-json\/wp\/v2\/media\/319284"}],"wp:attachment":[{"href":"https:\/\/my-eliquid.de\/fr\/wp-json\/wp\/v2\/media?parent=303314"}],"wp:term":[{"taxonomy":"product_brand","embeddable":true,"href":"https:\/\/my-eliquid.de\/fr\/wp-json\/wp\/v2\/product_brand?post=303314"},{"taxonomy":"product_cat","embeddable":true,"href":"https:\/\/my-eliquid.de\/fr\/wp-json\/wp\/v2\/product_cat?post=303314"},{"taxonomy":"product_tag","embeddable":true,"href":"https:\/\/my-eliquid.de\/fr\/wp-json\/wp\/v2\/product_tag?post=303314"}],"curies":[{"name":"wp","href":"https:\/\/api.w.org\/{rel}","templated":true}]}}