{"id":303326,"date":"2012-10-22T00:00:00","date_gmt":"2012-10-21T22:00:00","guid":{"rendered":"https:\/\/my-eliquid.de\/shop\/eierpunsch-liquid\/"},"modified":"2025-11-25T13:48:35","modified_gmt":"2025-11-25T12:48:35","slug":"eierpunsch-liquid","status":"publish","type":"product","link":"https:\/\/my-eliquid.de\/fr\/shop\/eierpunsch-liquid\/","title":{"rendered":"Liquide pour lait de poule"},"content":{"rendered":"<p>Notre <strong>Liquide pour lait de poule<\/strong> \u00fcberzeugt mit seinem cremig-lieblichen <strong>ar\u00f4me<\/strong> von warmen <strong>Lait de poule<\/strong> et est issu de la lign\u00e9e des <strong>Liquides sp\u00e9ciaux<\/strong>. Die k\u00f6stliche Verf\u00fchrung aus sahnigem <strong>Eigelb<\/strong>, k\u00f6stlichem <strong>Zucker<\/strong> und einer angenehmen Alkohol-Note \u2013 Lecker! All unsere <strong>Liquides<\/strong> sont produits sur place chez nous et r\u00e9pondent aux normes de s\u00e9curit\u00e9 les plus strictes. Le site <strong>Liquide pour lait de poule<\/strong> est <strong>sans nicotine<\/strong> ainsi que dans diff\u00e9rents <strong>Taux de nicotine<\/strong> sont disponibles. Pour que le go\u00fbt se d\u00e9veloppe durablement, nous recommandons <strong>e-liquide<\/strong> Conserver \u00e0 l'abri de la lumi\u00e8re et dans un endroit sec.<\/p>","protected":false},"excerpt":{"rendered":"<p>Wunderbar cremig, verf\u00fchrerisch s\u00fc\u00df und unschlagbar k\u00f6stlich: Unser <strong>Liquide pour lait de poule<\/strong> und sein lecker-aromatischer Mix aus Eigelb, Zucker &amp; einem Hauch <strong>alcool<\/strong>.<\/p>","protected":false},"featured_media":319327,"comment_status":"open","ping_status":"closed","template":"","meta":{"_acf_changed":false,"_relevanssi_hide_post":"","_relevanssi_hide_content":"","_relevanssi_pin_for_all":"","_relevanssi_pin_keywords":"","_relevanssi_unpin_keywords":"","_relevanssi_related_keywords":"","_relevanssi_related_include_ids":"","_relevanssi_related_exclude_ids":"","_relevanssi_related_no_append":"","_relevanssi_related_not_related":"","_relevanssi_related_posts":"","_relevanssi_noindex_reason":""},"product_brand":[],"product_cat":[4731,4689,4880,4842,4693],"product_tag":[4919,4915,5166,4917,5147,5146,6818,4914,4918,5004,4920,6819],"class_list":{"0":"post-303326","1":"product","2":"type-product","3":"status-publish","4":"has-post-thumbnail","6":"product_cat-alle-liquids-fur-e-zigaretten","7":"product_cat-eliquids","8":"product_cat-liquids-ohne-sucralose","9":"product_cat-my-eliquid-liquids","10":"product_cat-special-liquids-e-zigarette","11":"product_tag-dampfer","12":"product_tag-e-liquid","13":"product_tag-e-zigarette","14":"product_tag-e-zigi","15":"product_tag-eierlikoer","16":"product_tag-eierpunsch","17":"product_tag-elektrische","18":"product_tag-eliquid","19":"product_tag-ezigarette","20":"product_tag-nachfuellfluessigkeit","21":"product_tag-verdampfer","22":"product_tag-zigarette","23":"product_shipping_class-standard","25":"first","26":"outofstock","27":"taxable","28":"shipping-taxable","29":"purchasable","30":"product-type-variable"},"acf":[],"_links":{"self":[{"href":"https:\/\/my-eliquid.de\/fr\/wp-json\/wp\/v2\/product\/303326","targetHints":{"allow":["GET"]}}],"collection":[{"href":"https:\/\/my-eliquid.de\/fr\/wp-json\/wp\/v2\/product"}],"about":[{"href":"https:\/\/my-eliquid.de\/fr\/wp-json\/wp\/v2\/types\/product"}],"replies":[{"embeddable":true,"href":"https:\/\/my-eliquid.de\/fr\/wp-json\/wp\/v2\/comments?post=303326"}],"wp:featuredmedia":[{"embeddable":true,"href":"https:\/\/my-eliquid.de\/fr\/wp-json\/wp\/v2\/media\/319327"}],"wp:attachment":[{"href":"https:\/\/my-eliquid.de\/fr\/wp-json\/wp\/v2\/media?parent=303326"}],"wp:term":[{"taxonomy":"product_brand","embeddable":true,"href":"https:\/\/my-eliquid.de\/fr\/wp-json\/wp\/v2\/product_brand?post=303326"},{"taxonomy":"product_cat","embeddable":true,"href":"https:\/\/my-eliquid.de\/fr\/wp-json\/wp\/v2\/product_cat?post=303326"},{"taxonomy":"product_tag","embeddable":true,"href":"https:\/\/my-eliquid.de\/fr\/wp-json\/wp\/v2\/product_tag?post=303326"}],"curies":[{"name":"wp","href":"https:\/\/api.w.org\/{rel}","templated":true}]}}