{"id":303328,"date":"2013-09-04T00:00:00","date_gmt":"2013-09-03T22:00:00","guid":{"rendered":"https:\/\/my-eliquid.de\/shop\/fresh-woodruff-liquid\/"},"modified":"2025-11-25T13:49:27","modified_gmt":"2025-11-25T12:49:27","slug":"fresh-woodruff-liquid","status":"publish","type":"product","link":"https:\/\/my-eliquid.de\/fr\/shop\/fresh-woodruff-liquid\/","title":{"rendered":"Liquide Fresh Woodruff"},"content":{"rendered":"<p>Notre <strong>Liquide Fresh Woodruff<\/strong> \u00fcberzeugt mit seiner einzigartigen Mischung aus <strong>Eisminze<\/strong>, <strong>asp\u00e9rule odorante<\/strong> et <strong>menthol<\/strong> et est issu de la lign\u00e9e des <strong>Liquides sp\u00e9ciaux<\/strong>. Die dreifache Erfrischung: <strong>Eisminze, Waldmeister und Menthol<\/strong> \u2013 der absolute Frischekick! All unsere <strong>Liquides<\/strong> sont produits sur place chez nous et r\u00e9pondent aux normes de s\u00e9curit\u00e9 les plus strictes. Le site <strong>Liquide Fresh Woodruff<\/strong> est <strong>sans nicotine<\/strong> ainsi que dans diff\u00e9rents <strong>Taux de nicotine<\/strong> sont disponibles. Pour que le go\u00fbt se d\u00e9veloppe durablement, nous recommandons <strong>e-liquide<\/strong> Conserver \u00e0 l'abri de la lumi\u00e8re et dans un endroit sec.<\/p>","protected":false},"excerpt":{"rendered":"<p>Erfrischung gef\u00e4llig? Unser <strong>Liquide Fresh Woodruff<\/strong> sorgt f\u00fcr den erfrischenden, aromatischen Mix aus k\u00fchler <strong>Eisminze<\/strong>, k\u00f6stlichem <strong>asp\u00e9rule odorante<\/strong> &amp; frischem <strong>menthol<\/strong>!<\/p>","protected":false},"featured_media":319330,"comment_status":"open","ping_status":"closed","template":"","meta":{"_acf_changed":false,"_relevanssi_hide_post":"","_relevanssi_hide_content":"","_relevanssi_pin_for_all":"","_relevanssi_pin_keywords":"","_relevanssi_unpin_keywords":"","_relevanssi_related_keywords":"","_relevanssi_related_include_ids":"","_relevanssi_related_exclude_ids":"","_relevanssi_related_no_append":"","_relevanssi_related_not_related":"","_relevanssi_related_posts":"","_relevanssi_noindex_reason":""},"product_brand":[],"product_cat":[4731,4689,4880,4842,4693],"product_tag":[4919,4915,5166,4917,4914,4918,5004,5200,4920],"class_list":{"0":"post-303328","1":"product","2":"type-product","3":"status-publish","4":"has-post-thumbnail","6":"product_cat-alle-liquids-fur-e-zigaretten","7":"product_cat-eliquids","8":"product_cat-liquids-ohne-sucralose","9":"product_cat-my-eliquid-liquids","10":"product_cat-special-liquids-e-zigarette","11":"product_tag-dampfer","12":"product_tag-e-liquid","13":"product_tag-e-zigarette","14":"product_tag-e-zigi","15":"product_tag-eliquid","16":"product_tag-ezigarette","17":"product_tag-nachfuellfluessigkeit","18":"product_tag-summersplash","19":"product_tag-verdampfer","20":"product_shipping_class-standard","22":"first","23":"outofstock","24":"taxable","25":"shipping-taxable","26":"purchasable","27":"product-type-variable"},"acf":[],"_links":{"self":[{"href":"https:\/\/my-eliquid.de\/fr\/wp-json\/wp\/v2\/product\/303328","targetHints":{"allow":["GET"]}}],"collection":[{"href":"https:\/\/my-eliquid.de\/fr\/wp-json\/wp\/v2\/product"}],"about":[{"href":"https:\/\/my-eliquid.de\/fr\/wp-json\/wp\/v2\/types\/product"}],"replies":[{"embeddable":true,"href":"https:\/\/my-eliquid.de\/fr\/wp-json\/wp\/v2\/comments?post=303328"}],"wp:featuredmedia":[{"embeddable":true,"href":"https:\/\/my-eliquid.de\/fr\/wp-json\/wp\/v2\/media\/319330"}],"wp:attachment":[{"href":"https:\/\/my-eliquid.de\/fr\/wp-json\/wp\/v2\/media?parent=303328"}],"wp:term":[{"taxonomy":"product_brand","embeddable":true,"href":"https:\/\/my-eliquid.de\/fr\/wp-json\/wp\/v2\/product_brand?post=303328"},{"taxonomy":"product_cat","embeddable":true,"href":"https:\/\/my-eliquid.de\/fr\/wp-json\/wp\/v2\/product_cat?post=303328"},{"taxonomy":"product_tag","embeddable":true,"href":"https:\/\/my-eliquid.de\/fr\/wp-json\/wp\/v2\/product_tag?post=303328"}],"curies":[{"name":"wp","href":"https:\/\/api.w.org\/{rel}","templated":true}]}}