{"id":303330,"date":"2017-09-05T00:00:00","date_gmt":"2017-09-04T22:00:00","guid":{"rendered":"https:\/\/my-eliquid.de\/shop\/vanilla-cream-liquid\/"},"modified":"2026-02-20T12:59:36","modified_gmt":"2026-02-20T11:59:36","slug":"vanilla-cream-liquid","status":"publish","type":"product","link":"https:\/\/my-eliquid.de\/fr\/shop\/vanilla-cream-liquid\/","title":{"rendered":"Liquide \u00e0 la cr\u00e8me vanille"},"content":{"rendered":"<p>Notre <strong>Liquide \u00e0 la cr\u00e8me vanille<\/strong> mit seinem cremigen <strong>Vanillegeschmack<\/strong> provient de la lign\u00e9e des <strong>liquides sucr\u00e9s<\/strong>. Himmlisch leichter Dessertgenuss sorgt f\u00fcr duftende <strong>Clouds<\/strong>! All unsere Fl\u00fcssigkeiten werden bei uns vor Ort produziert und entsprechen h\u00f6chsten Sicherheitsstandards. Das <strong>Vanillecreme Liquid<\/strong> est sans nicotine et disponible en diff\u00e9rentes teneurs en nicotine. Pour un bon d\u00e9veloppement du go\u00fbt durable, nous recommandons de <strong>e-liquide<\/strong> Conserver \u00e0 l'abri de la lumi\u00e8re et dans un endroit sec.<\/p>","protected":false},"excerpt":{"rendered":"<p>On a envie de s'y allonger. Une d\u00e9licate cr\u00e8me \u00e0 la vanille vous comble dans notre <strong>Liquide \u00e0 la cr\u00e8me vanille<\/strong>. Et ne se d\u00e9pose certainement pas sur les hanches.<\/p>","protected":false},"featured_media":319334,"comment_status":"open","ping_status":"closed","template":"","meta":{"_acf_changed":false,"_relevanssi_hide_post":"","_relevanssi_hide_content":"","_relevanssi_pin_for_all":"","_relevanssi_pin_keywords":"","_relevanssi_unpin_keywords":"","_relevanssi_related_keywords":"","_relevanssi_related_include_ids":"","_relevanssi_related_exclude_ids":"","_relevanssi_related_no_append":"","_relevanssi_related_not_related":"","_relevanssi_related_posts":"","_relevanssi_noindex_reason":""},"product_brand":[],"product_cat":[4731,4689,4880,4842,4706],"product_tag":[6716,5108,5411,6712,5805,5792,6584,6059],"class_list":{"0":"post-303330","1":"product","2":"type-product","3":"status-publish","4":"has-post-thumbnail","6":"product_cat-alle-liquids-fur-e-zigaretten","7":"product_cat-eliquids","8":"product_cat-liquids-ohne-sucralose","9":"product_cat-my-eliquid-liquids","10":"product_cat-suesse-liquids-e-zigarette","11":"product_tag-alle","12":"product_tag-cream","13":"product_tag-e-zigaretten","14":"product_tag-fuer","15":"product_tag-liquid","16":"product_tag-liquids","17":"product_tag-suesse","18":"product_tag-vanilla","19":"product_shipping_class-standard","21":"first","22":"instock","23":"taxable","24":"shipping-taxable","25":"purchasable","26":"product-type-variable"},"acf":[],"_links":{"self":[{"href":"https:\/\/my-eliquid.de\/fr\/wp-json\/wp\/v2\/product\/303330","targetHints":{"allow":["GET"]}}],"collection":[{"href":"https:\/\/my-eliquid.de\/fr\/wp-json\/wp\/v2\/product"}],"about":[{"href":"https:\/\/my-eliquid.de\/fr\/wp-json\/wp\/v2\/types\/product"}],"replies":[{"embeddable":true,"href":"https:\/\/my-eliquid.de\/fr\/wp-json\/wp\/v2\/comments?post=303330"}],"wp:featuredmedia":[{"embeddable":true,"href":"https:\/\/my-eliquid.de\/fr\/wp-json\/wp\/v2\/media\/319334"}],"wp:attachment":[{"href":"https:\/\/my-eliquid.de\/fr\/wp-json\/wp\/v2\/media?parent=303330"}],"wp:term":[{"taxonomy":"product_brand","embeddable":true,"href":"https:\/\/my-eliquid.de\/fr\/wp-json\/wp\/v2\/product_brand?post=303330"},{"taxonomy":"product_cat","embeddable":true,"href":"https:\/\/my-eliquid.de\/fr\/wp-json\/wp\/v2\/product_cat?post=303330"},{"taxonomy":"product_tag","embeddable":true,"href":"https:\/\/my-eliquid.de\/fr\/wp-json\/wp\/v2\/product_tag?post=303330"}],"curies":[{"name":"wp","href":"https:\/\/api.w.org\/{rel}","templated":true}]}}