{"id":304812,"date":"2011-10-28T00:00:00","date_gmt":"2011-10-27T22:00:00","guid":{"rendered":"https:\/\/my-eliquid.de\/shop\/polyethylenglycol-peg400-liquid-base-ohne-nikotin-0mg\/"},"modified":"2026-02-04T10:17:54","modified_gmt":"2026-02-04T09:17:54","slug":"polyethylenglycol-peg400-liquid-base-ohne-nikotin-0mg","status":"publish","type":"product","link":"https:\/\/my-eliquid.de\/fr\/shop\/polyethylenglycol-peg400-liquid-base-ohne-nikotin-0mg\/","title":{"rendered":"Poly\u00e9thyl\u00e8ne glycol 400 (PEG 400) base liquide pure sans nicotine 0 mg"},"content":{"rendered":"<p>Seule la manipulation par des personnes exp\u00e9riment\u00e9es et exerc\u00e9es est recommand\u00e9e.<br \/>\nCes articles sont utilis\u00e9s pour <strong>M\u00e9langes<\/strong> ou pour les diluer, mais pas pour une consommation imm\u00e9diate.<\/p>\n<p><span style=\"color: #ff0000;\">Attention ! !! Conserver hors de port\u00e9e des enfants ! !!<\/span><\/p>\n<p>Informations juridiques sur l'utilisation<br \/>\nCes articles sont l\u00e9galement des produits chimiques. Ces produits chimiques sont utilis\u00e9s pour la fabrication de<strong> Recharges liquides ou e-liquides<\/strong> sont utilis\u00e9s dans ce but. C'est uniquement pour cet usage que ces produits chimiques sont propos\u00e9s et vendus \u00e0 des acheteurs avertis. L'utilisation appropri\u00e9e rel\u00e8ve de la responsabilit\u00e9 de l'acheteur.<\/p>\n<p>Ces produits chimiques ne sont pas des m\u00e9dicaments ou des aliments et ne sont pas encore destin\u00e9s \u00e0 \u00eatre ing\u00e9r\u00e9s par un consommateur final sous la forme que nous proposons. Nous ne donnons pas non plus de conseils de pr\u00e9paration ou de<strong> Instructions de dosage<\/strong>. L'utilisation et la prise se font \u00e0 vos propres risques.<\/p>\n<p>my-eLiquid n'est pas responsable des dommages \u00e0 la sant\u00e9, par exemple dus \u00e0 une mauvaise utilisation.<\/p>\n<p>Ces articles ne peuvent \u00eatre command\u00e9s que si l'acheteur dispose de la <strong>Exp\u00e9rience<\/strong> de la manipulation de ces produits chimiques et mati\u00e8res premi\u00e8res.<\/p>","protected":false},"excerpt":{"rendered":"<p>Ihre my-eLiquid <strong>Polyethylenglycol 400 (PEG 400) Basis<\/strong> zur Herstellung von eigenen <strong>eLiquides<\/strong>. Auch geeignet um bestehende Liquids zu verd\u00fcnnen oder auch den <strong>Teneur en nicotine<\/strong> individuell zu ver\u00e4ndern. Ihre Basis wird in einer <span style=\"color: #339966\"><strong>Bouteille en PET brun<\/strong><\/span> livr\u00e9.<\/p>","protected":false},"featured_media":319843,"comment_status":"open","ping_status":"closed","template":"","meta":{"_acf_changed":false,"_relevanssi_hide_post":"","_relevanssi_hide_content":"","_relevanssi_pin_for_all":"","_relevanssi_pin_keywords":"","_relevanssi_unpin_keywords":"","_relevanssi_related_keywords":"","_relevanssi_related_include_ids":"","_relevanssi_related_exclude_ids":"","_relevanssi_related_no_append":"","_relevanssi_related_not_related":"","_relevanssi_related_posts":"","_relevanssi_noindex_reason":""},"product_brand":[],"product_cat":[4732,4695,4698],"product_tag":[7413,4973,4919,4915,5166,4917,4914,7123,4918,4974,5004,1396,7122,7414,4920],"class_list":{"0":"post-304812","1":"product","2":"type-product","3":"status-publish","4":"has-post-thumbnail","6":"product_cat-alle-basen-fur-liquids","7":"product_cat-diy-liquid-basen","8":"product_cat-polyethylenglycol400-peg400-basis","9":"product_tag-7413","10":"product_tag-dab","11":"product_tag-dampfer","12":"product_tag-e-liquid","13":"product_tag-e-zigarette","14":"product_tag-e-zigi","15":"product_tag-eliquid","16":"product_tag-eur","17":"product_tag-ezigarette","18":"product_tag-hersteller","19":"product_tag-nachfuellfluessigkeit","20":"product_tag-peg","21":"product_tag-ph","22":"product_tag-polyethylenglycol","23":"product_tag-verdampfer","24":"product_shipping_class-standard","26":"first","27":"outofstock","28":"taxable","29":"shipping-taxable","30":"purchasable","31":"product-type-variable"},"acf":[],"_links":{"self":[{"href":"https:\/\/my-eliquid.de\/fr\/wp-json\/wp\/v2\/product\/304812","targetHints":{"allow":["GET"]}}],"collection":[{"href":"https:\/\/my-eliquid.de\/fr\/wp-json\/wp\/v2\/product"}],"about":[{"href":"https:\/\/my-eliquid.de\/fr\/wp-json\/wp\/v2\/types\/product"}],"replies":[{"embeddable":true,"href":"https:\/\/my-eliquid.de\/fr\/wp-json\/wp\/v2\/comments?post=304812"}],"wp:featuredmedia":[{"embeddable":true,"href":"https:\/\/my-eliquid.de\/fr\/wp-json\/wp\/v2\/media\/319843"}],"wp:attachment":[{"href":"https:\/\/my-eliquid.de\/fr\/wp-json\/wp\/v2\/media?parent=304812"}],"wp:term":[{"taxonomy":"product_brand","embeddable":true,"href":"https:\/\/my-eliquid.de\/fr\/wp-json\/wp\/v2\/product_brand?post=304812"},{"taxonomy":"product_cat","embeddable":true,"href":"https:\/\/my-eliquid.de\/fr\/wp-json\/wp\/v2\/product_cat?post=304812"},{"taxonomy":"product_tag","embeddable":true,"href":"https:\/\/my-eliquid.de\/fr\/wp-json\/wp\/v2\/product_tag?post=304812"}],"curies":[{"name":"wp","href":"https:\/\/api.w.org\/{rel}","templated":true}]}}