{"id":304815,"date":"2011-11-10T00:00:00","date_gmt":"2011-11-09T23:00:00","guid":{"rendered":"https:\/\/my-eliquid.de\/shop\/liquid-base-fertigmischung-ohne-nikotin-0mg\/"},"modified":"2026-04-10T14:50:50","modified_gmt":"2026-04-10T12:50:50","slug":"liquid-base-fertigmischung-ohne-nikotin-0mg","status":"publish","type":"product","link":"https:\/\/my-eliquid.de\/fr\/shop\/liquid-base-fertigmischung-ohne-nikotin-0mg\/","title":{"rendered":"M\u00e9lange pr\u00eat \u00e0 l'emploi Liquid Base 0 mg"},"content":{"rendered":"<p>Contenu : glyc\u00e9rine purement v\u00e9g\u00e9tale (<strong>VG - glyc\u00e9rine v\u00e9g\u00e9tale<\/strong>) E422 (<strong>DAB, Ph. Eur.<\/strong>), le propyl\u00e8ne glycol (<strong>PG<\/strong>) E1520 (<strong>Ph. Eur.<\/strong>), de l'eau et <strong>0 mg par ml Teneur en nicotine<\/strong>.<br \/>\nSeule la manipulation par des personnes exp\u00e9riment\u00e9es et exerc\u00e9es est recommand\u00e9e.<br \/>\nCes articles sont utilis\u00e9s pour <strong>M\u00e9langes<\/strong> ou pour les diluer, mais pas pour une consommation imm\u00e9diate.<\/p>\n<p><span style=\"color: #ff0000;\">Attention ! !! Conserver hors de port\u00e9e des enfants ! !!<\/span><\/p>\n<p>Informations juridiques sur l'utilisation<br \/>\nCes articles sont l\u00e9galement des produits chimiques. Ces produits chimiques sont utilis\u00e9s pour la fabrication de<strong> Recharges liquides ou e-liquides<\/strong> sont utilis\u00e9s dans ce but. C'est uniquement pour cet usage que ces produits chimiques sont propos\u00e9s et vendus \u00e0 des acheteurs avertis. L'utilisation appropri\u00e9e rel\u00e8ve de la responsabilit\u00e9 de l'acheteur.<\/p>\n<p>Ces produits chimiques ne sont pas des m\u00e9dicaments ou des aliments et ne sont pas encore destin\u00e9s \u00e0 \u00eatre ing\u00e9r\u00e9s par un consommateur final sous la forme que nous proposons. Nous ne donnons pas non plus de conseils de pr\u00e9paration ou de<strong> Instructions de dosage<\/strong>. L'utilisation et la prise se font \u00e0 vos propres risques.<\/p>\n<p>my-eLiquid n'est pas responsable des dommages \u00e0 la sant\u00e9, par exemple dus \u00e0 une mauvaise utilisation.<\/p>\n<p>Ces articles ne peuvent \u00eatre command\u00e9s que si l'acheteur dispose de la <strong>Exp\u00e9rience<\/strong> de la manipulation de ces produits chimiques et mati\u00e8res premi\u00e8res.<\/p>\n<p><span style=\"text-decoration: underline;\"><strong>L\u00e9gende :<br \/>\n<\/strong><\/span><br \/>\nPG :\u00a0<strong>1,2-propyl\u00e8ne glycol<\/strong> (PG) E1520 (Ph. Eur.) pur<br \/>\nVG :\u00a0<strong>glyc\u00e9rine purement v\u00e9g\u00e9tale<\/strong> (VG) E422 (DAB), N\u00b0 CAS D\u00e9signation 56-81-5 <strong>Glyc\u00e9rine<\/strong> 99,5%<br \/>\nde l'eau : \u00a0<strong>Aqua Purificata<\/strong> Ph.Eur. \/ Bidest<\/p>\n<p>la nicotine : <strong>0mg \/ ml (sans nicotine)<br \/>\n<\/strong><\/p>","protected":false},"excerpt":{"rendered":"<p>V\u00f4tre <strong>M\u00e9lange Pure eLiquid\u00ae sans nicotine<\/strong>, pr\u00eat pour la <strong>Auto-aromatisation<\/strong>. Convient \u00e9galement pour les <strong>Liquides<\/strong> \u00e0 <strong>diluer<\/strong> ou encore de modifier individuellement la teneur en nicotine. Votre <strong>m\u00e9lange pr\u00eat \u00e0 l'emploi<\/strong> est utilis\u00e9 dans une <span style=\"color: #339966\"><strong><strong>Bouteille en PET brun<\/strong><\/strong><\/span>\u00a0livr\u00e9.<\/p>","protected":false},"featured_media":319565,"comment_status":"open","ping_status":"closed","template":"","meta":{"_acf_changed":false,"_relevanssi_hide_post":"","_relevanssi_hide_content":"","_relevanssi_pin_for_all":"","_relevanssi_pin_keywords":"","_relevanssi_unpin_keywords":"","_relevanssi_related_keywords":"","_relevanssi_related_include_ids":"","_relevanssi_related_exclude_ids":"","_relevanssi_related_no_append":"","_relevanssi_related_not_related":"","_relevanssi_related_posts":"","_relevanssi_noindex_reason":""},"product_brand":[],"product_cat":[4732,4695,4700],"product_tag":[7159,1454,1453,6716,6738,5124,6717,5118,6712,5805,5792,5811,6722,1393,1414],"class_list":{"0":"post-304815","1":"product","2":"type-product","3":"status-publish","4":"has-post-thumbnail","6":"product_cat-alle-basen-fur-liquids","7":"product_cat-diy-liquid-basen","8":"product_cat-liquid-basis-fertigmischung","9":"product_tag-0mg","10":"product_tag-1454","11":"product_tag-1453","12":"product_tag-alle","13":"product_tag-base","14":"product_tag-basen","15":"product_tag-diy","16":"product_tag-fertigmischung","17":"product_tag-fuer","18":"product_tag-liquid","19":"product_tag-liquids","20":"product_tag-nikotin","21":"product_tag-ohne","22":"product_tag-pg","23":"product_tag-vg","24":"product_shipping_class-standard","26":"first","27":"instock","28":"taxable","29":"shipping-taxable","30":"purchasable","31":"product-type-variable"},"acf":[],"_links":{"self":[{"href":"https:\/\/my-eliquid.de\/fr\/wp-json\/wp\/v2\/product\/304815","targetHints":{"allow":["GET"]}}],"collection":[{"href":"https:\/\/my-eliquid.de\/fr\/wp-json\/wp\/v2\/product"}],"about":[{"href":"https:\/\/my-eliquid.de\/fr\/wp-json\/wp\/v2\/types\/product"}],"replies":[{"embeddable":true,"href":"https:\/\/my-eliquid.de\/fr\/wp-json\/wp\/v2\/comments?post=304815"}],"wp:featuredmedia":[{"embeddable":true,"href":"https:\/\/my-eliquid.de\/fr\/wp-json\/wp\/v2\/media\/319565"}],"wp:attachment":[{"href":"https:\/\/my-eliquid.de\/fr\/wp-json\/wp\/v2\/media?parent=304815"}],"wp:term":[{"taxonomy":"product_brand","embeddable":true,"href":"https:\/\/my-eliquid.de\/fr\/wp-json\/wp\/v2\/product_brand?post=304815"},{"taxonomy":"product_cat","embeddable":true,"href":"https:\/\/my-eliquid.de\/fr\/wp-json\/wp\/v2\/product_cat?post=304815"},{"taxonomy":"product_tag","embeddable":true,"href":"https:\/\/my-eliquid.de\/fr\/wp-json\/wp\/v2\/product_tag?post=304815"}],"curies":[{"name":"wp","href":"https:\/\/api.w.org\/{rel}","templated":true}]}}