{"id":304980,"date":"2020-05-28T00:00:00","date_gmt":"2020-05-27T22:00:00","guid":{"rendered":"https:\/\/my-eliquid.de\/shop\/dotmod-dotaio-rba-einheit\/"},"modified":"2026-03-25T09:05:57","modified_gmt":"2026-03-25T08:05:57","slug":"dotmod-dotaio-rba-einheit","status":"publish","type":"product","link":"https:\/\/my-eliquid.de\/fr\/shop\/dotmod-dotaio-rba-einheit\/","title":{"rendered":"DotMod | Unit\u00e9 dotAIO RBA"},"content":{"rendered":"<p>Unit\u00e9 RBA DotMod dotAIO<\/p>\n<p>Avec l'unit\u00e9 RBA, le kit DotMod dotAIO peut \u00eatre utilis\u00e9 comme syst\u00e8me de pod \u00e0 auto-enroulement. L'unit\u00e9 d'auto-enroulement a un pont postless pour les enroulements personnels.\u00a0<span>Le plateau d'enroulement est con\u00e7u pour un seul enroulement (single coil). Le flux d'air peut \u00e9galement \u00eatre r\u00e9gl\u00e9 \u00e0 l'aide du contr\u00f4le de flux d'air \u00e0 quatre positions sur la base du RBA.<\/span><\/p>\n<p><span>Avec l'adaptateur 510, n'importe quel outil de bobinage et support de batterie peut \u00eatre utilis\u00e9 pour recuire les fils et mesurer la r\u00e9sistance du coil.\u00a0<\/span>De plus, un pod suppl\u00e9mentaire est inclus, avec un volume de remplissage de 2,7 ml.<\/p>\n<h3><span>Caract\u00e9ristiques du DotMod dotAio RBA<\/span><\/h3>\n<ul>\n<li><span>Pont sans poste<\/span><\/li>\n<li><span>Singe Coil<\/span><\/li>\n<li>contr\u00f4le de l'airflow r\u00e9glable<\/li>\n<li>Adaptateur 510 pour outil de bobinage\/support d'accus<\/li>\n<li>volume de remplissage 2,7ml<\/li>\n<\/ul>","protected":false},"excerpt":{"rendered":"<p>Unit\u00e9 RBA DotMod dotAIO avec pod 2,7ml de volume de remplissage et un adaptateur 510 pour traiter les coils.<\/p>","protected":false},"featured_media":319355,"comment_status":"open","ping_status":"closed","template":"","meta":{"_acf_changed":false,"_relevanssi_hide_post":"","_relevanssi_hide_content":"","_relevanssi_pin_for_all":"","_relevanssi_pin_keywords":"","_relevanssi_unpin_keywords":"","_relevanssi_related_keywords":"","_relevanssi_related_include_ids":"","_relevanssi_related_exclude_ids":"","_relevanssi_related_no_append":"","_relevanssi_related_not_related":"","_relevanssi_related_posts":"","_relevanssi_noindex_reason":""},"product_brand":[],"product_cat":[4887,4713,4781,4780,4789,4719,4774],"product_tag":[6355,6353,5411,6108,7627,5251,4920,4982],"class_list":{"0":"post-304980","1":"product","2":"type-product","3":"status-publish","4":"has-post-thumbnail","6":"product_cat-dotmod","7":"product_cat-e-zigaretten","8":"product_cat-e-zigaretten-hersteller","9":"product_cat-ersatzteile","10":"product_cat-selbstwickler-1","11":"product_cat-selbstwickler-dampfer","12":"product_cat-verdampfer","13":"product_tag-dotaio","14":"product_tag-dotmod","15":"product_tag-e-zigaretten","16":"product_tag-ersatzteile","17":"product_tag-rba-einheit","18":"product_tag-selbstwickler","19":"product_tag-verdampfer","20":"product_tag-zubehoer","21":"product_shipping_class-standard","23":"first","24":"outofstock","25":"taxable","26":"shipping-taxable","27":"purchasable","28":"product-type-simple"},"acf":[],"_links":{"self":[{"href":"https:\/\/my-eliquid.de\/fr\/wp-json\/wp\/v2\/product\/304980","targetHints":{"allow":["GET"]}}],"collection":[{"href":"https:\/\/my-eliquid.de\/fr\/wp-json\/wp\/v2\/product"}],"about":[{"href":"https:\/\/my-eliquid.de\/fr\/wp-json\/wp\/v2\/types\/product"}],"replies":[{"embeddable":true,"href":"https:\/\/my-eliquid.de\/fr\/wp-json\/wp\/v2\/comments?post=304980"}],"wp:featuredmedia":[{"embeddable":true,"href":"https:\/\/my-eliquid.de\/fr\/wp-json\/wp\/v2\/media\/319355"}],"wp:attachment":[{"href":"https:\/\/my-eliquid.de\/fr\/wp-json\/wp\/v2\/media?parent=304980"}],"wp:term":[{"taxonomy":"product_brand","embeddable":true,"href":"https:\/\/my-eliquid.de\/fr\/wp-json\/wp\/v2\/product_brand?post=304980"},{"taxonomy":"product_cat","embeddable":true,"href":"https:\/\/my-eliquid.de\/fr\/wp-json\/wp\/v2\/product_cat?post=304980"},{"taxonomy":"product_tag","embeddable":true,"href":"https:\/\/my-eliquid.de\/fr\/wp-json\/wp\/v2\/product_tag?post=304980"}],"curies":[{"name":"wp","href":"https:\/\/api.w.org\/{rel}","templated":true}]}}