{"id":304999,"date":"2023-04-20T00:00:00","date_gmt":"2023-04-19T22:00:00","guid":{"rendered":"https:\/\/my-eliquid.de\/shop\/oxva-xlim-c-pod-kit\/"},"modified":"2025-11-25T13:52:01","modified_gmt":"2025-11-25T12:52:01","slug":"oxva-xlim-c-pod-kit","status":"publish","type":"product","link":"https:\/\/my-eliquid.de\/fr\/shop\/oxva-xlim-c-pod-kit\/","title":{"rendered":"Oxva | Xlim C | 900 mAh | 2 ml | Kit pod"},"content":{"rendered":"<p>Der neue Xlim C von OXVA &#8211; kompakt, schlank und leicht, so pr\u00e4sentiert sich das Xlim C Pod System von Oxva im ergonomischen Stick-Format.<\/p>\n<p>Klein und winzig<\/p>\n<p>Das OXVA Xlim C Pod Kit bietet kompakte Abmessungen von nur 114,5 mm x 24,0 mm x 14,0 mm, was den Ma\u00dfen eines Standard-Highlighters entspricht &#8211; perfekt f\u00fcr die Hosentasche. Das aus einer hochwertigen Aluminiumlegierung und PCTG gefertigte Kit liegt perfekt in der Hand und ist einfach und bequem zu bedienen.<\/p>\n<p>Stark und vielseitig<\/p>\n<p>Das OXVA Xlim C Pod System verf\u00fcgt \u00fcber einen integrierten 900mAh-Akku, der bequem \u00fcber den USB Typ-C Anschluss mit bis zu 2A aufgeladen werden kann. Neben dem integrierten Zugautomatik verf\u00fcgt der Xlim C auch \u00fcber einen ergonomischen Feuerknopf mit integrierter Kontrollleuchte, der das gesamte Set-up angenehm einfach gestaltet. Mit 5 Klicks l\u00e4sst sich das System ein- und ausschalten, mit 3 Klicks kann man je nach Coil-Widerstand eine von drei verschiedenen Leistungsstufen w\u00e4hlen (niedrig, mittel, hoch). 2 Klicks sperren\/entsperren die Feuertaste. Der hochmoderne Photon-Chip sorgt f\u00fcr h\u00f6chste Leistung beim Dampfen und hat alle wichtigen Schutzschaltungen an Bord.<\/p>\n<p>Dank der seitlichen Airflow-Einstellung kann der Zugwiderstand perfekt auf den Benutzer abgestimmt werden, zwischen strengem MTL (Backdampf) oder restriktivem Lungenzug.<\/p>\n<p>Offen oder klassisch<\/p>\n<p>Die OXVA Xlim X Pods haben ein F\u00fcllvolumen von 2ml und verf\u00fcgen \u00fcber eine komfortable Seitenbef\u00fcllung mit einer Silikonkappe. Die Pods sind mit den austauschbaren, geschmacksintensiven OXVA C Meshed Coils kompatibel, von denen insgesamt drei Coil-Varianten mit 0,6, 0,8 und 1,2 Ohm Widerstand erh\u00e4ltlich sind.<\/p>\n<p>Der 0,6 Ohm und 0,8 Ohm Coil sind bereits im Lieferumfang enthalten. Die 0,6 Ohm Spule ist f\u00fcr RDL-Dampfen im Bereich von 18 &#8211; 25 Watt ausgelegt, w\u00e4hrend die 0,8 Ohm Spule sowohl RDL- als auch MTL-Dampfen bei 12 &#8211; 17 Watt unterst\u00fctzt. Die 1,2 Ohm-Variante hingegen ist eindeutig f\u00fcr das klassische MTL-Rohdampfen bei 7 &#8211; 12 Watt ausgelegt.<\/p>\n<p><span><span>R\u00e9servoir OXVA Xlim C Pod<\/span><\/span><\/p>\n<ul>\n<li>Material: PCTG<\/li>\n<li>Anschluss: Plug&#038;Play<\/li>\n<li>F\u00fcllvolumen: 2ml<\/li>\n<li>Bef\u00fcllung: Side-Fill System<\/li>\n<li>Coils: OXVA Xlim C Coil<\/li>\n<\/ul>\n<p><span><span>OXVA Xlim C Mod<\/span><\/span><\/p>\n<ul>\n<li>Ma\u00dfe: 114,5mm x 24,0mm x 14,0mm<\/li>\n<li>Material: Aluminiumlegierung, PCTG<\/li>\n<li>Anschluss: Plug&#038;Play<\/li>\n<li>Akku: 900 mAh<\/li>\n<li>Ausgangsmodis: VW<\/li>\n<li>Laden: USB Typ-C 5V \/ 2A<\/li>\n<\/ul>","protected":false},"excerpt":{"rendered":"<p>R\u00e9servoir OXVA Xlim C Pod<\/p>","protected":false},"featured_media":319933,"comment_status":"open","ping_status":"closed","template":"","meta":{"_acf_changed":false,"_relevanssi_hide_post":"","_relevanssi_hide_content":"","_relevanssi_pin_for_all":"","_relevanssi_pin_keywords":"","_relevanssi_unpin_keywords":"","_relevanssi_related_keywords":"","_relevanssi_related_include_ids":"","_relevanssi_related_exclude_ids":"","_relevanssi_related_no_append":"","_relevanssi_related_not_related":"","_relevanssi_related_posts":"","_relevanssi_noindex_reason":""},"product_brand":[],"product_cat":[4713,4771,4781,4772,4886,4893,4722,4899,4793],"product_tag":[6811,7830,1391,6780,5411,6358,6712,6410,6999,6778,5859,6747,6779],"class_list":{"0":"post-304999","1":"product","2":"type-product","3":"status-publish","4":"has-post-thumbnail","6":"product_cat-e-zigaretten","7":"product_cat-e-zigaretten-fuer-einsteiger","8":"product_cat-e-zigaretten-hersteller","9":"product_cat-e-zigaretten-sets","10":"product_cat-lagerverkauf-hardware-sale","11":"product_cat-limetless-hardware","12":"product_cat-neuheiten","13":"product_cat-oxva","14":"product_cat-e-zigaretten-liquid-basen-aroma-vape-sale","15":"product_tag-2ml","16":"product_tag-7830","17":"product_tag-bitte","18":"product_tag-c","19":"product_tag-e-zigaretten","20":"product_tag-einsteiger","21":"product_tag-fuer","22":"product_tag-kit","23":"product_tag-mah","24":"product_tag-oxva","25":"product_tag-pod","26":"product_tag-sets","27":"product_tag-xlim","28":"product_shipping_class-standard","30":"first","31":"instock","32":"taxable","33":"shipping-taxable","34":"purchasable","35":"product-type-variable"},"acf":[],"_links":{"self":[{"href":"https:\/\/my-eliquid.de\/fr\/wp-json\/wp\/v2\/product\/304999","targetHints":{"allow":["GET"]}}],"collection":[{"href":"https:\/\/my-eliquid.de\/fr\/wp-json\/wp\/v2\/product"}],"about":[{"href":"https:\/\/my-eliquid.de\/fr\/wp-json\/wp\/v2\/types\/product"}],"replies":[{"embeddable":true,"href":"https:\/\/my-eliquid.de\/fr\/wp-json\/wp\/v2\/comments?post=304999"}],"wp:featuredmedia":[{"embeddable":true,"href":"https:\/\/my-eliquid.de\/fr\/wp-json\/wp\/v2\/media\/319933"}],"wp:attachment":[{"href":"https:\/\/my-eliquid.de\/fr\/wp-json\/wp\/v2\/media?parent=304999"}],"wp:term":[{"taxonomy":"product_brand","embeddable":true,"href":"https:\/\/my-eliquid.de\/fr\/wp-json\/wp\/v2\/product_brand?post=304999"},{"taxonomy":"product_cat","embeddable":true,"href":"https:\/\/my-eliquid.de\/fr\/wp-json\/wp\/v2\/product_cat?post=304999"},{"taxonomy":"product_tag","embeddable":true,"href":"https:\/\/my-eliquid.de\/fr\/wp-json\/wp\/v2\/product_tag?post=304999"}],"curies":[{"name":"wp","href":"https:\/\/api.w.org\/{rel}","templated":true}]}}