{"id":305001,"date":"2023-10-18T00:00:00","date_gmt":"2023-10-17T22:00:00","guid":{"rendered":"https:\/\/my-eliquid.de\/shop\/vaporesso-eco-nano-pod-kit\/"},"modified":"2025-11-25T13:54:29","modified_gmt":"2025-11-25T12:54:29","slug":"vaporesso-eco-nano-pod-kit","status":"publish","type":"product","link":"https:\/\/my-eliquid.de\/fr\/shop\/vaporesso-eco-nano-pod-kit\/","title":{"rendered":"Vaporesso | Eco Nano | Kit pod"},"content":{"rendered":"<p><strong>Kit Vaporesso Eco Nano Pod<\/strong> <\/p>\n<p>Le kit Vaporesso Eco Nano est con\u00e7u pour rendre le vapotage encore plus facile. La fonction de tirage automatique te permet de vaper en toute simplicit\u00e9, sans avoir \u00e0 te d\u00e9battre avec des r\u00e9glages difficiles. Sa forme fine le rend facile \u00e0 transporter dans la main ou dans la poche. Son design l\u00e9ger te permet de l'emporter partout, que tu sois en d\u00e9placement ou \u00e0 la maison pour profiter de la soir\u00e9e.<\/p>\n<p>Avec sa batterie int\u00e9gr\u00e9e d'une capacit\u00e9 de 1000mAh, l'Eco Nano offre une puissance continue pour un vapotage endurant. Gr\u00e2ce \u00e0 l'affichage LED, tu peux facilement garder un \u0153il sur l'\u00e9tat de la batterie et savoir quand il est temps de la recharger.<\/p>\n<h2>Les coils de l'Eco Nano<\/h2>\n<p>L'Eco Nano Pod est livr\u00e9 avec des coils Corex de premi\u00e8re qualit\u00e9, connus pour leur go\u00fbt exceptionnel et leur fort d\u00e9veloppement de vapeur. Ces t\u00eates d'\u00e9vaporation avec une r\u00e9sistance de 1,2 ou 0,8 ohms conviennent parfaitement \u00e0 l'Eco Nano. Les pods interchangeables rendent l'utilisation simple et te permettent de personnaliser tes pr\u00e9f\u00e9rences de vapeur.<\/p>\n<\/p>\n<p><strong>Toutes les donn\u00e9es :<\/strong><\/p>\n<ul>\n<li>volume du r\u00e9servoir : 6ml<\/li>\n<li>Batterie : 1000mAh<\/li>\n<li>Connexion USB-C<\/li>\n<li>Syst\u00e8me de remplissage par le haut<\/li>\n<li>Puissance : max. 25 watts<\/li>\n<li>Taille : 77mm x 18mm x 44,7mm<\/li>\n<\/ul>\n<p>\u00a0<\/p>","protected":false},"excerpt":{"rendered":"<p>Le <strong>Kit Vaporesso Eco Nano Pod<\/strong>\u00a0 Gr\u00e2ce \u00e0 son design fin et maniable, le kit Vaporesso Eco Nano Pod s\u00e9duit par son m\u00e9lange d'\u00e9l\u00e9gance, de mobilit\u00e9 et de facilit\u00e9 d'utilisation.<\/p>","protected":false},"featured_media":319897,"comment_status":"open","ping_status":"closed","template":"","meta":{"_acf_changed":false,"_relevanssi_hide_post":"","_relevanssi_hide_content":"","_relevanssi_pin_for_all":"","_relevanssi_pin_keywords":"","_relevanssi_unpin_keywords":"","_relevanssi_related_keywords":"","_relevanssi_related_include_ids":"","_relevanssi_related_exclude_ids":"","_relevanssi_related_no_append":"","_relevanssi_related_not_related":"","_relevanssi_related_posts":"","_relevanssi_noindex_reason":""},"product_brand":[],"product_cat":[4713,4771,4781,4772,4722,4810],"product_tag":[1391,5411,6970,6358,6712,4974,6410,6468,5859,6747,6051],"class_list":{"0":"post-305001","1":"product","2":"type-product","3":"status-publish","4":"has-post-thumbnail","6":"product_cat-e-zigaretten","7":"product_cat-e-zigaretten-fuer-einsteiger","8":"product_cat-e-zigaretten-hersteller","9":"product_cat-e-zigaretten-sets","10":"product_cat-neuheiten","11":"product_cat-vaporesso","12":"product_tag-bitte","13":"product_tag-e-zigaretten","14":"product_tag-eco","15":"product_tag-einsteiger","16":"product_tag-fuer","17":"product_tag-hersteller","18":"product_tag-kit","19":"product_tag-nano","20":"product_tag-pod","21":"product_tag-sets","22":"product_tag-vaporesso","23":"product_shipping_class-standard","25":"first","26":"instock","27":"taxable","28":"shipping-taxable","29":"purchasable","30":"product-type-variable"},"acf":[],"_links":{"self":[{"href":"https:\/\/my-eliquid.de\/fr\/wp-json\/wp\/v2\/product\/305001","targetHints":{"allow":["GET"]}}],"collection":[{"href":"https:\/\/my-eliquid.de\/fr\/wp-json\/wp\/v2\/product"}],"about":[{"href":"https:\/\/my-eliquid.de\/fr\/wp-json\/wp\/v2\/types\/product"}],"replies":[{"embeddable":true,"href":"https:\/\/my-eliquid.de\/fr\/wp-json\/wp\/v2\/comments?post=305001"}],"wp:featuredmedia":[{"embeddable":true,"href":"https:\/\/my-eliquid.de\/fr\/wp-json\/wp\/v2\/media\/319897"}],"wp:attachment":[{"href":"https:\/\/my-eliquid.de\/fr\/wp-json\/wp\/v2\/media?parent=305001"}],"wp:term":[{"taxonomy":"product_brand","embeddable":true,"href":"https:\/\/my-eliquid.de\/fr\/wp-json\/wp\/v2\/product_brand?post=305001"},{"taxonomy":"product_cat","embeddable":true,"href":"https:\/\/my-eliquid.de\/fr\/wp-json\/wp\/v2\/product_cat?post=305001"},{"taxonomy":"product_tag","embeddable":true,"href":"https:\/\/my-eliquid.de\/fr\/wp-json\/wp\/v2\/product_tag?post=305001"}],"curies":[{"name":"wp","href":"https:\/\/api.w.org\/{rel}","templated":true}]}}