{"id":305020,"date":"2018-10-11T00:00:00","date_gmt":"2018-10-10T22:00:00","guid":{"rendered":"https:\/\/my-eliquid.de\/shop\/justfog-minifit-einsteiger-1-6ohm-pod-system-e-zigarette\/"},"modified":"2026-04-10T10:34:36","modified_gmt":"2026-04-10T08:34:36","slug":"justfog-minifit-einsteiger-1-6ohm-pod-system-e-zigarette","status":"publish","type":"product","link":"https:\/\/my-eliquid.de\/fr\/shop\/justfog-minifit-einsteiger-1-6ohm-pod-system-e-zigarette\/","title":{"rendered":"JustFog | Minifit | e-cigarette | Appareil pour d\u00e9butants"},"content":{"rendered":"<p><strong>Passer de la cigarette au vapotage est plus facile avec ce petit appareil pratique !<\/strong><\/p>\n<p><strong>Le minifit de Just Fog<\/strong> est un <strong>rechargeable<\/strong> <strong>Syst\u00e8me de pod<\/strong> et peut \u00eatre rapidement utilis\u00e9 via <strong>Micro-USB charg\u00e9<\/strong> \u00eatre.<\/p>\n<p>\u00c9quip\u00e9 d'un <strong>pod de 1,5 ml<\/strong> et un<strong> batterie int\u00e9gr\u00e9e<\/strong> avec <strong>370mAh<\/strong> le<strong> Kit MINIFIT<\/strong> pas d'\u00e9normes capacit\u00e9s,<\/p>\n<p>mais offre \u00e0 l'utilisateur des performances suffisantes pour r\u00e9ussir la transition.<\/p>\n<p><strong>Contenu de la livraison : <\/strong><\/p>\n<p><strong>MINIFIT KIT en couleur choisie<\/strong><\/p>\n<p><strong> 1x c\u00e2ble de chargement du pod <\/strong><\/p>","protected":false},"excerpt":{"rendered":"<p><strong>Le minifit de Just Fog<\/strong> est un\u00a0<strong>PodSystem rechargeable<\/strong> et peut \u00eatre rapidement recharg\u00e9 via micro-USB. Le passage de la cigarette au vapotage est plus facile avec ce petit appareil pratique !\u00a0<\/p>","protected":false},"featured_media":319630,"comment_status":"open","ping_status":"closed","template":"","meta":{"_acf_changed":false,"_relevanssi_hide_post":"","_relevanssi_hide_content":"","_relevanssi_pin_for_all":"","_relevanssi_pin_keywords":"","_relevanssi_unpin_keywords":"","_relevanssi_related_keywords":"","_relevanssi_related_include_ids":"","_relevanssi_related_exclude_ids":"","_relevanssi_related_no_append":"","_relevanssi_related_not_related":"","_relevanssi_related_posts":"","_relevanssi_noindex_reason":""},"product_brand":[],"product_cat":[4713,4771,4781,4772,4822],"product_tag":[1391,5411,6358,7192,7190,6712,7189,6700,7191,6747],"class_list":{"0":"post-305020","1":"product","2":"type-product","3":"status-publish","4":"has-post-thumbnail","6":"product_cat-e-zigaretten","7":"product_cat-e-zigaretten-fuer-einsteiger","8":"product_cat-e-zigaretten-hersteller","9":"product_cat-e-zigaretten-sets","10":"product_cat-just-fog","11":"product_tag-bitte","12":"product_tag-e-zigaretten","13":"product_tag-einsteiger","14":"product_tag-einsteigergeaet","15":"product_tag-fog","16":"product_tag-fuer","17":"product_tag-just","18":"product_tag-justfog","19":"product_tag-minifit","20":"product_tag-sets","21":"product_shipping_class-standard","23":"first","24":"instock","25":"taxable","26":"shipping-taxable","27":"purchasable","28":"product-type-variable"},"acf":[],"_links":{"self":[{"href":"https:\/\/my-eliquid.de\/fr\/wp-json\/wp\/v2\/product\/305020","targetHints":{"allow":["GET"]}}],"collection":[{"href":"https:\/\/my-eliquid.de\/fr\/wp-json\/wp\/v2\/product"}],"about":[{"href":"https:\/\/my-eliquid.de\/fr\/wp-json\/wp\/v2\/types\/product"}],"replies":[{"embeddable":true,"href":"https:\/\/my-eliquid.de\/fr\/wp-json\/wp\/v2\/comments?post=305020"}],"wp:featuredmedia":[{"embeddable":true,"href":"https:\/\/my-eliquid.de\/fr\/wp-json\/wp\/v2\/media\/319630"}],"wp:attachment":[{"href":"https:\/\/my-eliquid.de\/fr\/wp-json\/wp\/v2\/media?parent=305020"}],"wp:term":[{"taxonomy":"product_brand","embeddable":true,"href":"https:\/\/my-eliquid.de\/fr\/wp-json\/wp\/v2\/product_brand?post=305020"},{"taxonomy":"product_cat","embeddable":true,"href":"https:\/\/my-eliquid.de\/fr\/wp-json\/wp\/v2\/product_cat?post=305020"},{"taxonomy":"product_tag","embeddable":true,"href":"https:\/\/my-eliquid.de\/fr\/wp-json\/wp\/v2\/product_tag?post=305020"}],"curies":[{"name":"wp","href":"https:\/\/api.w.org\/{rel}","templated":true}]}}